{"id":5868,"date":"2022-07-12T16:35:38","date_gmt":"2022-07-12T19:35:38","guid":{"rendered":"https:\/\/www.protec.com.br\/?post_type=product&#038;p=5868"},"modified":"2026-02-19T17:02:12","modified_gmt":"2026-02-19T20:02:12","slug":"capa-antichoque-silicone","status":"publish","type":"product","link":"https:\/\/www.protec.com.br\/es\/producto\/capa-antichoque-silicone\/","title":{"rendered":"FUNDA PROTECTORA DE SILICONA AZUL"},"content":{"rendered":"<p>Cobertura antichoque con un alto nivel de protecci\u00f3n; Hecho de silicona, ofrece un agarre suave y tambi\u00e9n protege su ox\u00edmetro; Recortes precisos y botones t\u00e1ctiles para acceder f\u00e1cilmente a todas las funciones del ox\u00edmetro. Producto exclusivo para los ox\u00edmetros Handy Sat TC y Handy Sat TCR.<\/p>","protected":false},"excerpt":{"rendered":"<p>Cobertura antichoque con un alto nivel de protecci\u00f3n; Hecho de silicona, ofrece un agarre suave y tambi\u00e9n protege su ox\u00edmetro; Recortes precisos y botones t\u00e1ctiles para acceder f\u00e1cilmente a todas las funciones del ox\u00edmetro. Producto exclusivo para los ox\u00edmetros Handy Sat TC y Handy Sat TCR.<\/p>\n<p>&nbsp;<\/p>\n<p>&nbsp;<\/p>","protected":false},"featured_media":29014,"template":"","meta":{"_acf_changed":false},"product_brand":[],"product_cat":[295],"product_tag":[209,205,207,206,208],"class_list":{"0":"post-5868","1":"product","2":"type-product","3":"status-publish","4":"has-post-thumbnail","6":"product_cat-oximetro-de-pulso-portatil","7":"product_tag-oximetria","8":"product_tag-oximetro","9":"product_tag-oximetro-baixa-perfusao","10":"product_tag-oximetro-de-pulso","11":"product_tag-teste-do-coracaozinho","13":"first","14":"instock","15":"virtual","16":"taxable","17":"purchasable","18":"product-type-simple"},"acf":[],"_links":{"self":[{"href":"https:\/\/www.protec.com.br\/es\/wp-json\/wp\/v2\/product\/5868","targetHints":{"allow":["GET"]}}],"collection":[{"href":"https:\/\/www.protec.com.br\/es\/wp-json\/wp\/v2\/product"}],"about":[{"href":"https:\/\/www.protec.com.br\/es\/wp-json\/wp\/v2\/types\/product"}],"version-history":[{"count":1,"href":"https:\/\/www.protec.com.br\/es\/wp-json\/wp\/v2\/product\/5868\/revisions"}],"predecessor-version":[{"id":43935,"href":"https:\/\/www.protec.com.br\/es\/wp-json\/wp\/v2\/product\/5868\/revisions\/43935"}],"wp:featuredmedia":[{"embeddable":true,"href":"https:\/\/www.protec.com.br\/es\/wp-json\/wp\/v2\/media\/29014"}],"wp:attachment":[{"href":"https:\/\/www.protec.com.br\/es\/wp-json\/wp\/v2\/media?parent=5868"}],"wp:term":[{"taxonomy":"product_brand","embeddable":true,"href":"https:\/\/www.protec.com.br\/es\/wp-json\/wp\/v2\/product_brand?post=5868"},{"taxonomy":"product_cat","embeddable":true,"href":"https:\/\/www.protec.com.br\/es\/wp-json\/wp\/v2\/product_cat?post=5868"},{"taxonomy":"product_tag","embeddable":true,"href":"https:\/\/www.protec.com.br\/es\/wp-json\/wp\/v2\/product_tag?post=5868"}],"curies":[{"name":"wp","href":"https:\/\/api.w.org\/{rel}","templated":true}]}}