{"id":5867,"date":"2022-07-12T16:28:13","date_gmt":"2022-07-12T19:28:13","guid":{"rendered":"https:\/\/www.protec.com.br\/?post_type=product&#038;p=5867"},"modified":"2026-02-19T17:02:14","modified_gmt":"2026-02-19T20:02:14","slug":"dock-station-oximetro-handy-sat-tc-tcr","status":"publish","type":"product","link":"https:\/\/www.protec.com.br\/es\/producto\/dock-station-oximetro-handy-sat-tc-tcr\/","title":{"rendered":"DOCK STATION PARA HANDY SAT TC\/TCR"},"content":{"rendered":"<h3 data-start=\"242\" data-end=\"298\">DOCK STATION \u2013 Suporte de Mesa para Handy Sat TC\/TCR<\/h3>\n<p data-start=\"300\" data-end=\"658\">A <strong data-start=\"302\" data-end=\"318\">Dock Station<\/strong> \u00e9 um suporte de mesa especialmente desenvolvido para garantir praticidade e efici\u00eancia no uso do ox\u00edmetro de pulso <strong data-start=\"434\" data-end=\"454\">Handy Sat TC\/TCR<\/strong>. Com design robusto e funcional, o acess\u00f3rio permite o funcionamento cont\u00ednuo do equipamento enquanto conectado \u00e0 rede el\u00e9trica, assegurando autonomia e estabilidade durante o monitoramento de pacientes.<\/p>\n<p data-start=\"660\" data-end=\"947\">Ideal para uso em ambientes cl\u00ednicos, hospitalares ou domiciliares, a <strong data-start=\"730\" data-end=\"746\">Dock Station<\/strong> facilita a organiza\u00e7\u00e3o do espa\u00e7o de trabalho e oferece maior seguran\u00e7a no manuseio do ox\u00edmetro. Seu encaixe preciso permite o posicionamento adequado do dispositivo, mantendo-o sempre pronto para uso.<\/p>\n<blockquote data-start=\"949\" data-end=\"1051\">\n<p data-start=\"951\" data-end=\"1051\"><strong data-start=\"951\" data-end=\"963\">Aten\u00e7\u00e3o:<\/strong> este produto <strong data-start=\"977\" data-end=\"1022\">n\u00e3o acompanha o ox\u00edmetro <a href=\"https:\/\/www.protec.com.br\/es\/producto\/oximetro-de-pulso-portatil-handy-sat-tcr\/\">Handy Sat TC\/TCR<\/a><\/strong>. Item vendido separadamente.<\/p>\n<\/blockquote>\n<h4 data-start=\"1053\" data-end=\"1080\">Principais benef\u00edcios:<\/h4>\n<ul data-start=\"1081\" data-end=\"1323\">\n<li data-start=\"1081\" data-end=\"1142\">\n<p data-start=\"1083\" data-end=\"1142\">Permite alimenta\u00e7\u00e3o el\u00e9trica cont\u00ednua do Handy Sat TC\/TCR<\/p>\n<\/li>\n<li data-start=\"1143\" data-end=\"1179\">\n<p data-start=\"1145\" data-end=\"1179\">Suporte de mesa est\u00e1vel e seguro<\/p>\n<\/li>\n<li data-start=\"1180\" data-end=\"1263\">\n<p data-start=\"1182\" data-end=\"1263\">Ideal para uso fixo em consult\u00f3rios, hospitais ou unidades de terapia intensiva<\/p>\n<\/li>\n<li data-start=\"1264\" data-end=\"1323\">\n<p data-start=\"1266\" data-end=\"1323\">Facilita a organiza\u00e7\u00e3o e o acesso r\u00e1pido ao equipamento<\/p>\n<\/li>\n<\/ul>\n<p data-start=\"1325\" data-end=\"1429\">Garanta mais praticidade e efici\u00eancia no seu ambiente de trabalho com a <strong data-start=\"1397\" data-end=\"1428\">Dock Station para Handy Sat<\/strong>.<\/p>","protected":false},"excerpt":{"rendered":"<p>A <strong data-start=\"302\" data-end=\"318\">Dock Station<\/strong> \u00e9 um suporte de mesa especialmente desenvolvido para garantir praticidade e efici\u00eancia no uso do ox\u00edmetro de pulso <strong data-start=\"434\" data-end=\"454\">Handy Sat TC\/TCR<\/strong>.<\/p>\n<p>&nbsp;<\/p>\n<p>&nbsp;<\/p>","protected":false},"featured_media":29013,"template":"","meta":{"_acf_changed":false},"product_brand":[],"product_cat":[295],"product_tag":[209,205,207,206,208],"class_list":{"0":"post-5867","1":"product","2":"type-product","3":"status-publish","4":"has-post-thumbnail","6":"product_cat-oximetro-de-pulso-portatil","7":"product_tag-oximetria","8":"product_tag-oximetro","9":"product_tag-oximetro-baixa-perfusao","10":"product_tag-oximetro-de-pulso","11":"product_tag-teste-do-coracaozinho","13":"first","14":"instock","15":"virtual","16":"taxable","17":"purchasable","18":"product-type-simple"},"acf":[],"_links":{"self":[{"href":"https:\/\/www.protec.com.br\/es\/wp-json\/wp\/v2\/product\/5867","targetHints":{"allow":["GET"]}}],"collection":[{"href":"https:\/\/www.protec.com.br\/es\/wp-json\/wp\/v2\/product"}],"about":[{"href":"https:\/\/www.protec.com.br\/es\/wp-json\/wp\/v2\/types\/product"}],"version-history":[{"count":3,"href":"https:\/\/www.protec.com.br\/es\/wp-json\/wp\/v2\/product\/5867\/revisions"}],"predecessor-version":[{"id":39485,"href":"https:\/\/www.protec.com.br\/es\/wp-json\/wp\/v2\/product\/5867\/revisions\/39485"}],"wp:featuredmedia":[{"embeddable":true,"href":"https:\/\/www.protec.com.br\/es\/wp-json\/wp\/v2\/media\/29013"}],"wp:attachment":[{"href":"https:\/\/www.protec.com.br\/es\/wp-json\/wp\/v2\/media?parent=5867"}],"wp:term":[{"taxonomy":"product_brand","embeddable":true,"href":"https:\/\/www.protec.com.br\/es\/wp-json\/wp\/v2\/product_brand?post=5867"},{"taxonomy":"product_cat","embeddable":true,"href":"https:\/\/www.protec.com.br\/es\/wp-json\/wp\/v2\/product_cat?post=5867"},{"taxonomy":"product_tag","embeddable":true,"href":"https:\/\/www.protec.com.br\/es\/wp-json\/wp\/v2\/product_tag?post=5867"}],"curies":[{"name":"wp","href":"https:\/\/api.w.org\/{rel}","templated":true}]}}