{"id":5801,"date":"2022-07-11T16:00:24","date_gmt":"2022-07-11T19:00:24","guid":{"rendered":"https:\/\/www.protec.com.br\/?post_type=product&#038;p=5801"},"modified":"2026-02-19T17:02:11","modified_gmt":"2026-02-19T20:02:11","slug":"certificado-de-calibracao-rastreavel-handy-press","status":"publish","type":"product","link":"https:\/\/www.protec.com.br\/es\/producto\/certificado-de-calibracao-rastreavel-handy-press\/","title":{"rendered":"CERTIFICADO DE CALIBRA\u00c7\u00c3O RASTRE\u00c1VEL HANDY PRESS"},"content":{"rendered":"<p>CERTIFICADO DE CALIBRA\u00c7\u00c3O RASTRE\u00c1VEL HANDY PRESS<\/p>","protected":false},"excerpt":{"rendered":"<p>CERTIFICADO DE CALIBRA\u00c7\u00c3O RASTRE\u00c1VEL HANDY PRESS<\/p>\n<p>&nbsp;<\/p>\n<p>&nbsp;<\/p>\n<p>&nbsp;<\/p>\n<p>&nbsp;<\/p>","protected":false},"featured_media":29003,"template":"","meta":{"_acf_changed":false},"product_brand":[],"product_cat":[20],"product_tag":[],"class_list":{"0":"post-5801","1":"product","2":"type-product","3":"status-publish","4":"has-post-thumbnail","6":"product_cat-analisadores","8":"first","9":"instock","10":"virtual","11":"taxable","12":"purchasable","13":"product-type-simple"},"acf":[],"_links":{"self":[{"href":"https:\/\/www.protec.com.br\/es\/wp-json\/wp\/v2\/product\/5801","targetHints":{"allow":["GET"]}}],"collection":[{"href":"https:\/\/www.protec.com.br\/es\/wp-json\/wp\/v2\/product"}],"about":[{"href":"https:\/\/www.protec.com.br\/es\/wp-json\/wp\/v2\/types\/product"}],"version-history":[{"count":1,"href":"https:\/\/www.protec.com.br\/es\/wp-json\/wp\/v2\/product\/5801\/revisions"}],"predecessor-version":[{"id":39081,"href":"https:\/\/www.protec.com.br\/es\/wp-json\/wp\/v2\/product\/5801\/revisions\/39081"}],"wp:featuredmedia":[{"embeddable":true,"href":"https:\/\/www.protec.com.br\/es\/wp-json\/wp\/v2\/media\/29003"}],"wp:attachment":[{"href":"https:\/\/www.protec.com.br\/es\/wp-json\/wp\/v2\/media?parent=5801"}],"wp:term":[{"taxonomy":"product_brand","embeddable":true,"href":"https:\/\/www.protec.com.br\/es\/wp-json\/wp\/v2\/product_brand?post=5801"},{"taxonomy":"product_cat","embeddable":true,"href":"https:\/\/www.protec.com.br\/es\/wp-json\/wp\/v2\/product_cat?post=5801"},{"taxonomy":"product_tag","embeddable":true,"href":"https:\/\/www.protec.com.br\/es\/wp-json\/wp\/v2\/product_tag?post=5801"}],"curies":[{"name":"wp","href":"https:\/\/api.w.org\/{rel}","templated":true}]}}