{"id":5739,"date":"2022-07-07T13:04:45","date_gmt":"2022-07-07T16:04:45","guid":{"rendered":"https:\/\/www.protec.com.br\/?post_type=product&#038;p=5739"},"modified":"2026-02-13T14:06:23","modified_gmt":"2026-02-13T17:06:23","slug":"extensao-trancado-500m-o2","status":"publish","type":"product","link":"https:\/\/www.protec.com.br\/es\/producto\/extensao-trancado-500m-o2\/","title":{"rendered":"EXTENS\u00c3O TRAN\u00c7ADO 5,00M O2"},"content":{"rendered":"<p>As extens\u00f5es em nylon tran\u00e7ado, auxiliam na distribui\u00e7\u00e3o de gases medicinais da rede \/ v\u00e1lvulas medicinais para os equipamentos e outras aplica\u00e7\u00f5es m\u00e9dicos, facilitando o manuseio devido a sua flexibilidade e f\u00e1cil identifica\u00e7\u00e3o visual de gases devido \u00e0 cor dos conectores (borboleta) e da mangueira.<\/p>","protected":false},"excerpt":{"rendered":"<p>As extens\u00f5es \/ mangueiras para gases s\u00e3o utilizadas para auxiliar na distribui\u00e7\u00e3o de gases medicinais a partir da rede ou v\u00e1lvulas instaladas em cilindros de gases medicinais.<\/p>\n<p><strong>RMS<\/strong>: 80435140014<\/p>\n<p>&nbsp;<\/p>","protected":false},"featured_media":28994,"template":"","meta":{"_acf_changed":false},"product_brand":[],"product_cat":[248,24],"product_tag":[172,305,176],"class_list":{"0":"post-5739","1":"product","2":"type-product","3":"status-publish","4":"has-post-thumbnail","6":"product_cat-extensao-em-nylon-trancado","7":"product_cat-menu-gasoterapia","8":"product_tag-extensao","9":"product_tag-gasoterapia","10":"product_tag-o2","12":"first","13":"instock","14":"virtual","15":"taxable","16":"purchasable","17":"product-type-simple"},"acf":[],"_links":{"self":[{"href":"https:\/\/www.protec.com.br\/es\/wp-json\/wp\/v2\/product\/5739","targetHints":{"allow":["GET"]}}],"collection":[{"href":"https:\/\/www.protec.com.br\/es\/wp-json\/wp\/v2\/product"}],"about":[{"href":"https:\/\/www.protec.com.br\/es\/wp-json\/wp\/v2\/types\/product"}],"version-history":[{"count":1,"href":"https:\/\/www.protec.com.br\/es\/wp-json\/wp\/v2\/product\/5739\/revisions"}],"predecessor-version":[{"id":41832,"href":"https:\/\/www.protec.com.br\/es\/wp-json\/wp\/v2\/product\/5739\/revisions\/41832"}],"wp:featuredmedia":[{"embeddable":true,"href":"https:\/\/www.protec.com.br\/es\/wp-json\/wp\/v2\/media\/28994"}],"wp:attachment":[{"href":"https:\/\/www.protec.com.br\/es\/wp-json\/wp\/v2\/media?parent=5739"}],"wp:term":[{"taxonomy":"product_brand","embeddable":true,"href":"https:\/\/www.protec.com.br\/es\/wp-json\/wp\/v2\/product_brand?post=5739"},{"taxonomy":"product_cat","embeddable":true,"href":"https:\/\/www.protec.com.br\/es\/wp-json\/wp\/v2\/product_cat?post=5739"},{"taxonomy":"product_tag","embeddable":true,"href":"https:\/\/www.protec.com.br\/es\/wp-json\/wp\/v2\/product_tag?post=5739"}],"curies":[{"name":"wp","href":"https:\/\/api.w.org\/{rel}","templated":true}]}}