{"id":5561,"date":"2022-07-01T12:57:58","date_gmt":"2022-07-01T15:57:58","guid":{"rendered":"https:\/\/www.protec.com.br\/?post_type=product&#038;p=5561"},"modified":"2026-02-12T09:17:33","modified_gmt":"2026-02-12T12:17:33","slug":"sistema-oxigenacao-e-aspiracao-sem-cilindro-o2","status":"publish","type":"product","link":"https:\/\/www.protec.com.br\/es\/producto\/sistema-oxigenacao-e-aspiracao-sem-cilindro-o2\/","title":{"rendered":"KIT DE OXIGENACI\u00d3N Y ASPIRACI\u00d3N SIN CILINDRO"},"content":{"rendered":"<p>Art\u00edculo compuesto por:<\/p>\n<ul>\n<li>01 V\u00e1lvula reductora de presi\u00f3n para botella de ox\u00edgeno;<\/li>\n<li>01 Caudal\u00edmetro 0-15 lpm (hembra) para ox\u00edgeno;<\/li>\n<li>01 Humidificador 250ml, con prolongador y m\u00e1scara de ox\u00edgeno;<\/li>\n<li>01 Salida Doble para Ox\u00edgeno;<\/li>\n<li>01 Aspirador de ox\u00edgeno Venturi con botella de vidrio, 500ml;<\/li>\n<\/ul>","protected":false},"excerpt":{"rendered":"<p>El Kit de Oxigenaci\u00f3n y Aspiraci\u00f3n para Cilindro de Ox\u00edgeno fabricado por Protec fue \ndesarrollado para permitir la oxigenaci\u00f3n y aspiraci\u00f3n simult\u00e1neas sin necesidad de \ncambiar de equipo, lo que demuestra su gran flexibilidad.<\/p>\n<p><strong>RMS:<\/strong>80435140048<\/p>","protected":false},"featured_media":28993,"template":"","meta":{"_acf_changed":false},"product_brand":[],"product_cat":[28,292],"product_tag":[130,131,132,129,128],"class_list":{"0":"post-5561","1":"product","2":"type-product","3":"status-publish","4":"has-post-thumbnail","6":"product_cat-menu-resgate","7":"product_cat-sistema-de-oxigenacao-e-aspiracao","8":"product_tag-aspiracao","9":"product_tag-carrinho","10":"product_tag-cilindro","11":"product_tag-oxigenacao","12":"product_tag-sistema","14":"first","15":"instock","16":"virtual","17":"taxable","18":"purchasable","19":"product-type-simple"},"acf":[],"_links":{"self":[{"href":"https:\/\/www.protec.com.br\/es\/wp-json\/wp\/v2\/product\/5561","targetHints":{"allow":["GET"]}}],"collection":[{"href":"https:\/\/www.protec.com.br\/es\/wp-json\/wp\/v2\/product"}],"about":[{"href":"https:\/\/www.protec.com.br\/es\/wp-json\/wp\/v2\/types\/product"}],"version-history":[{"count":2,"href":"https:\/\/www.protec.com.br\/es\/wp-json\/wp\/v2\/product\/5561\/revisions"}],"predecessor-version":[{"id":43712,"href":"https:\/\/www.protec.com.br\/es\/wp-json\/wp\/v2\/product\/5561\/revisions\/43712"}],"wp:featuredmedia":[{"embeddable":true,"href":"https:\/\/www.protec.com.br\/es\/wp-json\/wp\/v2\/media\/28993"}],"wp:attachment":[{"href":"https:\/\/www.protec.com.br\/es\/wp-json\/wp\/v2\/media?parent=5561"}],"wp:term":[{"taxonomy":"product_brand","embeddable":true,"href":"https:\/\/www.protec.com.br\/es\/wp-json\/wp\/v2\/product_brand?post=5561"},{"taxonomy":"product_cat","embeddable":true,"href":"https:\/\/www.protec.com.br\/es\/wp-json\/wp\/v2\/product_cat?post=5561"},{"taxonomy":"product_tag","embeddable":true,"href":"https:\/\/www.protec.com.br\/es\/wp-json\/wp\/v2\/product_tag?post=5561"}],"curies":[{"name":"wp","href":"https:\/\/api.w.org\/{rel}","templated":true}]}}