{"id":5553,"date":"2022-07-01T11:38:35","date_gmt":"2022-07-01T14:38:35","guid":{"rendered":"https:\/\/www.protec.com.br\/?post_type=product&#038;p=5553"},"modified":"2026-02-12T10:02:44","modified_gmt":"2026-02-12T13:02:44","slug":"traqueia-silicone-15x1600mm","status":"publish","type":"product","link":"https:\/\/www.protec.com.br\/es\/producto\/traqueia-silicone-15x1600mm\/","title":{"rendered":"TUBO CORRUG SIL NEO 15X1600MM"},"content":{"rendered":"<p><span class=\"fontstyle0\">Lo Tubo corrugado est\u00e1 indicado para ayudar a transportar el flujo de gases y vapores medicinales para uso en equipos m\u00e9dico-hospitalarios y\/o pacientes. Se puede utilizar en procedimientos m\u00e9dicos y hospitalarios, ambulancias, clubes, bomberos, cuidados intensivos, recuperaci\u00f3n y otras necesidades.<\/span><\/p>","protected":false},"excerpt":{"rendered":"<p>TUBO CORRUGADO SILICONA PEDIATRICO 15X1600MM<\/p>\n<p><span class=\"fontstyle0\">La Tr\u00e1quea est\u00e1 indicada para ayudar a transportar el flujo de gases y vapores medicinales para uso en equipos m\u00e9dico-hospitalarios y\/o pacientes.<\/span><\/p>\n<p><span class=\"fontstyle0\">Producto certificado biocompatible.<\/span><\/p>\n<p><strong>RMS:<\/strong> 80435140008<\/p>","protected":false},"featured_media":28991,"template":"","meta":{"_acf_changed":false},"product_brand":[],"product_cat":[21,289],"product_tag":[122,125,123,124,127,126],"class_list":{"0":"post-5553","1":"product","2":"type-product","3":"status-publish","4":"has-post-thumbnail","6":"product_cat-menu-anestesia","7":"product_cat-traqueia-em-silicone","8":"product_tag-traqueia","9":"product_tag-traqueia-adulto","10":"product_tag-traqueia-em-silicone","11":"product_tag-traqueia-infantil","12":"product_tag-traqueia-protec","13":"product_tag-traqueia-silicone-autoclavavel","15":"first","16":"instock","17":"virtual","18":"taxable","19":"purchasable","20":"product-type-simple"},"acf":[],"_links":{"self":[{"href":"https:\/\/www.protec.com.br\/es\/wp-json\/wp\/v2\/product\/5553","targetHints":{"allow":["GET"]}}],"collection":[{"href":"https:\/\/www.protec.com.br\/es\/wp-json\/wp\/v2\/product"}],"about":[{"href":"https:\/\/www.protec.com.br\/es\/wp-json\/wp\/v2\/types\/product"}],"version-history":[{"count":1,"href":"https:\/\/www.protec.com.br\/es\/wp-json\/wp\/v2\/product\/5553\/revisions"}],"predecessor-version":[{"id":42689,"href":"https:\/\/www.protec.com.br\/es\/wp-json\/wp\/v2\/product\/5553\/revisions\/42689"}],"wp:featuredmedia":[{"embeddable":true,"href":"https:\/\/www.protec.com.br\/es\/wp-json\/wp\/v2\/media\/28991"}],"wp:attachment":[{"href":"https:\/\/www.protec.com.br\/es\/wp-json\/wp\/v2\/media?parent=5553"}],"wp:term":[{"taxonomy":"product_brand","embeddable":true,"href":"https:\/\/www.protec.com.br\/es\/wp-json\/wp\/v2\/product_brand?post=5553"},{"taxonomy":"product_cat","embeddable":true,"href":"https:\/\/www.protec.com.br\/es\/wp-json\/wp\/v2\/product_cat?post=5553"},{"taxonomy":"product_tag","embeddable":true,"href":"https:\/\/www.protec.com.br\/es\/wp-json\/wp\/v2\/product_tag?post=5553"}],"curies":[{"name":"wp","href":"https:\/\/api.w.org\/{rel}","templated":true}]}}