{"id":5527,"date":"2022-06-30T11:46:23","date_gmt":"2022-06-30T14:46:23","guid":{"rendered":"https:\/\/www.protec.com.br\/?post_type=product&#038;p=5527"},"modified":"2026-02-12T12:23:11","modified_gmt":"2026-02-12T15:23:11","slug":"mandril-intubacao-endotraqueal-3mm","status":"publish","type":"product","link":"https:\/\/www.protec.com.br\/es\/producto\/mandril-intubacao-endotraqueal-3mm\/","title":{"rendered":"GU\u00cdA DE INTUBACI\u00d3N ENDOTRAQUEAL DE 3 MM"},"content":{"rendered":"<p>Indicado para ayudar en la introducci\u00f3n de la sonda en procedimientos de intubaci\u00f3n y\/o procedimientos m\u00e9dico-hospitalarios similares<\/p>","protected":false},"excerpt":{"rendered":"<p>La gu\u00eda de intubaci\u00f3n es fabricada de cobre flexible cromado, lo que proporciona la forma y la resistencia adecuadas para facilitar la intubaci\u00f3n. Tiene una bola en el extremo distal que evita traumatismos durante el procedimiento. Opcionalmente, se puede utilizar la perilla\nreguladora de la varilla gu\u00eda, ajust\u00e1ndola a la longitud deseada<\/p>\n<p>&nbsp;<\/p>\n<p><strong>RMS<\/strong>: 80435140018<\/p>","protected":false},"featured_media":28985,"template":"","meta":{"_acf_changed":false},"product_brand":[],"product_cat":[21,286,65],"product_tag":[],"class_list":{"0":"post-5527","1":"product","2":"type-product","3":"status-publish","4":"has-post-thumbnail","6":"product_cat-menu-anestesia","7":"product_cat-mandril-para-intubacao","8":"product_cat-principais","10":"first","11":"instock","12":"virtual","13":"taxable","14":"purchasable","15":"product-type-simple"},"acf":[],"_links":{"self":[{"href":"https:\/\/www.protec.com.br\/es\/wp-json\/wp\/v2\/product\/5527","targetHints":{"allow":["GET"]}}],"collection":[{"href":"https:\/\/www.protec.com.br\/es\/wp-json\/wp\/v2\/product"}],"about":[{"href":"https:\/\/www.protec.com.br\/es\/wp-json\/wp\/v2\/types\/product"}],"version-history":[{"count":1,"href":"https:\/\/www.protec.com.br\/es\/wp-json\/wp\/v2\/product\/5527\/revisions"}],"predecessor-version":[{"id":42788,"href":"https:\/\/www.protec.com.br\/es\/wp-json\/wp\/v2\/product\/5527\/revisions\/42788"}],"wp:featuredmedia":[{"embeddable":true,"href":"https:\/\/www.protec.com.br\/es\/wp-json\/wp\/v2\/media\/28985"}],"wp:attachment":[{"href":"https:\/\/www.protec.com.br\/es\/wp-json\/wp\/v2\/media?parent=5527"}],"wp:term":[{"taxonomy":"product_brand","embeddable":true,"href":"https:\/\/www.protec.com.br\/es\/wp-json\/wp\/v2\/product_brand?post=5527"},{"taxonomy":"product_cat","embeddable":true,"href":"https:\/\/www.protec.com.br\/es\/wp-json\/wp\/v2\/product_cat?post=5527"},{"taxonomy":"product_tag","embeddable":true,"href":"https:\/\/www.protec.com.br\/es\/wp-json\/wp\/v2\/product_tag?post=5527"}],"curies":[{"name":"wp","href":"https:\/\/api.w.org\/{rel}","templated":true}]}}