{"id":5475,"date":"2022-06-30T09:06:09","date_gmt":"2022-06-30T12:06:09","guid":{"rendered":"https:\/\/www.protec.com.br\/?post_type=product&#038;p=5475"},"modified":"2026-02-13T11:18:46","modified_gmt":"2026-02-13T14:18:46","slug":"kit-5-lampadas-led-luz-branca-fria-3v-pequena","status":"publish","type":"product","link":"https:\/\/www.protec.com.br\/es\/producto\/kit-5-lampadas-led-luz-branca-fria-3v-pequena\/","title":{"rendered":"KIT 5 L\u00c2MPADAS LED LUZ BRANCA FRIA 3V PEQUENA"},"content":{"rendered":"<p>Indicado para ayudar en el examen de laringoscopia, inserci\u00f3n de tubos endotraqueales (intubaci\u00f3n).\nLos laringoscopios de la marca Protec constan de mangos y hojas intercambiables (curvas\/rectas) con un bombillo en el borde para la iluminaci\u00f3n local. La iluminaci\u00f3n se activa autom\u00e1ticamente cuando la hoja se coloca en el mango.<\/p>\n<p>Las fuentes de energ\u00eda son dos bater\u00edas AA medianas (adultos) o peque\u00f1as (pedi\u00e1trico) insertadas en el mango.<\/p>","protected":false},"excerpt":{"rendered":"<p>Indicado para ayudar en el examen de laringoscopia, inserci\u00f3n de tubos endotraqueales (intubaci\u00f3n).<\/p>\n<p>Los laringoscopios de la marca Protec constan de mangos y hojas intercambiables (curvas\/rectas)\ncon un bombillo en el borde para la iluminaci\u00f3n local. La iluminaci\u00f3n se activa autom\u00e1ticamente\ncuando la hoja se coloca en el mango. Las fuentes de energ\u00eda son dos bater\u00edas AA medianas (adultos)\no peque\u00f1as (pedi\u00e1trico) insertadas en el mango.<\/p>\n<p><strong>RMS:<\/strong> 80435140009<\/p>","protected":false},"featured_media":28950,"template":"","meta":{"_acf_changed":false},"product_brand":[],"product_cat":[21,285],"product_tag":[110,115,107,116,111,112,108,109,113,114],"class_list":{"0":"post-5475","1":"product","2":"type-product","3":"status-publish","4":"has-post-thumbnail","6":"product_cat-menu-anestesia","7":"product_cat-laringoscopio","8":"product_tag-aco-inox","9":"product_tag-branca","10":"product_tag-cabo","11":"product_tag-fria","12":"product_tag-kit","13":"product_tag-lampadas","14":"product_tag-laringo","15":"product_tag-laringoscopio","16":"product_tag-led","17":"product_tag-luz","19":"first","20":"instock","21":"virtual","22":"taxable","23":"purchasable","24":"product-type-simple"},"acf":[],"_links":{"self":[{"href":"https:\/\/www.protec.com.br\/es\/wp-json\/wp\/v2\/product\/5475","targetHints":{"allow":["GET"]}}],"collection":[{"href":"https:\/\/www.protec.com.br\/es\/wp-json\/wp\/v2\/product"}],"about":[{"href":"https:\/\/www.protec.com.br\/es\/wp-json\/wp\/v2\/types\/product"}],"version-history":[{"count":1,"href":"https:\/\/www.protec.com.br\/es\/wp-json\/wp\/v2\/product\/5475\/revisions"}],"predecessor-version":[{"id":42805,"href":"https:\/\/www.protec.com.br\/es\/wp-json\/wp\/v2\/product\/5475\/revisions\/42805"}],"wp:featuredmedia":[{"embeddable":true,"href":"https:\/\/www.protec.com.br\/es\/wp-json\/wp\/v2\/media\/28950"}],"wp:attachment":[{"href":"https:\/\/www.protec.com.br\/es\/wp-json\/wp\/v2\/media?parent=5475"}],"wp:term":[{"taxonomy":"product_brand","embeddable":true,"href":"https:\/\/www.protec.com.br\/es\/wp-json\/wp\/v2\/product_brand?post=5475"},{"taxonomy":"product_cat","embeddable":true,"href":"https:\/\/www.protec.com.br\/es\/wp-json\/wp\/v2\/product_cat?post=5475"},{"taxonomy":"product_tag","embeddable":true,"href":"https:\/\/www.protec.com.br\/es\/wp-json\/wp\/v2\/product_tag?post=5475"}],"curies":[{"name":"wp","href":"https:\/\/api.w.org\/{rel}","templated":true}]}}