{"id":5468,"date":"2022-06-29T17:39:24","date_gmt":"2022-06-29T20:39:24","guid":{"rendered":"https:\/\/www.protec.com.br\/?post_type=product&#038;p=5468"},"modified":"2026-02-16T14:53:10","modified_gmt":"2026-02-16T17:53:10","slug":"kit-10-pecas-diafragma-valvula-superior-baraka-unidirecional-cod-004569","status":"publish","type":"product","link":"https:\/\/www.protec.com.br\/es\/producto\/kit-10-pecas-diafragma-valvula-superior-baraka-unidirecional-cod-004569\/","title":{"rendered":"KIT 10 PE\u00c7AS DIAFRAGMA V\u00c1LVULA SUPERIOR BARAKA UNIDIRECIONAL"},"content":{"rendered":"<p>KIT COM 10 DIAFRAGMAS PARA V\u00c1LVULA SUPERIOR BARAKA UNIDIRECIONAL<\/p>","protected":false},"excerpt":{"rendered":"<p>KIT COM 10 DIAFRAGMAS PARA V\u00c1LVULA SUPERIOR BARAKA UNIDIRECIONAL<\/p>","protected":false},"featured_media":36004,"template":"","meta":{"_acf_changed":false},"product_brand":[],"product_cat":[21,284],"product_tag":[],"class_list":{"0":"post-5468","1":"product","2":"type-product","3":"status-publish","4":"has-post-thumbnail","6":"product_cat-menu-anestesia","7":"product_cat-kits-de-reposicao-de-circuitos-de-anestesia-baraka","9":"first","10":"instock","11":"virtual","12":"taxable","13":"purchasable","14":"product-type-simple"},"acf":[],"_links":{"self":[{"href":"https:\/\/www.protec.com.br\/es\/wp-json\/wp\/v2\/product\/5468","targetHints":{"allow":["GET"]}}],"collection":[{"href":"https:\/\/www.protec.com.br\/es\/wp-json\/wp\/v2\/product"}],"about":[{"href":"https:\/\/www.protec.com.br\/es\/wp-json\/wp\/v2\/types\/product"}],"version-history":[{"count":1,"href":"https:\/\/www.protec.com.br\/es\/wp-json\/wp\/v2\/product\/5468\/revisions"}],"predecessor-version":[{"id":43459,"href":"https:\/\/www.protec.com.br\/es\/wp-json\/wp\/v2\/product\/5468\/revisions\/43459"}],"wp:featuredmedia":[{"embeddable":true,"href":"https:\/\/www.protec.com.br\/es\/wp-json\/wp\/v2\/media\/36004"}],"wp:attachment":[{"href":"https:\/\/www.protec.com.br\/es\/wp-json\/wp\/v2\/media?parent=5468"}],"wp:term":[{"taxonomy":"product_brand","embeddable":true,"href":"https:\/\/www.protec.com.br\/es\/wp-json\/wp\/v2\/product_brand?post=5468"},{"taxonomy":"product_cat","embeddable":true,"href":"https:\/\/www.protec.com.br\/es\/wp-json\/wp\/v2\/product_cat?post=5468"},{"taxonomy":"product_tag","embeddable":true,"href":"https:\/\/www.protec.com.br\/es\/wp-json\/wp\/v2\/product_tag?post=5468"}],"curies":[{"name":"wp","href":"https:\/\/api.w.org\/{rel}","templated":true}]}}