{"id":5457,"date":"2022-06-29T16:56:26","date_gmt":"2022-06-29T19:56:26","guid":{"rendered":"https:\/\/www.protec.com.br\/?post_type=product&#038;p=5457"},"modified":"2026-02-16T12:12:55","modified_gmt":"2026-02-16T15:12:55","slug":"jarra-umidificacao-aquecida-aut-134-tk","status":"publish","type":"product","link":"https:\/\/www.protec.com.br\/es\/producto\/jarra-umidificacao-aquecida-aut-134-tk\/","title":{"rendered":"JARRA UMIDIFICA\u00c7\u00c3O AQUECIDA AUT. 134\u00b0 (TK)"},"content":{"rendered":"<p><span class=\"fontstyle0\">La c\u00e1mara humidificadora es un producto compuesto b\u00e1sicamente por una envase termopl\u00e1stico de 250 ml de capacidad, que\ntiene en su parte superior una conexi\u00f3n de entrada, identificada con la inscripci\u00f3n \u201cIN\u201d para conectar el tubo al flujo de gas proveniente del respirador y una conexi\u00f3n de salida, identificada con la inscripci\u00f3n \u201cOUT\u201d para conectar el tubo que conducir\u00e1 el gas humidificado al paciente.<br \/>\nEn su parte inferior, tiene una base de aluminio que al entrar en contacto con el calentador,\npromueve el calentamiento<br \/>\npromovendo o aquecimento da \u00e1gua no interior da jarra.<\/span><\/p>","protected":false},"excerpt":{"rendered":"<p>La c\u00e1mara humidificadora es un producto compuesto b\u00e1sicamente por una envase termopl\u00e1stico de 250 ml de capacidad, que\ntiene en su parte superior una conexi\u00f3n de entrada, identificada con la inscripci\u00f3n \u201cIN\u201d para conectar el tubo al flujo de gas proveniente del respirador y una conexi\u00f3n de salida, identificada con la inscripci\u00f3n \u201cOUT\u201d para conectar el tubo que conducir\u00e1 el gas\nhumidificado al paciente. En su parte inferior, tiene una base de aluminio que al entrar en contacto con el calentador, promueve el calentamiento del agua dentro de la c\u00e1mara<\/p>\n<p>El recipiente de humidificaci\u00f3n calentado est\u00e1 dise\u00f1ado para evitar el choque t\u00e9rmico y la sequedad de las v\u00edas respiratorias durante el suministro de gas al paciente. Se aplica en situaciones donde las v\u00edas a\u00e9reas superiores del paciente intubado requieren un flujo calentado durante la ventilaci\u00f3n mec\u00e1nica.<\/p>\n<p><strong>RMS:<\/strong> 80435140006<\/p>","protected":false},"featured_media":28561,"template":"","meta":{"_acf_changed":false},"product_brand":[],"product_cat":[21,283,65],"product_tag":[106,103,105,104],"class_list":{"0":"post-5457","1":"product","2":"type-product","3":"status-publish","4":"has-post-thumbnail","6":"product_cat-menu-anestesia","7":"product_cat-kits-de-reposicao-de-jarra-para-umidificacao","8":"product_cat-principais","9":"product_tag-copo-umidificacao-aquecida","10":"product_tag-jarra","11":"product_tag-umidificacao","12":"product_tag-umidificacao-aquecida","14":"first","15":"instock","16":"virtual","17":"taxable","18":"purchasable","19":"product-type-simple"},"acf":[],"_links":{"self":[{"href":"https:\/\/www.protec.com.br\/es\/wp-json\/wp\/v2\/product\/5457","targetHints":{"allow":["GET"]}}],"collection":[{"href":"https:\/\/www.protec.com.br\/es\/wp-json\/wp\/v2\/product"}],"about":[{"href":"https:\/\/www.protec.com.br\/es\/wp-json\/wp\/v2\/types\/product"}],"version-history":[{"count":1,"href":"https:\/\/www.protec.com.br\/es\/wp-json\/wp\/v2\/product\/5457\/revisions"}],"predecessor-version":[{"id":42812,"href":"https:\/\/www.protec.com.br\/es\/wp-json\/wp\/v2\/product\/5457\/revisions\/42812"}],"wp:featuredmedia":[{"embeddable":true,"href":"https:\/\/www.protec.com.br\/es\/wp-json\/wp\/v2\/media\/28561"}],"wp:attachment":[{"href":"https:\/\/www.protec.com.br\/es\/wp-json\/wp\/v2\/media?parent=5457"}],"wp:term":[{"taxonomy":"product_brand","embeddable":true,"href":"https:\/\/www.protec.com.br\/es\/wp-json\/wp\/v2\/product_brand?post=5457"},{"taxonomy":"product_cat","embeddable":true,"href":"https:\/\/www.protec.com.br\/es\/wp-json\/wp\/v2\/product_cat?post=5457"},{"taxonomy":"product_tag","embeddable":true,"href":"https:\/\/www.protec.com.br\/es\/wp-json\/wp\/v2\/product_tag?post=5457"}],"curies":[{"name":"wp","href":"https:\/\/api.w.org\/{rel}","templated":true}]}}