{"id":5449,"date":"2022-06-29T15:59:00","date_gmt":"2022-06-29T18:59:00","guid":{"rendered":"https:\/\/www.protec.com.br\/?post_type=product&#038;p=5449"},"modified":"2026-02-19T17:02:11","modified_gmt":"2026-02-19T20:02:11","slug":"canula-de-guedel-n4-10-cm-vermelho-100-unidades","status":"publish","type":"product","link":"https:\/\/www.protec.com.br\/es\/producto\/canula-de-guedel-n4-10-cm-vermelho-100-unidades\/","title":{"rendered":"C\u00c1NUAL DE GUEDEL # 4-10CM \u2013 ROJA (CAJA C\/100)"},"content":{"rendered":"<p>Indicadas para pacientes que necesitan mantener la v\u00eda a\u00e9rea permeable y en los casos en que exista una necesidad de aspiraci\u00f3n frecuente, las c\u00e1nulas de Guedel est\u00e1n destinadas a mantener la lengua alejada de la pared far\u00edngea posterior o para proteger el tubo endotraqueal de la presi\u00f3n dentaria.<\/p>\n<p><strong>Cumple con la norma NBR ISO 5364 Equipos de anestesia y respiraci\u00f3n - v\u00edas a\u00e9reas orofar\u00edngeas.<\/strong><\/p>","protected":false},"excerpt":{"rendered":"<p>Las c\u00e1nual de Guedel se desarrollaron para su uso en pacientes que necesitan mantener permeables las v\u00edas respiratorias y en los casos en que es necesario realizar aspiraciones frecuentes.<\/p>\n<p>N\u00b04= 100,0mm<\/p>\n<p><strong>RMS:<\/strong> 80435140004<\/p>","protected":false},"featured_media":28946,"template":"","meta":{"_acf_changed":false},"product_brand":[],"product_cat":[21,280],"product_tag":[88,101,102],"class_list":{"0":"post-5449","1":"product","2":"type-product","3":"status-publish","4":"has-post-thumbnail","6":"product_cat-menu-anestesia","7":"product_cat-canula-de-guedel","8":"product_tag-canula","9":"product_tag-canula-de-guedel","10":"product_tag-guedel","12":"first","13":"instock","14":"virtual","15":"taxable","16":"purchasable","17":"product-type-simple"},"acf":[],"_links":{"self":[{"href":"https:\/\/www.protec.com.br\/es\/wp-json\/wp\/v2\/product\/5449","targetHints":{"allow":["GET"]}}],"collection":[{"href":"https:\/\/www.protec.com.br\/es\/wp-json\/wp\/v2\/product"}],"about":[{"href":"https:\/\/www.protec.com.br\/es\/wp-json\/wp\/v2\/types\/product"}],"version-history":[{"count":1,"href":"https:\/\/www.protec.com.br\/es\/wp-json\/wp\/v2\/product\/5449\/revisions"}],"predecessor-version":[{"id":41656,"href":"https:\/\/www.protec.com.br\/es\/wp-json\/wp\/v2\/product\/5449\/revisions\/41656"}],"wp:featuredmedia":[{"embeddable":true,"href":"https:\/\/www.protec.com.br\/es\/wp-json\/wp\/v2\/media\/28946"}],"wp:attachment":[{"href":"https:\/\/www.protec.com.br\/es\/wp-json\/wp\/v2\/media?parent=5449"}],"wp:term":[{"taxonomy":"product_brand","embeddable":true,"href":"https:\/\/www.protec.com.br\/es\/wp-json\/wp\/v2\/product_brand?post=5449"},{"taxonomy":"product_cat","embeddable":true,"href":"https:\/\/www.protec.com.br\/es\/wp-json\/wp\/v2\/product_cat?post=5449"},{"taxonomy":"product_tag","embeddable":true,"href":"https:\/\/www.protec.com.br\/es\/wp-json\/wp\/v2\/product_tag?post=5449"}],"curies":[{"name":"wp","href":"https:\/\/api.w.org\/{rel}","templated":true}]}}