{"id":5408,"date":"2022-06-28T14:43:47","date_gmt":"2022-06-28T17:43:47","guid":{"rendered":"https:\/\/www.protec.com.br\/?post_type=product&#038;p=5408"},"modified":"2026-02-16T10:31:23","modified_gmt":"2026-02-16T13:31:23","slug":"conector-t-autoclavavel-134-22mx15fx22f","status":"publish","type":"product","link":"https:\/\/www.protec.com.br\/es\/producto\/conector-t-autoclavavel-134-22mx15fx22f\/","title":{"rendered":"CONECTOR &#8220;T&#8221; AUTOCLAV\u00c1VEL 134\u00b0 22MX15FX22F"},"content":{"rendered":"<p>O conector\u00a0 em T \u00e9 utilizado no circuito respirat\u00f3rio de ventila\u00e7\u00e3o mec\u00e2nica, quando h\u00e1 necessidade de adapta\u00e7\u00e3o de outros recursos \u00e0 entrada das traqueias.<\/p>\n<p><strong>CONECTOR T AUTOCLAV\u00c1VEL 134\u00b0 22MX15FX22F<\/strong><\/p>\n<p><strong>RMS: 80435140044 (PSU)<\/strong><\/p>\n<p>&nbsp;<\/p>\n<p>&nbsp;<\/p>","protected":false},"excerpt":{"rendered":"<p>O conector\u00a0 em T \u00e9 utilizado no circuito respirat\u00f3rio de ventila\u00e7\u00e3o mec\u00e2nica, quando h\u00e1 necessidade de adapta\u00e7\u00e3o de outros recursos \u00e0 entrada das traqueias.<\/p>\n<p><strong>CONECTOR T AUTOCLAV\u00c1VEL 134\u00b0 22MX15FX22F<\/strong><\/p>\n<p><strong>RMS: 80435140044 (PSU)<\/strong><\/p>\n<p>&nbsp;<\/p>","protected":false},"featured_media":28926,"template":"","meta":{"_acf_changed":false},"product_brand":[],"product_cat":[21,278],"product_tag":[],"class_list":{"0":"post-5408","1":"product","2":"type-product","3":"status-publish","4":"has-post-thumbnail","6":"product_cat-menu-anestesia","7":"product_cat-conectores-t","9":"first","10":"instock","11":"virtual","12":"taxable","13":"purchasable","14":"product-type-simple"},"acf":[],"_links":{"self":[{"href":"https:\/\/www.protec.com.br\/es\/wp-json\/wp\/v2\/product\/5408","targetHints":{"allow":["GET"]}}],"collection":[{"href":"https:\/\/www.protec.com.br\/es\/wp-json\/wp\/v2\/product"}],"about":[{"href":"https:\/\/www.protec.com.br\/es\/wp-json\/wp\/v2\/types\/product"}],"version-history":[{"count":1,"href":"https:\/\/www.protec.com.br\/es\/wp-json\/wp\/v2\/product\/5408\/revisions"}],"predecessor-version":[{"id":41768,"href":"https:\/\/www.protec.com.br\/es\/wp-json\/wp\/v2\/product\/5408\/revisions\/41768"}],"wp:featuredmedia":[{"embeddable":true,"href":"https:\/\/www.protec.com.br\/es\/wp-json\/wp\/v2\/media\/28926"}],"wp:attachment":[{"href":"https:\/\/www.protec.com.br\/es\/wp-json\/wp\/v2\/media?parent=5408"}],"wp:term":[{"taxonomy":"product_brand","embeddable":true,"href":"https:\/\/www.protec.com.br\/es\/wp-json\/wp\/v2\/product_brand?post=5408"},{"taxonomy":"product_cat","embeddable":true,"href":"https:\/\/www.protec.com.br\/es\/wp-json\/wp\/v2\/product_cat?post=5408"},{"taxonomy":"product_tag","embeddable":true,"href":"https:\/\/www.protec.com.br\/es\/wp-json\/wp\/v2\/product_tag?post=5408"}],"curies":[{"name":"wp","href":"https:\/\/api.w.org\/{rel}","templated":true}]}}