{"id":5400,"date":"2022-06-28T14:25:39","date_gmt":"2022-06-28T17:25:39","guid":{"rendered":"https:\/\/www.protec.com.br\/?post_type=product&#038;p=5400"},"modified":"2026-02-16T10:09:27","modified_gmt":"2026-02-16T13:09:27","slug":"conector-cotovelo-90-psu-22fx22mx15f-autoclavavel-134","status":"publish","type":"product","link":"https:\/\/www.protec.com.br\/es\/producto\/conector-cotovelo-90-psu-22fx22mx15f-autoclavavel-134\/","title":{"rendered":"CONECTOR COTOVELO 90\u00b0 PSU"},"content":{"rendered":"<p>O conector em 90\u00b0 tamb\u00e9m \u00e9 conhecido como conector cotovelo ou conector em &#8220;L&#8221;, realiza a liga\u00e7\u00e3o entre a c\u00e2nula de traqueostomia e o espa\u00e7o morto (cateter mount), para proporcionar mais conforto ao paciente.<\/p>\n<p><strong>CONECTOR CODO 90\u00b0 DE PSU AUT 134\u00b0 22FX22MX15F<\/strong><\/p>\n<p><strong>RMS: 80435140044 (PSU)<\/strong><\/p>\n<p>&nbsp;<\/p>","protected":false},"excerpt":{"rendered":"<p>O conector em 90\u00b0 tamb\u00e9m \u00e9 conhecido como conector cotovelo ou conector em &#8220;L&#8221;, realiza a liga\u00e7\u00e3o entre a c\u00e2nula de traqueostomia e o espa\u00e7o morto (cateter mount), para proporcionar mais conforto ao paciente.<\/p>\n<p><strong>CONECTOR CODO 90\u00b0 DE PSU AUT 134\u00b0 22FX22MX15F<\/strong><\/p>\n<p><strong>RMS: 80435140044 (PSU)<\/strong><\/p>\n<p>&nbsp;<\/p>","protected":false},"featured_media":28921,"template":"","meta":{"_acf_changed":false},"product_brand":[],"product_cat":[21,277],"product_tag":[],"class_list":{"0":"post-5400","1":"product","2":"type-product","3":"status-publish","4":"has-post-thumbnail","6":"product_cat-menu-anestesia","7":"product_cat-conectores-cotovelo","9":"first","10":"instock","11":"virtual","12":"taxable","13":"purchasable","14":"product-type-simple"},"acf":[],"_links":{"self":[{"href":"https:\/\/www.protec.com.br\/es\/wp-json\/wp\/v2\/product\/5400","targetHints":{"allow":["GET"]}}],"collection":[{"href":"https:\/\/www.protec.com.br\/es\/wp-json\/wp\/v2\/product"}],"about":[{"href":"https:\/\/www.protec.com.br\/es\/wp-json\/wp\/v2\/types\/product"}],"version-history":[{"count":1,"href":"https:\/\/www.protec.com.br\/es\/wp-json\/wp\/v2\/product\/5400\/revisions"}],"predecessor-version":[{"id":41746,"href":"https:\/\/www.protec.com.br\/es\/wp-json\/wp\/v2\/product\/5400\/revisions\/41746"}],"wp:featuredmedia":[{"embeddable":true,"href":"https:\/\/www.protec.com.br\/es\/wp-json\/wp\/v2\/media\/28921"}],"wp:attachment":[{"href":"https:\/\/www.protec.com.br\/es\/wp-json\/wp\/v2\/media?parent=5400"}],"wp:term":[{"taxonomy":"product_brand","embeddable":true,"href":"https:\/\/www.protec.com.br\/es\/wp-json\/wp\/v2\/product_brand?post=5400"},{"taxonomy":"product_cat","embeddable":true,"href":"https:\/\/www.protec.com.br\/es\/wp-json\/wp\/v2\/product_cat?post=5400"},{"taxonomy":"product_tag","embeddable":true,"href":"https:\/\/www.protec.com.br\/es\/wp-json\/wp\/v2\/product_tag?post=5400"}],"curies":[{"name":"wp","href":"https:\/\/api.w.org\/{rel}","templated":true}]}}