{"id":5396,"date":"2022-06-28T12:11:26","date_gmt":"2022-06-28T15:11:26","guid":{"rendered":"https:\/\/www.protec.com.br\/?post_type=product&#038;p=5396"},"modified":"2026-02-16T10:28:19","modified_gmt":"2026-02-16T13:28:19","slug":"conector-y-90-psu-autoclavavel-134-22mx15f","status":"publish","type":"product","link":"https:\/\/www.protec.com.br\/es\/producto\/conector-y-90-psu-autoclavavel-134-22mx15f\/","title":{"rendered":"CONECTOR Y 90\u00b0 22M X 15F PSU"},"content":{"rendered":"<div class=\"container\">\n<div class=\"row\">\n<div class=\"col-md-12\">\n<p>O conector Y \u00e9 utilizado como intermedi\u00e1rio em circuitos respirat\u00f3rios de ramo duplo para realizar a conex\u00e3o entre as traqueias e a c\u00e2nula de traqueostomia, filtro HMEF ou cateter mount de acordo com as especifica\u00e7\u00e3o do circuito.<\/p>\n<p class=\"lead\"><strong>CONECTOR Y 90\u00ba 22M X 15F EM POLISULFONA PSU AUTOCLAV\u00c1VEL 134\u00b0<\/strong><\/p>\n<\/div>\n<p><strong>RMS: 80435140044 (PSU)<\/strong><\/p>\n<\/div>\n<\/div>","protected":false},"excerpt":{"rendered":"<p>O conector Y \u00e9 utilizado como intermedi\u00e1rio em circuitos respirat\u00f3rios de ramo duplo para realizar a conex\u00e3o entre as traqueias e a c\u00e2nula de traqueostomia, filtro HMRF ou cateter mount, de acordo com a especifica\u00e7\u00e3o do circuito.<\/p>\n<p><strong>RMS:<\/strong> 80435140044 (PSU)<\/p>\n<p>&nbsp;<\/p>","protected":false},"featured_media":28920,"template":"","meta":{"_acf_changed":false},"product_brand":[],"product_cat":[21,276],"product_tag":[],"class_list":{"0":"post-5396","1":"product","2":"type-product","3":"status-publish","4":"has-post-thumbnail","6":"product_cat-menu-anestesia","7":"product_cat-conectores-y","9":"first","10":"instock","11":"virtual","12":"taxable","13":"purchasable","14":"product-type-simple"},"acf":[],"_links":{"self":[{"href":"https:\/\/www.protec.com.br\/es\/wp-json\/wp\/v2\/product\/5396","targetHints":{"allow":["GET"]}}],"collection":[{"href":"https:\/\/www.protec.com.br\/es\/wp-json\/wp\/v2\/product"}],"about":[{"href":"https:\/\/www.protec.com.br\/es\/wp-json\/wp\/v2\/types\/product"}],"version-history":[{"count":2,"href":"https:\/\/www.protec.com.br\/es\/wp-json\/wp\/v2\/product\/5396\/revisions"}],"predecessor-version":[{"id":33567,"href":"https:\/\/www.protec.com.br\/es\/wp-json\/wp\/v2\/product\/5396\/revisions\/33567"}],"wp:featuredmedia":[{"embeddable":true,"href":"https:\/\/www.protec.com.br\/es\/wp-json\/wp\/v2\/media\/28920"}],"wp:attachment":[{"href":"https:\/\/www.protec.com.br\/es\/wp-json\/wp\/v2\/media?parent=5396"}],"wp:term":[{"taxonomy":"product_brand","embeddable":true,"href":"https:\/\/www.protec.com.br\/es\/wp-json\/wp\/v2\/product_brand?post=5396"},{"taxonomy":"product_cat","embeddable":true,"href":"https:\/\/www.protec.com.br\/es\/wp-json\/wp\/v2\/product_cat?post=5396"},{"taxonomy":"product_tag","embeddable":true,"href":"https:\/\/www.protec.com.br\/es\/wp-json\/wp\/v2\/product_tag?post=5396"}],"curies":[{"name":"wp","href":"https:\/\/api.w.org\/{rel}","templated":true}]}}