{"id":5349,"date":"2022-06-27T16:45:30","date_gmt":"2022-06-27T19:45:30","guid":{"rendered":"https:\/\/www.protec.com.br\/?post_type=product&#038;p=5349"},"modified":"2026-02-16T10:39:43","modified_gmt":"2026-02-16T13:39:43","slug":"circuito-paciente-ventilacao-sil-ad-int5","status":"publish","type":"product","link":"https:\/\/www.protec.com.br\/es\/producto\/circuito-paciente-ventilacao-sil-ad-int5\/","title":{"rendered":"CIRCUITO PACIENTE VENTILA\u00c7\u00c3O SILICONE ADULTO INTER5"},"content":{"rendered":"<p><span class=\"fontstyle0\">Los circuitos respiratorios de silicona fabricados por Protec cuentan con\ncertificado de biocompatibilidad (ISO 10993). Compuestos por conectores, trampa de \u00e1gua de condensaci\u00f3n, tubo proximal y tubo corrugado de silicona con parte exterior el\u00edptica y parte interior lisa. La estandarizaci\u00f3n de conexiones y accesorios asegura la total compatibilidad con los m\u00e1s diversos equipos existentes en el mercado.\n* Opcionalmente, se puede utilizar junto con la c\u00e1mara de humidificaci\u00f3n calentada<\/span><\/p>\n<p>&nbsp;<\/p>\n<p>Este produto \u00e9 compat\u00edvel com equipamentos <strong>INTER5.<\/strong><\/p>\n<p><strong>RMS<\/strong>: 80435140055 (PRT)<\/p>","protected":false},"excerpt":{"rendered":"<p>Los circuitos para ventilaci\u00f3n y anestesia est\u00e1n indicados para procedimientos de ventilaci\u00f3n mec\u00e1nica y anestesia.<\/p>\n<p><strong>RMS<\/strong>: 80435140055 (PRT)<\/p>\n<p>&nbsp;<\/p>","protected":false},"featured_media":28903,"template":"","meta":{"_acf_changed":false},"product_brand":[],"product_cat":[21,274,65],"product_tag":[84,87,86,85],"class_list":{"0":"post-5349","1":"product","2":"type-product","3":"status-publish","4":"has-post-thumbnail","6":"product_cat-menu-anestesia","7":"product_cat-circuito-para-ventilacao","8":"product_cat-principais","9":"product_tag-anestesia","10":"product_tag-circuito","11":"product_tag-respiracao","12":"product_tag-ventilacao","14":"first","15":"instock","16":"virtual","17":"taxable","18":"purchasable","19":"product-type-simple"},"acf":[],"_links":{"self":[{"href":"https:\/\/www.protec.com.br\/es\/wp-json\/wp\/v2\/product\/5349","targetHints":{"allow":["GET"]}}],"collection":[{"href":"https:\/\/www.protec.com.br\/es\/wp-json\/wp\/v2\/product"}],"about":[{"href":"https:\/\/www.protec.com.br\/es\/wp-json\/wp\/v2\/types\/product"}],"version-history":[{"count":1,"href":"https:\/\/www.protec.com.br\/es\/wp-json\/wp\/v2\/product\/5349\/revisions"}],"predecessor-version":[{"id":43826,"href":"https:\/\/www.protec.com.br\/es\/wp-json\/wp\/v2\/product\/5349\/revisions\/43826"}],"wp:featuredmedia":[{"embeddable":true,"href":"https:\/\/www.protec.com.br\/es\/wp-json\/wp\/v2\/media\/28903"}],"wp:attachment":[{"href":"https:\/\/www.protec.com.br\/es\/wp-json\/wp\/v2\/media?parent=5349"}],"wp:term":[{"taxonomy":"product_brand","embeddable":true,"href":"https:\/\/www.protec.com.br\/es\/wp-json\/wp\/v2\/product_brand?post=5349"},{"taxonomy":"product_cat","embeddable":true,"href":"https:\/\/www.protec.com.br\/es\/wp-json\/wp\/v2\/product_cat?post=5349"},{"taxonomy":"product_tag","embeddable":true,"href":"https:\/\/www.protec.com.br\/es\/wp-json\/wp\/v2\/product_tag?post=5349"}],"curies":[{"name":"wp","href":"https:\/\/api.w.org\/{rel}","templated":true}]}}