{"id":5343,"date":"2022-06-27T15:11:27","date_gmt":"2022-06-27T18:11:27","guid":{"rendered":"https:\/\/www.protec.com.br\/?post_type=product&#038;p=5343"},"modified":"2026-02-16T10:46:24","modified_gmt":"2026-02-16T13:46:24","slug":"circuito-paciente-ventilacao-silicone-adulto-dxt","status":"publish","type":"product","link":"https:\/\/www.protec.com.br\/es\/producto\/circuito-paciente-ventilacao-silicone-adulto-dxt\/","title":{"rendered":"CIRCUITO PACIENTE VENTILA\u00c7\u00c3O SILICONE ADULTO DIXTAL"},"content":{"rendered":"<p><span class=\"fontstyle0\">Los circuitos respiratorios de silicona fabricados por Protec cuentan con\ncertificado de biocompatibilidad (ISO 10993). Compuestos por conectores, trampa de \u00e1gua de condensaci\u00f3n, tubo proximal y tubo corrugado de silicona con parte exterior el\u00edptica y parte interior lisa. La estandarizaci\u00f3n de conexiones y accesorios asegura la total compatibilidad con los m\u00e1s diversos equipos existentes en el mercado.\n* Opcionalmente, se puede utilizar junto con la c\u00e1mara de humidificaci\u00f3n calentada<\/span><\/p>\n<p>&nbsp;<\/p>\n<p>Este produto \u00e9 compat\u00edvel com equipamentos <strong>Dixtal.<\/strong><\/p>\n<p><strong>RMS<\/strong>: 80435140055 (PRT)<\/p>","protected":false},"excerpt":{"rendered":"<p>Los circuitos para ventilaci\u00f3n y anestesia est\u00e1n indicados para procedimientos de ventilaci\u00f3n mec\u00e1nica y anestesia.<\/p>\n<p><strong>RMS<\/strong>: 80435140055 (PRT)<\/p>\n<p>&nbsp;<\/p>","protected":false},"featured_media":28899,"template":"","meta":{"_acf_changed":false},"product_brand":[],"product_cat":[21,274],"product_tag":[84,87,86,85],"class_list":{"0":"post-5343","1":"product","2":"type-product","3":"status-publish","4":"has-post-thumbnail","6":"product_cat-menu-anestesia","7":"product_cat-circuito-para-ventilacao","8":"product_tag-anestesia","9":"product_tag-circuito","10":"product_tag-respiracao","11":"product_tag-ventilacao","13":"first","14":"instock","15":"virtual","16":"taxable","17":"purchasable","18":"product-type-simple"},"acf":[],"_links":{"self":[{"href":"https:\/\/www.protec.com.br\/es\/wp-json\/wp\/v2\/product\/5343","targetHints":{"allow":["GET"]}}],"collection":[{"href":"https:\/\/www.protec.com.br\/es\/wp-json\/wp\/v2\/product"}],"about":[{"href":"https:\/\/www.protec.com.br\/es\/wp-json\/wp\/v2\/types\/product"}],"version-history":[{"count":1,"href":"https:\/\/www.protec.com.br\/es\/wp-json\/wp\/v2\/product\/5343\/revisions"}],"predecessor-version":[{"id":43829,"href":"https:\/\/www.protec.com.br\/es\/wp-json\/wp\/v2\/product\/5343\/revisions\/43829"}],"wp:featuredmedia":[{"embeddable":true,"href":"https:\/\/www.protec.com.br\/es\/wp-json\/wp\/v2\/media\/28899"}],"wp:attachment":[{"href":"https:\/\/www.protec.com.br\/es\/wp-json\/wp\/v2\/media?parent=5343"}],"wp:term":[{"taxonomy":"product_brand","embeddable":true,"href":"https:\/\/www.protec.com.br\/es\/wp-json\/wp\/v2\/product_brand?post=5343"},{"taxonomy":"product_cat","embeddable":true,"href":"https:\/\/www.protec.com.br\/es\/wp-json\/wp\/v2\/product_cat?post=5343"},{"taxonomy":"product_tag","embeddable":true,"href":"https:\/\/www.protec.com.br\/es\/wp-json\/wp\/v2\/product_tag?post=5343"}],"curies":[{"name":"wp","href":"https:\/\/api.w.org\/{rel}","templated":true}]}}