{"id":5238,"date":"2022-06-24T12:28:31","date_gmt":"2022-06-24T15:28:31","guid":{"rendered":"https:\/\/www.protec.com.br\/?post_type=product&#038;p=5238"},"modified":"2026-02-13T16:07:24","modified_gmt":"2026-02-13T19:07:24","slug":"balao-respiratorio-latex-free-2-litros","status":"publish","type":"product","link":"https:\/\/www.protec.com.br\/es\/producto\/balao-respiratorio-latex-free-2-litros\/","title":{"rendered":"BOLSA DE RESPIRACI\u00d3N L\u00c1TEX-FREE 2L"},"content":{"rendered":"<p><strong>C\u00d3D. 009112<\/strong><\/p>\n<p>Las bolsas de respiraci\u00f3n Protec son hechas de caucho de neopreno (policloropreno) totalmente libre de l\u00e1tex. Fabricado bajo conceptos internacionales de tecnolog\u00eda y calidad, lo que garantiza que en su composici\u00f3n no existen materiales que puedan causar alergias al paciente o riesgo de deterioro y contaminaci\u00f3n en contacto con gases<\/p>","protected":false},"excerpt":{"rendered":"<p>Las bolsas de respiraci\u00f3n Protec son hechas de caucho de neopreno (policloropreno) totalmente libre de l\u00e1tex. Fabricado bajo conceptos internacionales de tecnolog\u00eda y calidad, lo que garantiza que en su composici\u00f3n no existen materiales que puedan causar alergias al paciente o riesgo de deterioro y contaminaci\u00f3n en contacto con gases<\/p>\n<p><strong>RMS:80435140036<\/strong><\/p>\n<p>&nbsp;<\/p>","protected":false},"featured_media":28887,"template":"","meta":{"_acf_changed":false},"product_brand":[],"product_cat":[21,271,65],"product_tag":[],"class_list":{"0":"post-5238","1":"product","2":"type-product","3":"status-publish","4":"has-post-thumbnail","6":"product_cat-menu-anestesia","7":"product_cat-balao-respiratorio-latex-free","8":"product_cat-principais","10":"first","11":"instock","12":"virtual","13":"taxable","14":"purchasable","15":"product-type-simple"},"acf":[],"_links":{"self":[{"href":"https:\/\/www.protec.com.br\/es\/wp-json\/wp\/v2\/product\/5238","targetHints":{"allow":["GET"]}}],"collection":[{"href":"https:\/\/www.protec.com.br\/es\/wp-json\/wp\/v2\/product"}],"about":[{"href":"https:\/\/www.protec.com.br\/es\/wp-json\/wp\/v2\/types\/product"}],"version-history":[{"count":1,"href":"https:\/\/www.protec.com.br\/es\/wp-json\/wp\/v2\/product\/5238\/revisions"}],"predecessor-version":[{"id":41644,"href":"https:\/\/www.protec.com.br\/es\/wp-json\/wp\/v2\/product\/5238\/revisions\/41644"}],"wp:featuredmedia":[{"embeddable":true,"href":"https:\/\/www.protec.com.br\/es\/wp-json\/wp\/v2\/media\/28887"}],"wp:attachment":[{"href":"https:\/\/www.protec.com.br\/es\/wp-json\/wp\/v2\/media?parent=5238"}],"wp:term":[{"taxonomy":"product_brand","embeddable":true,"href":"https:\/\/www.protec.com.br\/es\/wp-json\/wp\/v2\/product_brand?post=5238"},{"taxonomy":"product_cat","embeddable":true,"href":"https:\/\/www.protec.com.br\/es\/wp-json\/wp\/v2\/product_cat?post=5238"},{"taxonomy":"product_tag","embeddable":true,"href":"https:\/\/www.protec.com.br\/es\/wp-json\/wp\/v2\/product_tag?post=5238"}],"curies":[{"name":"wp","href":"https:\/\/api.w.org\/{rel}","templated":true}]}}