{"id":5221,"date":"2022-06-24T11:23:10","date_gmt":"2022-06-24T14:23:10","guid":{"rendered":"https:\/\/www.protec.com.br\/?post_type=product&#038;p=5221"},"modified":"2026-02-12T11:19:08","modified_gmt":"2026-02-12T14:19:08","slug":"valvula-reguladora-rede-ar-comprimido","status":"publish","type":"product","link":"https:\/\/www.protec.com.br\/es\/producto\/valvula-reguladora-rede-ar-comprimido\/","title":{"rendered":"V\u00c1LVULA REGULADORA REDE AR COMPRIMIDO"},"content":{"rendered":"<p><strong>C\u00d3D. 005090<\/strong><\/p>\n<p>A\u00a0<strong>V\u00e1lvula Reguladora de Press\u00e3o para Rede de Gases,<\/strong> possui padroniza\u00e7\u00e3o ABNT, seu corpo e constru\u00eddo em lat\u00e3o cromado de alta resist\u00eancia, possui man\u00f4metro para indica\u00e7\u00e3o da press\u00e3o ajustada. O ajuste da press\u00e3o \u00e9 vari\u00e1vel e feito atrav\u00e9s do bot\u00e3o de regulagem de fluxo que pode variar de 0 a 11 kgf\/cm, possui press\u00e3o de entrada de at\u00e9 7kgf\/cm.<\/p>\n<p>As v\u00e1lvulas reguladoras de press\u00e3o est\u00e3o dispon\u00edveis e tr\u00eas op\u00e7\u00f5es de gases medicinais: Ar comprimido medicinal, Oxig\u00eanio medicinal e \u00d3xido nitroso.<\/p>\n<p>&nbsp;<\/p>","protected":false},"excerpt":{"rendered":"<p>As v\u00e1lvulas reguladoras de press\u00e3o para rede de gases possuem corpo constru\u00eddo em lat\u00e3o cromado de alta resist\u00eancia, man\u00f4metro para indica\u00e7\u00e3o da press\u00e3o ajustada e bot\u00e3o de regulagem da press\u00e3o. O ajuste da press\u00e3o \u00e9 vari\u00e1vel e feito atrav\u00e9s do bot\u00e3o de regulagem de fluxo que pode variar de 0 a 11 kgf\/cm.<\/p>\n<p><strong>RMS:<\/strong> 80435149003<\/p>","protected":false},"featured_media":28882,"template":"","meta":{"_acf_changed":false},"product_brand":[],"product_cat":[24,65,270],"product_tag":[175,305,522],"class_list":{"0":"post-5221","1":"product","2":"type-product","3":"status-publish","4":"has-post-thumbnail","6":"product_cat-menu-gasoterapia","7":"product_cat-principais","8":"product_cat-valvula-reguladora-de-pressao-para-rede-de-gases","9":"product_tag-ar","10":"product_tag-gasoterapia","11":"product_tag-valvula-reguladora","13":"first","14":"instock","15":"virtual","16":"taxable","17":"purchasable","18":"product-type-simple"},"acf":[],"_links":{"self":[{"href":"https:\/\/www.protec.com.br\/es\/wp-json\/wp\/v2\/product\/5221","targetHints":{"allow":["GET"]}}],"collection":[{"href":"https:\/\/www.protec.com.br\/es\/wp-json\/wp\/v2\/product"}],"about":[{"href":"https:\/\/www.protec.com.br\/es\/wp-json\/wp\/v2\/types\/product"}],"version-history":[{"count":1,"href":"https:\/\/www.protec.com.br\/es\/wp-json\/wp\/v2\/product\/5221\/revisions"}],"predecessor-version":[{"id":42649,"href":"https:\/\/www.protec.com.br\/es\/wp-json\/wp\/v2\/product\/5221\/revisions\/42649"}],"wp:featuredmedia":[{"embeddable":true,"href":"https:\/\/www.protec.com.br\/es\/wp-json\/wp\/v2\/media\/28882"}],"wp:attachment":[{"href":"https:\/\/www.protec.com.br\/es\/wp-json\/wp\/v2\/media?parent=5221"}],"wp:term":[{"taxonomy":"product_brand","embeddable":true,"href":"https:\/\/www.protec.com.br\/es\/wp-json\/wp\/v2\/product_brand?post=5221"},{"taxonomy":"product_cat","embeddable":true,"href":"https:\/\/www.protec.com.br\/es\/wp-json\/wp\/v2\/product_cat?post=5221"},{"taxonomy":"product_tag","embeddable":true,"href":"https:\/\/www.protec.com.br\/es\/wp-json\/wp\/v2\/product_tag?post=5221"}],"curies":[{"name":"wp","href":"https:\/\/api.w.org\/{rel}","templated":true}]}}