{"id":5136,"date":"2022-06-23T17:27:14","date_gmt":"2022-06-23T20:27:14","guid":{"rendered":"https:\/\/www.protec.com.br\/?post_type=product&#038;p=5136"},"modified":"2026-02-16T15:39:08","modified_gmt":"2026-02-16T18:39:08","slug":"kit-gas-painel-quality-one-vacuo","status":"publish","type":"product","link":"https:\/\/www.protec.com.br\/es\/producto\/kit-gas-painel-quality-one-vacuo\/","title":{"rendered":"KIT G\u00c1S PAINEL QUALITY ONE V\u00c1CUO"},"content":{"rendered":"<p>KIT G\u00c1S PAINEL QUALITY ONE 1 ENTRADA V\u00c1CUO<\/p>\n<p>&nbsp;<\/p>","protected":false},"excerpt":{"rendered":"<p>KIT G\u00c1S PAINEL QUALITY ONE 1 ENTRADA V\u00c1CUO<\/p>\n<p>(PINO DE IMPACTO, NIPLE, PORCA, CONECTOR GASES, CONECTOR L)<\/p>","protected":false},"featured_media":34043,"template":"","meta":{"_acf_changed":false},"product_brand":[],"product_cat":[260],"product_tag":[],"class_list":{"0":"post-5136","1":"product","2":"type-product","3":"status-publish","4":"has-post-thumbnail","6":"product_cat-kits-painel-quality-one","8":"first","9":"instock","10":"virtual","11":"taxable","12":"purchasable","13":"product-type-simple"},"acf":[],"_links":{"self":[{"href":"https:\/\/www.protec.com.br\/es\/wp-json\/wp\/v2\/product\/5136","targetHints":{"allow":["GET"]}}],"collection":[{"href":"https:\/\/www.protec.com.br\/es\/wp-json\/wp\/v2\/product"}],"about":[{"href":"https:\/\/www.protec.com.br\/es\/wp-json\/wp\/v2\/types\/product"}],"version-history":[{"count":1,"href":"https:\/\/www.protec.com.br\/es\/wp-json\/wp\/v2\/product\/5136\/revisions"}],"predecessor-version":[{"id":43479,"href":"https:\/\/www.protec.com.br\/es\/wp-json\/wp\/v2\/product\/5136\/revisions\/43479"}],"wp:featuredmedia":[{"embeddable":true,"href":"https:\/\/www.protec.com.br\/es\/wp-json\/wp\/v2\/media\/34043"}],"wp:attachment":[{"href":"https:\/\/www.protec.com.br\/es\/wp-json\/wp\/v2\/media?parent=5136"}],"wp:term":[{"taxonomy":"product_brand","embeddable":true,"href":"https:\/\/www.protec.com.br\/es\/wp-json\/wp\/v2\/product_brand?post=5136"},{"taxonomy":"product_cat","embeddable":true,"href":"https:\/\/www.protec.com.br\/es\/wp-json\/wp\/v2\/product_cat?post=5136"},{"taxonomy":"product_tag","embeddable":true,"href":"https:\/\/www.protec.com.br\/es\/wp-json\/wp\/v2\/product_tag?post=5136"}],"curies":[{"name":"wp","href":"https:\/\/api.w.org\/{rel}","templated":true}]}}