{"id":5102,"date":"2022-06-23T16:20:33","date_gmt":"2022-06-23T19:20:33","guid":{"rendered":"https:\/\/www.protec.com.br\/?post_type=product&#038;p=5102"},"modified":"2026-02-13T11:44:54","modified_gmt":"2026-02-13T14:44:54","slug":"kit-05-pecas-etiqueta-canopla-vac","status":"publish","type":"product","link":"https:\/\/www.protec.com.br\/es\/producto\/kit-05-pecas-etiqueta-canopla-vac\/","title":{"rendered":"KIT 05 PE\u00c7AS ETIQUETA CANOPLA V\u00c1CUO"},"content":{"rendered":"<p>KIT 05 PE\u00c7AS ETIQUETA CANOPLA V\u00c1CUO<\/p>\n<p>&nbsp;<\/p>","protected":false},"excerpt":{"rendered":"<p>KIT 05 PE\u00c7AS ETIQUETA CANOPLA VAC<\/p>","protected":false},"featured_media":28839,"template":"","meta":{"_acf_changed":false},"product_brand":[],"product_cat":[258],"product_tag":[],"class_list":{"0":"post-5102","1":"product","2":"type-product","3":"status-publish","4":"has-post-thumbnail","6":"product_cat-posto-parede-reposicao","8":"first","9":"instock","10":"virtual","11":"taxable","12":"purchasable","13":"product-type-simple"},"acf":[],"_links":{"self":[{"href":"https:\/\/www.protec.com.br\/es\/wp-json\/wp\/v2\/product\/5102","targetHints":{"allow":["GET"]}}],"collection":[{"href":"https:\/\/www.protec.com.br\/es\/wp-json\/wp\/v2\/product"}],"about":[{"href":"https:\/\/www.protec.com.br\/es\/wp-json\/wp\/v2\/types\/product"}],"version-history":[{"count":1,"href":"https:\/\/www.protec.com.br\/es\/wp-json\/wp\/v2\/product\/5102\/revisions"}],"predecessor-version":[{"id":43806,"href":"https:\/\/www.protec.com.br\/es\/wp-json\/wp\/v2\/product\/5102\/revisions\/43806"}],"wp:featuredmedia":[{"embeddable":true,"href":"https:\/\/www.protec.com.br\/es\/wp-json\/wp\/v2\/media\/28839"}],"wp:attachment":[{"href":"https:\/\/www.protec.com.br\/es\/wp-json\/wp\/v2\/media?parent=5102"}],"wp:term":[{"taxonomy":"product_brand","embeddable":true,"href":"https:\/\/www.protec.com.br\/es\/wp-json\/wp\/v2\/product_brand?post=5102"},{"taxonomy":"product_cat","embeddable":true,"href":"https:\/\/www.protec.com.br\/es\/wp-json\/wp\/v2\/product_cat?post=5102"},{"taxonomy":"product_tag","embeddable":true,"href":"https:\/\/www.protec.com.br\/es\/wp-json\/wp\/v2\/product_tag?post=5102"}],"curies":[{"name":"wp","href":"https:\/\/api.w.org\/{rel}","templated":true}]}}