{"id":5091,"date":"2022-06-23T14:48:23","date_gmt":"2022-06-23T17:48:23","guid":{"rendered":"https:\/\/www.protec.com.br\/?post_type=product&#038;p=5091"},"modified":"2026-02-12T10:47:06","modified_gmt":"2026-02-12T13:47:06","slug":"valvula-medicinal-vacuo-protec","status":"publish","type":"product","link":"https:\/\/www.protec.com.br\/es\/producto\/valvula-medicinal-vacuo-protec\/","title":{"rendered":"V\u00c1LVULA MEDICINAL V\u00c1CUO"},"content":{"rendered":"<p>V\u00c1LVULA MEDICINAL V\u00c1CUO (NIPLE)<\/p>\n<p>&nbsp;<\/p>","protected":false},"excerpt":{"rendered":"<p>PINO DE IMPACTO, NIPLE, PORCA, PARAFUSO<\/p>","protected":false},"featured_media":38897,"template":"","meta":{"_acf_changed":false},"product_brand":[],"product_cat":[258],"product_tag":[],"class_list":{"0":"post-5091","1":"product","2":"type-product","3":"status-publish","4":"has-post-thumbnail","6":"product_cat-posto-parede-reposicao","8":"first","9":"instock","10":"virtual","11":"taxable","12":"purchasable","13":"product-type-simple"},"acf":[],"_links":{"self":[{"href":"https:\/\/www.protec.com.br\/es\/wp-json\/wp\/v2\/product\/5091","targetHints":{"allow":["GET"]}}],"collection":[{"href":"https:\/\/www.protec.com.br\/es\/wp-json\/wp\/v2\/product"}],"about":[{"href":"https:\/\/www.protec.com.br\/es\/wp-json\/wp\/v2\/types\/product"}],"version-history":[{"count":1,"href":"https:\/\/www.protec.com.br\/es\/wp-json\/wp\/v2\/product\/5091\/revisions"}],"predecessor-version":[{"id":43725,"href":"https:\/\/www.protec.com.br\/es\/wp-json\/wp\/v2\/product\/5091\/revisions\/43725"}],"wp:featuredmedia":[{"embeddable":true,"href":"https:\/\/www.protec.com.br\/es\/wp-json\/wp\/v2\/media\/38897"}],"wp:attachment":[{"href":"https:\/\/www.protec.com.br\/es\/wp-json\/wp\/v2\/media?parent=5091"}],"wp:term":[{"taxonomy":"product_brand","embeddable":true,"href":"https:\/\/www.protec.com.br\/es\/wp-json\/wp\/v2\/product_brand?post=5091"},{"taxonomy":"product_cat","embeddable":true,"href":"https:\/\/www.protec.com.br\/es\/wp-json\/wp\/v2\/product_cat?post=5091"},{"taxonomy":"product_tag","embeddable":true,"href":"https:\/\/www.protec.com.br\/es\/wp-json\/wp\/v2\/product_tag?post=5091"}],"curies":[{"name":"wp","href":"https:\/\/api.w.org\/{rel}","templated":true}]}}