{"id":5062,"date":"2022-06-23T11:23:18","date_gmt":"2022-06-23T14:23:18","guid":{"rendered":"https:\/\/www.protec.com.br\/?post_type=product&#038;p=5062"},"modified":"2026-02-13T11:30:22","modified_gmt":"2026-02-13T14:30:22","slug":"manometro-valvula-rede-0-a-11kg","status":"publish","type":"product","link":"https:\/\/www.protec.com.br\/es\/producto\/manometro-valvula-rede-0-a-11kg\/","title":{"rendered":"MAN\u00d4METRO V\u00c1LVULA REDE 0 A 11KG"},"content":{"rendered":"<p>MAN\u00d4METRO V\u00c1LVULA REDE 0 A 11 KG<\/p>\n<p>&nbsp;<\/p>","protected":false},"excerpt":{"rendered":"<p>MAN\u00d4METRO PARA V\u00c1LVULA DE REDE 0-11<\/p>","protected":false},"featured_media":28828,"template":"","meta":{"_acf_changed":false},"product_brand":[],"product_cat":[254],"product_tag":[],"class_list":{"0":"post-5062","1":"product","2":"type-product","3":"status-publish","4":"has-post-thumbnail","6":"product_cat-kits-de-reposicao-valvulas-de-rede","8":"first","9":"instock","10":"virtual","11":"taxable","12":"purchasable","13":"product-type-simple"},"acf":[],"_links":{"self":[{"href":"https:\/\/www.protec.com.br\/es\/wp-json\/wp\/v2\/product\/5062","targetHints":{"allow":["GET"]}}],"collection":[{"href":"https:\/\/www.protec.com.br\/es\/wp-json\/wp\/v2\/product"}],"about":[{"href":"https:\/\/www.protec.com.br\/es\/wp-json\/wp\/v2\/types\/product"}],"version-history":[{"count":1,"href":"https:\/\/www.protec.com.br\/es\/wp-json\/wp\/v2\/product\/5062\/revisions"}],"predecessor-version":[{"id":43798,"href":"https:\/\/www.protec.com.br\/es\/wp-json\/wp\/v2\/product\/5062\/revisions\/43798"}],"wp:featuredmedia":[{"embeddable":true,"href":"https:\/\/www.protec.com.br\/es\/wp-json\/wp\/v2\/media\/28828"}],"wp:attachment":[{"href":"https:\/\/www.protec.com.br\/es\/wp-json\/wp\/v2\/media?parent=5062"}],"wp:term":[{"taxonomy":"product_brand","embeddable":true,"href":"https:\/\/www.protec.com.br\/es\/wp-json\/wp\/v2\/product_brand?post=5062"},{"taxonomy":"product_cat","embeddable":true,"href":"https:\/\/www.protec.com.br\/es\/wp-json\/wp\/v2\/product_cat?post=5062"},{"taxonomy":"product_tag","embeddable":true,"href":"https:\/\/www.protec.com.br\/es\/wp-json\/wp\/v2\/product_tag?post=5062"}],"curies":[{"name":"wp","href":"https:\/\/api.w.org\/{rel}","templated":true}]}}