{"id":5027,"date":"2022-06-23T10:24:24","date_gmt":"2022-06-23T13:24:24","guid":{"rendered":"https:\/\/www.protec.com.br\/?post_type=product&#038;p=5027"},"modified":"2026-02-13T14:22:32","modified_gmt":"2026-02-13T17:22:32","slug":"fluxometro-0-30-lpm-femea-o2","status":"publish","type":"product","link":"https:\/\/www.protec.com.br\/es\/producto\/fluxometro-0-30-lpm-femea-o2\/","title":{"rendered":"FLUX\u00d4METRO 0-30 LPM F\u00caMEA O2"},"content":{"rendered":"<p><strong>C\u00d3D. 004050<\/strong><\/p>\n<p>Os flux\u00f4metros s\u00e3o desenvolvidos para controlar a quantidade exata de Oxig\u00eanio atrav\u00e9s de uma escala onde \u00e9 poss\u00edvel regular a vaz\u00e3o do g\u00e1s utilizado em litros por minuto. Os Flux\u00f4metros fabricados pela Protec oferecem alta precis\u00e3o e indiscut\u00edvel qualidade.<\/p>\n<p>Normalmente s\u00e3o utilizados em hospitais, ambul\u00e2ncias e clinicas para fornecimento de fluxo constante de gases medicinais para tratamento de pacientes.<\/p>\n<p>&nbsp;<\/p>","protected":false},"excerpt":{"rendered":"<p>Os Flux\u00f4metros fabricados pela Protec oferecem alta precis\u00e3o e indiscut\u00edvel qualidade. Possuem corpo e niple confeccionados em lat\u00e3o cromado de alta resist\u00eancia, bilha em policarbonato e esfera em a\u00e7o inoxid\u00e1vel. Foram desenvolvidos para controlar a quantidade exata de g\u00e1s ( Oxig\u00eanio, Ar comprimido medicinal, \u00d3xido nitroso, G\u00e1s carb\u00f4nico Nitrog\u00eanio ou Arg\u00f4nio) atrav\u00e9s de uma escala onde \u00e9 poss\u00edvel regular a vaz\u00e3o do g\u00e1s utilizado em litros por minuto.<\/p>\n<p><strong>RMS:<\/strong> 80435140028<\/p>","protected":false},"featured_media":31545,"template":"","meta":{"_acf_changed":false},"product_brand":[],"product_cat":[249,24],"product_tag":[],"class_list":{"0":"post-5027","1":"product","2":"type-product","3":"status-publish","4":"has-post-thumbnail","6":"product_cat-fluxometros","7":"product_cat-menu-gasoterapia","9":"first","10":"instock","11":"virtual","12":"taxable","13":"purchasable","14":"product-type-simple"},"acf":[],"_links":{"self":[{"href":"https:\/\/www.protec.com.br\/es\/wp-json\/wp\/v2\/product\/5027","targetHints":{"allow":["GET"]}}],"collection":[{"href":"https:\/\/www.protec.com.br\/es\/wp-json\/wp\/v2\/product"}],"about":[{"href":"https:\/\/www.protec.com.br\/es\/wp-json\/wp\/v2\/types\/product"}],"version-history":[{"count":1,"href":"https:\/\/www.protec.com.br\/es\/wp-json\/wp\/v2\/product\/5027\/revisions"}],"predecessor-version":[{"id":41857,"href":"https:\/\/www.protec.com.br\/es\/wp-json\/wp\/v2\/product\/5027\/revisions\/41857"}],"wp:featuredmedia":[{"embeddable":true,"href":"https:\/\/www.protec.com.br\/es\/wp-json\/wp\/v2\/media\/31545"}],"wp:attachment":[{"href":"https:\/\/www.protec.com.br\/es\/wp-json\/wp\/v2\/media?parent=5027"}],"wp:term":[{"taxonomy":"product_brand","embeddable":true,"href":"https:\/\/www.protec.com.br\/es\/wp-json\/wp\/v2\/product_brand?post=5027"},{"taxonomy":"product_cat","embeddable":true,"href":"https:\/\/www.protec.com.br\/es\/wp-json\/wp\/v2\/product_cat?post=5027"},{"taxonomy":"product_tag","embeddable":true,"href":"https:\/\/www.protec.com.br\/es\/wp-json\/wp\/v2\/product_tag?post=5027"}],"curies":[{"name":"wp","href":"https:\/\/api.w.org\/{rel}","templated":true}]}}