{"id":4996,"date":"2022-06-23T09:37:25","date_gmt":"2022-06-23T12:37:25","guid":{"rendered":"https:\/\/www.protec.com.br\/?post_type=product&#038;p=4996"},"modified":"2026-02-13T12:36:54","modified_gmt":"2026-02-13T15:36:54","slug":"conector-borboleta-extensao-vacuo","status":"publish","type":"product","link":"https:\/\/www.protec.com.br\/es\/producto\/conector-borboleta-extensao-vacuo\/","title":{"rendered":"CONECTOR BORBOLETA EXTENS\u00c3O V\u00c1CUO"},"content":{"rendered":"<p>CONECTOR BORBOLETA EXTENS\u00c3O NYLON TRAN\u00c7ADO V\u00c1CUO<\/p>","protected":false},"excerpt":{"rendered":"<p>Conector (borboleta) em Polipropileno(PP) com inserto em alum\u00ednio.<\/p>","protected":false},"featured_media":28796,"template":"","meta":{"_acf_changed":false},"product_brand":[],"product_cat":[247],"product_tag":[],"class_list":{"0":"post-4996","1":"product","2":"type-product","3":"status-publish","4":"has-post-thumbnail","6":"product_cat-conector-para-extensao","8":"first","9":"instock","10":"virtual","11":"taxable","12":"purchasable","13":"product-type-simple"},"acf":[],"_links":{"self":[{"href":"https:\/\/www.protec.com.br\/es\/wp-json\/wp\/v2\/product\/4996","targetHints":{"allow":["GET"]}}],"collection":[{"href":"https:\/\/www.protec.com.br\/es\/wp-json\/wp\/v2\/product"}],"about":[{"href":"https:\/\/www.protec.com.br\/es\/wp-json\/wp\/v2\/types\/product"}],"version-history":[{"count":1,"href":"https:\/\/www.protec.com.br\/es\/wp-json\/wp\/v2\/product\/4996\/revisions"}],"predecessor-version":[{"id":43387,"href":"https:\/\/www.protec.com.br\/es\/wp-json\/wp\/v2\/product\/4996\/revisions\/43387"}],"wp:featuredmedia":[{"embeddable":true,"href":"https:\/\/www.protec.com.br\/es\/wp-json\/wp\/v2\/media\/28796"}],"wp:attachment":[{"href":"https:\/\/www.protec.com.br\/es\/wp-json\/wp\/v2\/media?parent=4996"}],"wp:term":[{"taxonomy":"product_brand","embeddable":true,"href":"https:\/\/www.protec.com.br\/es\/wp-json\/wp\/v2\/product_brand?post=4996"},{"taxonomy":"product_cat","embeddable":true,"href":"https:\/\/www.protec.com.br\/es\/wp-json\/wp\/v2\/product_cat?post=4996"},{"taxonomy":"product_tag","embeddable":true,"href":"https:\/\/www.protec.com.br\/es\/wp-json\/wp\/v2\/product_tag?post=4996"}],"curies":[{"name":"wp","href":"https:\/\/api.w.org\/{rel}","templated":true}]}}