{"id":4985,"date":"2022-06-23T09:20:36","date_gmt":"2022-06-23T12:20:36","guid":{"rendered":"https:\/\/www.protec.com.br\/?post_type=product&#038;p=4985"},"modified":"2026-02-12T12:04:20","modified_gmt":"2026-02-12T15:04:20","slug":"cilindro-aluminio-o2-05-litros","status":"publish","type":"product","link":"https:\/\/www.protec.com.br\/es\/producto\/cilindro-aluminio-o2-05-litros\/","title":{"rendered":"CILINDRO ALUM\u00cdNIO O2 05 LITROS"},"content":{"rendered":"<p>Os cilindros para oxig\u00eanio medicinal em alum\u00ednio s\u00e3o at\u00e9 40% mais leves que os cilindros similares em a\u00e7o.<\/p>\n<p>Otimizados para melhorar a durabilidade e a resist\u00eancia sob altas cargas de press\u00e3o.<\/p>","protected":false},"excerpt":{"rendered":"<p>Os cilindros para oxig\u00eanio medicinal em alum\u00ednio s\u00e3o at\u00e9 40% mais leves que os cilindros similares em a\u00e7o.<\/p>\n<p>Otimizados para melhorar a durabilidade e a resist\u00eancia sob altas cargas de press\u00e3o.<\/p>","protected":false},"featured_media":28792,"template":"","meta":{"_acf_changed":false},"product_brand":[],"product_cat":[246],"product_tag":[132,305],"class_list":{"0":"post-4985","1":"product","2":"type-product","3":"status-publish","4":"has-post-thumbnail","6":"product_cat-cilindro-para-oxigenio","7":"product_tag-cilindro","8":"product_tag-gasoterapia","10":"first","11":"instock","12":"virtual","13":"taxable","14":"purchasable","15":"product-type-simple"},"acf":[],"_links":{"self":[{"href":"https:\/\/www.protec.com.br\/es\/wp-json\/wp\/v2\/product\/4985","targetHints":{"allow":["GET"]}}],"collection":[{"href":"https:\/\/www.protec.com.br\/es\/wp-json\/wp\/v2\/product"}],"about":[{"href":"https:\/\/www.protec.com.br\/es\/wp-json\/wp\/v2\/types\/product"}],"version-history":[{"count":1,"href":"https:\/\/www.protec.com.br\/es\/wp-json\/wp\/v2\/product\/4985\/revisions"}],"predecessor-version":[{"id":43740,"href":"https:\/\/www.protec.com.br\/es\/wp-json\/wp\/v2\/product\/4985\/revisions\/43740"}],"wp:featuredmedia":[{"embeddable":true,"href":"https:\/\/www.protec.com.br\/es\/wp-json\/wp\/v2\/media\/28792"}],"wp:attachment":[{"href":"https:\/\/www.protec.com.br\/es\/wp-json\/wp\/v2\/media?parent=4985"}],"wp:term":[{"taxonomy":"product_brand","embeddable":true,"href":"https:\/\/www.protec.com.br\/es\/wp-json\/wp\/v2\/product_brand?post=4985"},{"taxonomy":"product_cat","embeddable":true,"href":"https:\/\/www.protec.com.br\/es\/wp-json\/wp\/v2\/product_cat?post=4985"},{"taxonomy":"product_tag","embeddable":true,"href":"https:\/\/www.protec.com.br\/es\/wp-json\/wp\/v2\/product_tag?post=4985"}],"curies":[{"name":"wp","href":"https:\/\/api.w.org\/{rel}","templated":true}]}}