{"id":4930,"date":"2022-06-22T15:22:15","date_gmt":"2022-06-22T18:22:15","guid":{"rendered":"https:\/\/www.protec.com.br\/?post_type=product&#038;p=4930"},"modified":"2026-02-13T14:58:53","modified_gmt":"2026-02-13T17:58:53","slug":"mascara-facial-infantil","status":"publish","type":"product","link":"https:\/\/www.protec.com.br\/es\/producto\/mascara-facial-infantil\/","title":{"rendered":"M\u00c1SCARA FACIAL INFANTIL"},"content":{"rendered":"<p>M\u00c1SCARA FACIAL INFANTIL<\/p>\n<p>As m\u00e1scaras para nebuliza\u00e7\u00e3o Protec s\u00e3o confeccionadas em PVC. Possuem superf\u00edcie lisa que garante ajuste perfeito sem colar na pele e aberturas laterais para evitar a concentra\u00e7\u00e3o de g\u00e1s carb\u00f4nico em seu interior, proporcionando uma inala\u00e7\u00e3o agrad\u00e1vel ao paciente.<\/p>","protected":false},"excerpt":{"rendered":"<p>As m\u00e1scaras para nebuliza\u00e7\u00e3o Protec s\u00e3o confeccionadas em PVC. Possuem superf\u00edcie lisa que garante ajuste perfeito sem colar na pele e aberturas laterais para evitar a concentra\u00e7\u00e3o de g\u00e1s carb\u00f4nico em seu interior, proporcionando uma inala\u00e7\u00e3o agrad\u00e1vel ao paciente.<\/p>\n<p><strong>RMS:<\/strong> 80435140019<\/p>","protected":false},"featured_media":28768,"template":"","meta":{"_acf_changed":false},"product_brand":[],"product_cat":[25,243],"product_tag":[158,157,159],"class_list":{"0":"post-4930","1":"product","2":"type-product","3":"status-publish","4":"has-post-thumbnail","6":"product_cat-menu-inaloterapia","7":"product_cat-mascaras-para-nebulizacao","8":"product_tag-inalacao","9":"product_tag-mascara","10":"product_tag-pvc","12":"first","13":"instock","14":"virtual","15":"taxable","16":"purchasable","17":"product-type-simple"},"acf":[],"_links":{"self":[{"href":"https:\/\/www.protec.com.br\/es\/wp-json\/wp\/v2\/product\/4930","targetHints":{"allow":["GET"]}}],"collection":[{"href":"https:\/\/www.protec.com.br\/es\/wp-json\/wp\/v2\/product"}],"about":[{"href":"https:\/\/www.protec.com.br\/es\/wp-json\/wp\/v2\/types\/product"}],"version-history":[{"count":1,"href":"https:\/\/www.protec.com.br\/es\/wp-json\/wp\/v2\/product\/4930\/revisions"}],"predecessor-version":[{"id":43428,"href":"https:\/\/www.protec.com.br\/es\/wp-json\/wp\/v2\/product\/4930\/revisions\/43428"}],"wp:featuredmedia":[{"embeddable":true,"href":"https:\/\/www.protec.com.br\/es\/wp-json\/wp\/v2\/media\/28768"}],"wp:attachment":[{"href":"https:\/\/www.protec.com.br\/es\/wp-json\/wp\/v2\/media?parent=4930"}],"wp:term":[{"taxonomy":"product_brand","embeddable":true,"href":"https:\/\/www.protec.com.br\/es\/wp-json\/wp\/v2\/product_brand?post=4930"},{"taxonomy":"product_cat","embeddable":true,"href":"https:\/\/www.protec.com.br\/es\/wp-json\/wp\/v2\/product_cat?post=4930"},{"taxonomy":"product_tag","embeddable":true,"href":"https:\/\/www.protec.com.br\/es\/wp-json\/wp\/v2\/product_tag?post=4930"}],"curies":[{"name":"wp","href":"https:\/\/api.w.org\/{rel}","templated":true}]}}