{"id":4918,"date":"2022-06-22T12:33:30","date_gmt":"2022-06-22T15:33:30","guid":{"rendered":"https:\/\/www.protec.com.br\/?post_type=product&#038;p=4918"},"modified":"2026-02-12T09:15:03","modified_gmt":"2026-02-12T12:15:03","slug":"mascara-para-traqueostomia-adulto","status":"publish","type":"product","link":"https:\/\/www.protec.com.br\/es\/producto\/mascara-para-traqueostomia-adulto\/","title":{"rendered":"M\u00c1SCARA PARA TRAQUEOSTOMIA ADULTO"},"content":{"rendered":"<p>M\u00c1SCARA PARA TRAQUEOSTOMIA ADULTO<\/p>\n<p><span class=\"fontstyle0\">A M\u00e1scara para Traqueostomia tem a fun\u00e7\u00e3o de auxiliar a ventila\u00e7\u00e3o assistida ao paciente com ar ambiente umidificado ou enriquecido com oxig\u00eanio. \u00c9 indicada no tratamento de paciente com traqueostomia para umidifica\u00e7\u00e3o da traqueia e\/ou oxigenoterapia no processo de ventila\u00e7\u00e3o mec\u00e2nica.<\/span><\/p>","protected":false},"excerpt":{"rendered":"<p><span class=\"fontstyle0\">A M\u00e1scara para Traqueostomia \u00e9 indicada para administra\u00e7\u00e3o de oxig\u00eanio e ou aeross\u00f3is em pacientes com acesso de traqueostomia e laringectomia. Confeccionada em PVC at\u00f3xico, macio e transparente, facilitam assim a visualiza\u00e7\u00e3o durante o uso. Possui faixa el\u00e1stica ajust\u00e1vel e conector com \u00e2ngulo de rota\u00e7\u00e3o de 360\u00b0.<\/span><\/p>\n<p><strong>RMS:<\/strong> 80435140023<\/p>","protected":false},"featured_media":28764,"template":"","meta":{"_acf_changed":false},"product_brand":[],"product_cat":[25,241],"product_tag":[164,163,157,159,162],"class_list":{"0":"post-4918","1":"product","2":"type-product","3":"status-publish","4":"has-post-thumbnail","6":"product_cat-menu-inaloterapia","7":"product_cat-mascaras-para-traqueostomia","8":"product_tag-164","9":"product_tag-conector","10":"product_tag-mascara","11":"product_tag-pvc","12":"product_tag-traqueostomia","14":"first","15":"instock","16":"virtual","17":"taxable","18":"purchasable","19":"product-type-simple"},"acf":[],"_links":{"self":[{"href":"https:\/\/www.protec.com.br\/es\/wp-json\/wp\/v2\/product\/4918","targetHints":{"allow":["GET"]}}],"collection":[{"href":"https:\/\/www.protec.com.br\/es\/wp-json\/wp\/v2\/product"}],"about":[{"href":"https:\/\/www.protec.com.br\/es\/wp-json\/wp\/v2\/types\/product"}],"version-history":[{"count":1,"href":"https:\/\/www.protec.com.br\/es\/wp-json\/wp\/v2\/product\/4918\/revisions"}],"predecessor-version":[{"id":42775,"href":"https:\/\/www.protec.com.br\/es\/wp-json\/wp\/v2\/product\/4918\/revisions\/42775"}],"wp:featuredmedia":[{"embeddable":true,"href":"https:\/\/www.protec.com.br\/es\/wp-json\/wp\/v2\/media\/28764"}],"wp:attachment":[{"href":"https:\/\/www.protec.com.br\/es\/wp-json\/wp\/v2\/media?parent=4918"}],"wp:term":[{"taxonomy":"product_brand","embeddable":true,"href":"https:\/\/www.protec.com.br\/es\/wp-json\/wp\/v2\/product_brand?post=4918"},{"taxonomy":"product_cat","embeddable":true,"href":"https:\/\/www.protec.com.br\/es\/wp-json\/wp\/v2\/product_cat?post=4918"},{"taxonomy":"product_tag","embeddable":true,"href":"https:\/\/www.protec.com.br\/es\/wp-json\/wp\/v2\/product_tag?post=4918"}],"curies":[{"name":"wp","href":"https:\/\/api.w.org\/{rel}","templated":true}]}}