{"id":4890,"date":"2022-06-22T11:33:36","date_gmt":"2022-06-22T14:33:36","guid":{"rendered":"https:\/\/www.protec.com.br\/?post_type=product&#038;p=4890"},"modified":"2026-02-16T15:49:31","modified_gmt":"2026-02-16T18:49:31","slug":"mascara-com-coxim-inflavel-em-pvc-n2-pediatrico","status":"publish","type":"product","link":"https:\/\/www.protec.com.br\/es\/producto\/mascara-com-coxim-inflavel-em-pvc-n2-pediatrico\/","title":{"rendered":"M\u00c1SCARA COM COXIM INFL\u00c1VEL EM PVC PEDI\u00c1TRICO"},"content":{"rendered":"<p>M\u00c1SCARA COXIM INFL\u00c1VEL PVC N\u00b0 2 PEDI\u00c1TRICO<\/p>\n<p>Confeccionadas em PVC flex\u00edvel, as m\u00e1scaras com coxim infl\u00e1vel s\u00e3o macias, leves e muito confort\u00e1veis. O coxim infl\u00e1vel com press\u00e3o regul\u00e1vel \u00e9 a prova de vazamentos e v\u00e1lvula permite o ajuste exato de volume de ar. O bojo e coxim transparentes facilitam a observa\u00e7\u00e3o do paciente.<\/p>","protected":false},"excerpt":{"rendered":"<p>M\u00e1scara para anestesia e reanima\u00e7\u00e3o com coxim infl\u00e1vel em PVC, \u00e0 prova de vazamentos, suave e confort\u00e1vel no design com contorno facial.<\/p>\n<p><strong>RMS: <\/strong>80435140026<\/p>","protected":false},"featured_media":28748,"template":"","meta":{"_acf_changed":false},"product_brand":[],"product_cat":[25,239],"product_tag":[167,157,159,168],"class_list":{"0":"post-4890","1":"product","2":"type-product","3":"status-publish","4":"has-post-thumbnail","6":"product_cat-menu-inaloterapia","7":"product_cat-mascaras-para-anestesia-e-reanimacao-em-pvc","8":"product_tag-coxim","9":"product_tag-mascara","10":"product_tag-pvc","11":"product_tag-transparente","13":"first","14":"instock","15":"virtual","16":"taxable","17":"purchasable","18":"product-type-simple"},"acf":[],"_links":{"self":[{"href":"https:\/\/www.protec.com.br\/es\/wp-json\/wp\/v2\/product\/4890","targetHints":{"allow":["GET"]}}],"collection":[{"href":"https:\/\/www.protec.com.br\/es\/wp-json\/wp\/v2\/product"}],"about":[{"href":"https:\/\/www.protec.com.br\/es\/wp-json\/wp\/v2\/types\/product"}],"version-history":[{"count":1,"href":"https:\/\/www.protec.com.br\/es\/wp-json\/wp\/v2\/product\/4890\/revisions"}],"predecessor-version":[{"id":42784,"href":"https:\/\/www.protec.com.br\/es\/wp-json\/wp\/v2\/product\/4890\/revisions\/42784"}],"wp:featuredmedia":[{"embeddable":true,"href":"https:\/\/www.protec.com.br\/es\/wp-json\/wp\/v2\/media\/28748"}],"wp:attachment":[{"href":"https:\/\/www.protec.com.br\/es\/wp-json\/wp\/v2\/media?parent=4890"}],"wp:term":[{"taxonomy":"product_brand","embeddable":true,"href":"https:\/\/www.protec.com.br\/es\/wp-json\/wp\/v2\/product_brand?post=4890"},{"taxonomy":"product_cat","embeddable":true,"href":"https:\/\/www.protec.com.br\/es\/wp-json\/wp\/v2\/product_cat?post=4890"},{"taxonomy":"product_tag","embeddable":true,"href":"https:\/\/www.protec.com.br\/es\/wp-json\/wp\/v2\/product_tag?post=4890"}],"curies":[{"name":"wp","href":"https:\/\/api.w.org\/{rel}","templated":true}]}}