{"id":4811,"date":"2022-06-21T16:57:43","date_gmt":"2022-06-21T19:57:43","guid":{"rendered":"https:\/\/www.protec.com.br\/?post_type=product&#038;p=4811"},"modified":"2026-02-12T11:59:26","modified_gmt":"2026-02-12T14:59:26","slug":"kit-05-pecas-diafragma-botao-valvula-reanimador","status":"publish","type":"product","link":"https:\/\/www.protec.com.br\/es\/producto\/kit-05-pecas-diafragma-botao-valvula-reanimador\/","title":{"rendered":"KIT 05 PE\u00c7AS DIAFRAGMA BOT\u00c3O V\u00c1LVULA REANIMADOR"},"content":{"rendered":"<p>KIT 05 PE\u00c7AS DIAFRAGMA BOT\u00c3O V\u00c1LVULA REANIMADOR<\/p>","protected":false},"excerpt":{"rendered":"<p>KIT 05 PE\u00c7AS DIAFRAGMA BOT\u00c3O V\u00c1LVULA REANIMADOR<\/p>\n<p>&nbsp;<\/p>","protected":false},"featured_media":28646,"template":"","meta":{"_acf_changed":false},"product_brand":[],"product_cat":[25,234],"product_tag":[],"class_list":{"0":"post-4811","1":"product","2":"type-product","3":"status-publish","4":"has-post-thumbnail","6":"product_cat-menu-inaloterapia","7":"product_cat-kits-de-reposicao-reanimadores","9":"first","10":"instock","11":"virtual","12":"taxable","13":"purchasable","14":"product-type-simple"},"acf":[],"_links":{"self":[{"href":"https:\/\/www.protec.com.br\/es\/wp-json\/wp\/v2\/product\/4811","targetHints":{"allow":["GET"]}}],"collection":[{"href":"https:\/\/www.protec.com.br\/es\/wp-json\/wp\/v2\/product"}],"about":[{"href":"https:\/\/www.protec.com.br\/es\/wp-json\/wp\/v2\/types\/product"}],"version-history":[{"count":1,"href":"https:\/\/www.protec.com.br\/es\/wp-json\/wp\/v2\/product\/4811\/revisions"}],"predecessor-version":[{"id":43736,"href":"https:\/\/www.protec.com.br\/es\/wp-json\/wp\/v2\/product\/4811\/revisions\/43736"}],"wp:featuredmedia":[{"embeddable":true,"href":"https:\/\/www.protec.com.br\/es\/wp-json\/wp\/v2\/media\/28646"}],"wp:attachment":[{"href":"https:\/\/www.protec.com.br\/es\/wp-json\/wp\/v2\/media?parent=4811"}],"wp:term":[{"taxonomy":"product_brand","embeddable":true,"href":"https:\/\/www.protec.com.br\/es\/wp-json\/wp\/v2\/product_brand?post=4811"},{"taxonomy":"product_cat","embeddable":true,"href":"https:\/\/www.protec.com.br\/es\/wp-json\/wp\/v2\/product_cat?post=4811"},{"taxonomy":"product_tag","embeddable":true,"href":"https:\/\/www.protec.com.br\/es\/wp-json\/wp\/v2\/product_tag?post=4811"}],"curies":[{"name":"wp","href":"https:\/\/api.w.org\/{rel}","templated":true}]}}