{"id":4775,"date":"2022-06-21T12:19:36","date_gmt":"2022-06-21T15:19:36","guid":{"rendered":"https:\/\/www.protec.com.br\/?post_type=product&#038;p=4775"},"modified":"2026-02-13T10:16:14","modified_gmt":"2026-02-13T13:16:14","slug":"kit-10-pecas-diafragma-o46mm-valvula-ifr","status":"publish","type":"product","link":"https:\/\/www.protec.com.br\/es\/producto\/kit-10-pecas-diafragma-o46mm-valvula-ifr\/","title":{"rendered":"KIT 10 PE\u00c7AS DIAFRAGMA \u00d846MM V\u00c1LVULA IFR"},"content":{"rendered":"<p>KIT 10 PE\u00c7AS DIAFRAGMA \u00d846MM V\u00c1LVULA IFR<\/p>","protected":false},"excerpt":{"rendered":"<p>KIT 10 PE\u00c7AS DIAFRAGMA \u00d846MM V\u00c1LVULA IFR<\/p>\n<p>ATENDE O REANIMADOR PREMIUM E STANDARD<\/p>","protected":false},"featured_media":28706,"template":"","meta":{"_acf_changed":false},"product_brand":[],"product_cat":[25],"product_tag":[],"class_list":{"0":"post-4775","1":"product","2":"type-product","3":"status-publish","4":"has-post-thumbnail","6":"product_cat-menu-inaloterapia","8":"first","9":"instock","10":"virtual","11":"taxable","12":"purchasable","13":"product-type-simple"},"acf":[],"_links":{"self":[{"href":"https:\/\/www.protec.com.br\/es\/wp-json\/wp\/v2\/product\/4775","targetHints":{"allow":["GET"]}}],"collection":[{"href":"https:\/\/www.protec.com.br\/es\/wp-json\/wp\/v2\/product"}],"about":[{"href":"https:\/\/www.protec.com.br\/es\/wp-json\/wp\/v2\/types\/product"}],"version-history":[{"count":1,"href":"https:\/\/www.protec.com.br\/es\/wp-json\/wp\/v2\/product\/4775\/revisions"}],"predecessor-version":[{"id":43776,"href":"https:\/\/www.protec.com.br\/es\/wp-json\/wp\/v2\/product\/4775\/revisions\/43776"}],"wp:featuredmedia":[{"embeddable":true,"href":"https:\/\/www.protec.com.br\/es\/wp-json\/wp\/v2\/media\/28706"}],"wp:attachment":[{"href":"https:\/\/www.protec.com.br\/es\/wp-json\/wp\/v2\/media?parent=4775"}],"wp:term":[{"taxonomy":"product_brand","embeddable":true,"href":"https:\/\/www.protec.com.br\/es\/wp-json\/wp\/v2\/product_brand?post=4775"},{"taxonomy":"product_cat","embeddable":true,"href":"https:\/\/www.protec.com.br\/es\/wp-json\/wp\/v2\/product_cat?post=4775"},{"taxonomy":"product_tag","embeddable":true,"href":"https:\/\/www.protec.com.br\/es\/wp-json\/wp\/v2\/product_tag?post=4775"}],"curies":[{"name":"wp","href":"https:\/\/api.w.org\/{rel}","templated":true}]}}