{"id":4709,"date":"2022-06-20T10:52:07","date_gmt":"2022-06-20T13:52:07","guid":{"rendered":"https:\/\/www.protec.com.br\/?post_type=product&#038;p=4709"},"modified":"2026-02-13T14:13:49","modified_gmt":"2026-02-13T17:13:49","slug":"extensao-umidificador-pvc-com-mascara-adulto-150m","status":"publish","type":"product","link":"https:\/\/www.protec.com.br\/es\/producto\/extensao-umidificador-pvc-com-mascara-adulto-150m\/","title":{"rendered":"EXTENS\u00c3O UMIDIFICADOR PVC COM M\u00c1SCARA ADULTO 1,50M"},"content":{"rendered":"","protected":false},"excerpt":{"rendered":"<p>(MANGUEIRA, CONECTOR, BICO, M\u00c1SCARA)<\/p>","protected":false},"featured_media":28682,"template":"","meta":{"_acf_changed":false},"product_brand":[],"product_cat":[25,229],"product_tag":[],"class_list":{"0":"post-4709","1":"product","2":"type-product","3":"status-publish","4":"has-post-thumbnail","6":"product_cat-menu-inaloterapia","7":"product_cat-kits-de-reposicao-umidificadores","9":"first","10":"instock","11":"virtual","12":"taxable","13":"purchasable","14":"product-type-simple"},"acf":[],"_links":{"self":[{"href":"https:\/\/www.protec.com.br\/es\/wp-json\/wp\/v2\/product\/4709","targetHints":{"allow":["GET"]}}],"collection":[{"href":"https:\/\/www.protec.com.br\/es\/wp-json\/wp\/v2\/product"}],"about":[{"href":"https:\/\/www.protec.com.br\/es\/wp-json\/wp\/v2\/types\/product"}],"version-history":[{"count":1,"href":"https:\/\/www.protec.com.br\/es\/wp-json\/wp\/v2\/product\/4709\/revisions"}],"predecessor-version":[{"id":43392,"href":"https:\/\/www.protec.com.br\/es\/wp-json\/wp\/v2\/product\/4709\/revisions\/43392"}],"wp:featuredmedia":[{"embeddable":true,"href":"https:\/\/www.protec.com.br\/es\/wp-json\/wp\/v2\/media\/28682"}],"wp:attachment":[{"href":"https:\/\/www.protec.com.br\/es\/wp-json\/wp\/v2\/media?parent=4709"}],"wp:term":[{"taxonomy":"product_brand","embeddable":true,"href":"https:\/\/www.protec.com.br\/es\/wp-json\/wp\/v2\/product_brand?post=4709"},{"taxonomy":"product_cat","embeddable":true,"href":"https:\/\/www.protec.com.br\/es\/wp-json\/wp\/v2\/product_cat?post=4709"},{"taxonomy":"product_tag","embeddable":true,"href":"https:\/\/www.protec.com.br\/es\/wp-json\/wp\/v2\/product_tag?post=4709"}],"curies":[{"name":"wp","href":"https:\/\/api.w.org\/{rel}","templated":true}]}}