{"id":4613,"date":"2022-06-10T15:35:08","date_gmt":"2022-06-10T18:35:08","guid":{"rendered":"https:\/\/www.protec.com.br\/?post_type=product&#038;p=4613"},"modified":"2026-02-12T16:17:47","modified_gmt":"2026-02-12T19:17:47","slug":"extensao-silicone-o-128-x-o-72-para-aspirador-evolution","status":"publish","type":"product","link":"https:\/\/www.protec.com.br\/es\/producto\/extensao-silicone-o-128-x-o-72-para-aspirador-evolution\/","title":{"rendered":"EXTENS\u00c3O SILICONE \u00d8 12,8 X \u00d8 7,2 PARA ASPIRADOR EVOLUTION"},"content":{"rendered":"<p>EXTENS\u00c3O SILICONE \u00d8 12,8 X \u00d8 7,2 PARA\u00a0 ASPIRADOR EVOLUTION<\/p>","protected":false},"excerpt":{"rendered":"<p>EXTENS\u00c3O SILICONE \u00d8 12,8 X \u00d8 7,2 PARA\u00a0 ASPIRADOR EVOLUTION<\/p>","protected":false},"featured_media":28643,"template":"","meta":{"_acf_changed":false},"product_brand":[],"product_cat":[215],"product_tag":[],"class_list":{"0":"post-4613","1":"product","2":"type-product","3":"status-publish","4":"has-post-thumbnail","6":"product_cat-acessorios-para-aspiradores-evolution","8":"first","9":"instock","10":"virtual","11":"taxable","12":"purchasable","13":"product-type-simple"},"acf":[],"_links":{"self":[{"href":"https:\/\/www.protec.com.br\/es\/wp-json\/wp\/v2\/product\/4613","targetHints":{"allow":["GET"]}}],"collection":[{"href":"https:\/\/www.protec.com.br\/es\/wp-json\/wp\/v2\/product"}],"about":[{"href":"https:\/\/www.protec.com.br\/es\/wp-json\/wp\/v2\/types\/product"}],"version-history":[{"count":1,"href":"https:\/\/www.protec.com.br\/es\/wp-json\/wp\/v2\/product\/4613\/revisions"}],"predecessor-version":[{"id":43755,"href":"https:\/\/www.protec.com.br\/es\/wp-json\/wp\/v2\/product\/4613\/revisions\/43755"}],"wp:featuredmedia":[{"embeddable":true,"href":"https:\/\/www.protec.com.br\/es\/wp-json\/wp\/v2\/media\/28643"}],"wp:attachment":[{"href":"https:\/\/www.protec.com.br\/es\/wp-json\/wp\/v2\/media?parent=4613"}],"wp:term":[{"taxonomy":"product_brand","embeddable":true,"href":"https:\/\/www.protec.com.br\/es\/wp-json\/wp\/v2\/product_brand?post=4613"},{"taxonomy":"product_cat","embeddable":true,"href":"https:\/\/www.protec.com.br\/es\/wp-json\/wp\/v2\/product_cat?post=4613"},{"taxonomy":"product_tag","embeddable":true,"href":"https:\/\/www.protec.com.br\/es\/wp-json\/wp\/v2\/product_tag?post=4613"}],"curies":[{"name":"wp","href":"https:\/\/api.w.org\/{rel}","templated":true}]}}