{"id":4611,"date":"2022-06-09T17:20:49","date_gmt":"2022-06-09T20:20:49","guid":{"rendered":"https:\/\/www.protec.com.br\/?post_type=product&#038;p=4611"},"modified":"2026-02-16T14:34:10","modified_gmt":"2026-02-16T17:34:10","slug":"kit-tampa-nylon-completo-para-frasco-3-ou-5-litros-compativel","status":"publish","type":"product","link":"https:\/\/www.protec.com.br\/es\/producto\/kit-tampa-nylon-completo-para-frasco-3-ou-5-litros-compativel\/","title":{"rendered":"TAPA DE NYLON PARA BOTELLA DE VIDRIO O PP DE 3 O 5L"},"content":{"rendered":"<p>Projetado para uso em conjunto com o frasco de aspira\u00e7\u00e3o, tem como finalidade armazenar l\u00edquidos, secre\u00e7\u00f5es e sangue aspirados durante procedimento m\u00e9dico cir\u00fargico hospitalar ou clinico.<\/p>\n<p>KIT TAMPA COMPLETO P\/ FRASCO 3 OU 5 LTS COMPAT\u00cdVEL C\/ OS FRASCOS: 005699\u00a0 3 LITROS e 005646 1,5 LITROS.<\/p>","protected":false},"excerpt":{"rendered":"<p>Projetado para uso em conjunto com o frasco de aspira\u00e7\u00e3o, tem como finalidade armazenar l\u00edquidos, secre\u00e7\u00f5es e sangue aspirados durante procedimento m\u00e9dico cir\u00fargico hospitalar ou clinico.<\/p>\n<p>KIT TAMPA COMPLETO P\/ FRASCO 3 OU 5 LTS COMPAT\u00cdVEL C\/ OS FRASCOS: 005699\u00a0 3 LITROS e 005646 1,5 LITROS.<\/p>","protected":false},"featured_media":28642,"template":"","meta":{"_acf_changed":false},"product_brand":[],"product_cat":[215,354],"product_tag":[186],"class_list":{"0":"post-4611","1":"product","2":"type-product","3":"status-publish","4":"has-post-thumbnail","6":"product_cat-acessorios-para-aspiradores-evolution","7":"product_cat-tampas-para-frascos","8":"product_tag-tampa","10":"first","11":"instock","12":"virtual","13":"taxable","14":"purchasable","15":"product-type-simple"},"acf":[],"_links":{"self":[{"href":"https:\/\/www.protec.com.br\/es\/wp-json\/wp\/v2\/product\/4611","targetHints":{"allow":["GET"]}}],"collection":[{"href":"https:\/\/www.protec.com.br\/es\/wp-json\/wp\/v2\/product"}],"about":[{"href":"https:\/\/www.protec.com.br\/es\/wp-json\/wp\/v2\/types\/product"}],"version-history":[{"count":2,"href":"https:\/\/www.protec.com.br\/es\/wp-json\/wp\/v2\/product\/4611\/revisions"}],"predecessor-version":[{"id":43907,"href":"https:\/\/www.protec.com.br\/es\/wp-json\/wp\/v2\/product\/4611\/revisions\/43907"}],"wp:featuredmedia":[{"embeddable":true,"href":"https:\/\/www.protec.com.br\/es\/wp-json\/wp\/v2\/media\/28642"}],"wp:attachment":[{"href":"https:\/\/www.protec.com.br\/es\/wp-json\/wp\/v2\/media?parent=4611"}],"wp:term":[{"taxonomy":"product_brand","embeddable":true,"href":"https:\/\/www.protec.com.br\/es\/wp-json\/wp\/v2\/product_brand?post=4611"},{"taxonomy":"product_cat","embeddable":true,"href":"https:\/\/www.protec.com.br\/es\/wp-json\/wp\/v2\/product_cat?post=4611"},{"taxonomy":"product_tag","embeddable":true,"href":"https:\/\/www.protec.com.br\/es\/wp-json\/wp\/v2\/product_tag?post=4611"}],"curies":[{"name":"wp","href":"https:\/\/api.w.org\/{rel}","templated":true}]}}