{"id":4608,"date":"2022-06-09T16:55:53","date_gmt":"2022-06-09T19:55:53","guid":{"rendered":"https:\/\/www.protec.com.br\/?post_type=product&#038;p=4608"},"modified":"2026-02-12T16:20:00","modified_gmt":"2026-02-12T19:20:00","slug":"tampa-azul-com-boia-frasco-5-litros-aut-134c","status":"publish","type":"product","link":"https:\/\/www.protec.com.br\/es\/producto\/tampa-azul-com-boia-frasco-5-litros-aut-134c\/","title":{"rendered":"TAPA AZUL CON TRAMPA DE AGUA PARA BOTELLA AUTOCLAV DE 5L"},"content":{"rendered":"<p>Tampa confeccionada em Poliamida (PA)\u00a0 para frasco de aspira\u00e7\u00e3o 5 litros autoclav\u00e1vel 134\u00b0C\u00a0 muito resistente \u00e0 quedas e impactos.\u00a0 Projetado para uso em conjunto com o frasco de aspira\u00e7\u00e3o, tem como finalidade armazenar l\u00edquidos, secre\u00e7\u00f5es e sangue aspirados durante procedimento m\u00e9dico cir\u00fargico hospitalar ou clinico.<\/p>","protected":false},"excerpt":{"rendered":"<p>Tampa confeccionada em Poliamida (PA)\u00a0 para frasco de aspira\u00e7\u00e3o 5 litros autoclav\u00e1vel 134\u00b0C, muito resistente \u00e0 quedas e impactos.\u00a0 Projetado para uso em conjunto com o frasco de aspira\u00e7\u00e3o, tem como finalidade armazenar l\u00edquidos, secre\u00e7\u00f5es e sangue aspirados durante procedimento m\u00e9dico cir\u00fargico hospitalar ou clinico.<\/p>","protected":false},"featured_media":28640,"template":"","meta":{"_acf_changed":false},"product_brand":[],"product_cat":[354],"product_tag":[187,188,189,185,186],"class_list":{"0":"post-4608","1":"product","2":"type-product","3":"status-publish","4":"has-post-thumbnail","6":"product_cat-tampas-para-frascos","7":"product_tag-aspirador","8":"product_tag-cirurgico","9":"product_tag-evolution","10":"product_tag-frasco","11":"product_tag-tampa","13":"first","14":"instock","15":"virtual","16":"taxable","17":"purchasable","18":"product-type-simple"},"acf":[],"_links":{"self":[{"href":"https:\/\/www.protec.com.br\/es\/wp-json\/wp\/v2\/product\/4608","targetHints":{"allow":["GET"]}}],"collection":[{"href":"https:\/\/www.protec.com.br\/es\/wp-json\/wp\/v2\/product"}],"about":[{"href":"https:\/\/www.protec.com.br\/es\/wp-json\/wp\/v2\/types\/product"}],"version-history":[{"count":1,"href":"https:\/\/www.protec.com.br\/es\/wp-json\/wp\/v2\/product\/4608\/revisions"}],"predecessor-version":[{"id":39715,"href":"https:\/\/www.protec.com.br\/es\/wp-json\/wp\/v2\/product\/4608\/revisions\/39715"}],"wp:featuredmedia":[{"embeddable":true,"href":"https:\/\/www.protec.com.br\/es\/wp-json\/wp\/v2\/media\/28640"}],"wp:attachment":[{"href":"https:\/\/www.protec.com.br\/es\/wp-json\/wp\/v2\/media?parent=4608"}],"wp:term":[{"taxonomy":"product_brand","embeddable":true,"href":"https:\/\/www.protec.com.br\/es\/wp-json\/wp\/v2\/product_brand?post=4608"},{"taxonomy":"product_cat","embeddable":true,"href":"https:\/\/www.protec.com.br\/es\/wp-json\/wp\/v2\/product_cat?post=4608"},{"taxonomy":"product_tag","embeddable":true,"href":"https:\/\/www.protec.com.br\/es\/wp-json\/wp\/v2\/product_tag?post=4608"}],"curies":[{"name":"wp","href":"https:\/\/api.w.org\/{rel}","templated":true}]}}