{"id":4605,"date":"2022-06-09T16:48:00","date_gmt":"2022-06-09T19:48:00","guid":{"rendered":"https:\/\/www.protec.com.br\/?post_type=product&#038;p=4605"},"modified":"2026-02-12T16:24:31","modified_gmt":"2026-02-12T19:24:31","slug":"tampa-cinza-sem-sensor-frasco-5-litros-aspirador-10-000","status":"publish","type":"product","link":"https:\/\/www.protec.com.br\/es\/producto\/tampa-cinza-sem-sensor-frasco-5-litros-aspirador-10-000\/","title":{"rendered":"TAPA GRIS SIN SENSOR PARA BOTELLA 5L"},"content":{"rendered":"<p>Tampa confeccionada em Polipropileno (PP) sem sensor para frasco de aspira\u00e7\u00e3o Evolution 10.000 muito resistente \u00e0 quedas e impactos.\u00a0 Projetado para uso em conjunto com o frasco de aspira\u00e7\u00e3o Evolution 10.000, tem como finalidade armazenar l\u00edquidos, secre\u00e7\u00f5es e sangue aspirados durante procedimento m\u00e9dico cir\u00fargico hospitalar ou clinico.<\/p>","protected":false},"excerpt":{"rendered":"<p>Tampa sem sensor para frasco de aspira\u00e7\u00e3o Evolution 10.000 muito resistente \u00e0 quedas e impactos.\u00a0 Projetado para uso em conjunto com o frasco de aspira\u00e7\u00e3o Evolution 10.000, tem como finalidade armazenar l\u00edquidos, secre\u00e7\u00f5es e sangue aspirados durante procedimento m\u00e9dico cir\u00fargico hospitalar ou clinico.<\/p>","protected":false},"featured_media":28638,"template":"","meta":{"_acf_changed":false},"product_brand":[],"product_cat":[215,354],"product_tag":[187,188,189,185,186],"class_list":{"0":"post-4605","1":"product","2":"type-product","3":"status-publish","4":"has-post-thumbnail","6":"product_cat-acessorios-para-aspiradores-evolution","7":"product_cat-tampas-para-frascos","8":"product_tag-aspirador","9":"product_tag-cirurgico","10":"product_tag-evolution","11":"product_tag-frasco","12":"product_tag-tampa","14":"first","15":"instock","16":"virtual","17":"taxable","18":"purchasable","19":"product-type-simple"},"acf":[],"_links":{"self":[{"href":"https:\/\/www.protec.com.br\/es\/wp-json\/wp\/v2\/product\/4605","targetHints":{"allow":["GET"]}}],"collection":[{"href":"https:\/\/www.protec.com.br\/es\/wp-json\/wp\/v2\/product"}],"about":[{"href":"https:\/\/www.protec.com.br\/es\/wp-json\/wp\/v2\/types\/product"}],"version-history":[{"count":1,"href":"https:\/\/www.protec.com.br\/es\/wp-json\/wp\/v2\/product\/4605\/revisions"}],"predecessor-version":[{"id":43759,"href":"https:\/\/www.protec.com.br\/es\/wp-json\/wp\/v2\/product\/4605\/revisions\/43759"}],"wp:featuredmedia":[{"embeddable":true,"href":"https:\/\/www.protec.com.br\/es\/wp-json\/wp\/v2\/media\/28638"}],"wp:attachment":[{"href":"https:\/\/www.protec.com.br\/es\/wp-json\/wp\/v2\/media?parent=4605"}],"wp:term":[{"taxonomy":"product_brand","embeddable":true,"href":"https:\/\/www.protec.com.br\/es\/wp-json\/wp\/v2\/product_brand?post=4605"},{"taxonomy":"product_cat","embeddable":true,"href":"https:\/\/www.protec.com.br\/es\/wp-json\/wp\/v2\/product_cat?post=4605"},{"taxonomy":"product_tag","embeddable":true,"href":"https:\/\/www.protec.com.br\/es\/wp-json\/wp\/v2\/product_tag?post=4605"}],"curies":[{"name":"wp","href":"https:\/\/api.w.org\/{rel}","templated":true}]}}