{"id":39494,"date":"2025-07-16T11:31:46","date_gmt":"2025-07-16T14:31:46","guid":{"rendered":"https:\/\/www.protec.com.br\/?post_type=product&#038;p=39494"},"modified":"2026-02-19T17:02:14","modified_gmt":"2026-02-19T20:02:14","slug":"sensor-para-oximetria-infantil-2","status":"publish","type":"product","link":"https:\/\/www.protec.com.br\/es\/producto\/sensor-para-oximetria-infantil-2\/","title":{"rendered":"SENSOR PARA OXIMETRIA INFANTIL SY01-BL2"},"content":{"rendered":"<h3 data-start=\"213\" data-end=\"306\">Sensor para Oximetria Infantil\/Neonatal \u2013 Precis\u00e3o e Seguran\u00e7a<\/h3>\n<p data-start=\"308\" data-end=\"737\">El <strong data-start=\"310\" data-end=\"353\">sensor para oximetria infantil\/neonatal<\/strong> foi desenvolvido para proporcionar medi\u00e7\u00f5es precisas e seguras da satura\u00e7\u00e3o de oxig\u00eanio (SpO\u2082) e frequ\u00eancia de pulso em pacientes pedi\u00e1tricos e rec\u00e9m-nascidos. Este acess\u00f3rio \u00e9 essencial em ambientes cl\u00ednicos e hospitalares que atendem pacientes em fase neonatal ou pedi\u00e1trica.<\/p>\n<p data-start=\"739\" data-end=\"1002\">Fabricado com materiais leves, flex\u00edveis e de alta sensibilidade, o sensor neonatal foi projetado especialmente para a delicada anatomia dos beb\u00eas e crian\u00e7as pequenas, reduzindo o risco de les\u00f5es na pele e proporcionando conforto durante o monitoramento cont\u00ednuo.<\/p>\n<h4 data-start=\"1004\" data-end=\"1036\">Principais caracter\u00edsticas:<\/h4>\n<ul data-start=\"1037\" data-end=\"1372\">\n<li data-start=\"1037\" data-end=\"1100\">\n<p data-start=\"1039\" data-end=\"1100\"><strong data-start=\"1039\" data-end=\"1056\">Alta precis\u00e3o<\/strong> em situa\u00e7\u00f5es de baixa perfus\u00e3o perif\u00e9rica<\/p>\n<\/li>\n<li data-start=\"1101\" data-end=\"1167\">\n<p data-start=\"1103\" data-end=\"1167\"><strong data-start=\"1103\" data-end=\"1138\">Design ergon\u00f4mico e confort\u00e1vel<\/strong>, ideal para uso prolongado<\/p>\n<\/li>\n<li data-start=\"1168\" data-end=\"1244\"><strong data-start=\"1247\" data-end=\"1277\">Leitura r\u00e1pida e confi\u00e1vel<\/strong> dos sinais vitais<\/li>\n<\/ul>\n<p data-start=\"1374\" data-end=\"1596\">O uso do <strong data-start=\"1383\" data-end=\"1419\">sensor de oximetria infantil\/neo<\/strong> \u00e9 indicado para unidades de terapia intensiva neonatal (UTIN), pronto-atendimentos pedi\u00e1tricos, ambulat\u00f3rios, transporte de pacientes e monitoramento domiciliar supervisionado.<\/p>\n<blockquote data-start=\"1598\" data-end=\"1696\">\n<p data-start=\"1600\" data-end=\"1696\"><strong data-start=\"1600\" data-end=\"1612\">Aten\u00e7\u00e3o:<\/strong> verifique a compatibilidade do sensor com o modelo do seu ox\u00edmetro antes da compra.<\/p>\n<\/blockquote>\n<p data-start=\"1698\" data-end=\"1943\">Garanta mais seguran\u00e7a, efici\u00eancia e cuidado no monitoramento de pacientes pedi\u00e1tricos com sensores desenvolvidos especialmente para essa faixa et\u00e1ria. Ideal para profissionais da sa\u00fade que priorizam qualidade e precis\u00e3o no atendimento neonatal.<\/p>","protected":false},"excerpt":{"rendered":"<p>El <strong data-start=\"310\" data-end=\"353\">sensor para oximetria infantil\/neonatal<\/strong> foi desenvolvido para proporcionar medi\u00e7\u00f5es precisas e seguras da satura\u00e7\u00e3o de oxig\u00eanio (SpO\u2082) e frequ\u00eancia de pulso em pacientes pedi\u00e1tricos e rec\u00e9m-nascidos.<\/p>","protected":false},"featured_media":39495,"template":"","meta":{"_acf_changed":false},"product_brand":[],"product_cat":[296],"product_tag":[],"class_list":{"0":"post-39494","1":"product","2":"type-product","3":"status-publish","4":"has-post-thumbnail","6":"product_cat-sensores-de-oximetria","8":"first","9":"instock","10":"virtual","11":"taxable","12":"purchasable","13":"product-type-simple"},"acf":[],"_links":{"self":[{"href":"https:\/\/www.protec.com.br\/es\/wp-json\/wp\/v2\/product\/39494","targetHints":{"allow":["GET"]}}],"collection":[{"href":"https:\/\/www.protec.com.br\/es\/wp-json\/wp\/v2\/product"}],"about":[{"href":"https:\/\/www.protec.com.br\/es\/wp-json\/wp\/v2\/types\/product"}],"version-history":[{"count":3,"href":"https:\/\/www.protec.com.br\/es\/wp-json\/wp\/v2\/product\/39494\/revisions"}],"predecessor-version":[{"id":39507,"href":"https:\/\/www.protec.com.br\/es\/wp-json\/wp\/v2\/product\/39494\/revisions\/39507"}],"wp:featuredmedia":[{"embeddable":true,"href":"https:\/\/www.protec.com.br\/es\/wp-json\/wp\/v2\/media\/39495"}],"wp:attachment":[{"href":"https:\/\/www.protec.com.br\/es\/wp-json\/wp\/v2\/media?parent=39494"}],"wp:term":[{"taxonomy":"product_brand","embeddable":true,"href":"https:\/\/www.protec.com.br\/es\/wp-json\/wp\/v2\/product_brand?post=39494"},{"taxonomy":"product_cat","embeddable":true,"href":"https:\/\/www.protec.com.br\/es\/wp-json\/wp\/v2\/product_cat?post=39494"},{"taxonomy":"product_tag","embeddable":true,"href":"https:\/\/www.protec.com.br\/es\/wp-json\/wp\/v2\/product_tag?post=39494"}],"curies":[{"name":"wp","href":"https:\/\/api.w.org\/{rel}","templated":true}]}}