{"id":3561,"date":"2020-04-15T15:12:15","date_gmt":"2020-04-15T18:12:15","guid":{"rendered":"https:\/\/projeto.online\/protec\/?post_type=product&#038;p=3561"},"modified":"2026-02-13T16:07:46","modified_gmt":"2026-02-13T19:07:46","slug":"dreno-coletor-de-agua","status":"publish","type":"product","link":"https:\/\/www.protec.com.br\/es\/producto\/dreno-coletor-de-agua\/","title":{"rendered":"DRENO COLETOR DE \u00c1GUA PSU AUT 134\u00b0"},"content":{"rendered":"","protected":false},"excerpt":{"rendered":"<p>O Dreno coletor de \u00e1gua \u00e9 indicado para uso na conex\u00e3o de traqueias usadas em circuitos respirat\u00f3rios com objetivo de drenar a umidade existente no circuito.<\/p>\n<p><strong>RMS:<\/strong>80435140044<\/p>","protected":false},"featured_media":28619,"template":"","meta":{"_acf_changed":false},"product_brand":[],"product_cat":[21,281],"product_tag":[],"class_list":{"0":"post-3561","1":"product","2":"type-product","3":"status-publish","4":"has-post-thumbnail","6":"product_cat-menu-anestesia","7":"product_cat-dreno-coletor-de-agua","9":"first","10":"instock","11":"virtual","12":"taxable","13":"purchasable","14":"product-type-simple"},"acf":[],"_links":{"self":[{"href":"https:\/\/www.protec.com.br\/es\/wp-json\/wp\/v2\/product\/3561","targetHints":{"allow":["GET"]}}],"collection":[{"href":"https:\/\/www.protec.com.br\/es\/wp-json\/wp\/v2\/product"}],"about":[{"href":"https:\/\/www.protec.com.br\/es\/wp-json\/wp\/v2\/types\/product"}],"version-history":[{"count":1,"href":"https:\/\/www.protec.com.br\/es\/wp-json\/wp\/v2\/product\/3561\/revisions"}],"predecessor-version":[{"id":41772,"href":"https:\/\/www.protec.com.br\/es\/wp-json\/wp\/v2\/product\/3561\/revisions\/41772"}],"wp:featuredmedia":[{"embeddable":true,"href":"https:\/\/www.protec.com.br\/es\/wp-json\/wp\/v2\/media\/28619"}],"wp:attachment":[{"href":"https:\/\/www.protec.com.br\/es\/wp-json\/wp\/v2\/media?parent=3561"}],"wp:term":[{"taxonomy":"product_brand","embeddable":true,"href":"https:\/\/www.protec.com.br\/es\/wp-json\/wp\/v2\/product_brand?post=3561"},{"taxonomy":"product_cat","embeddable":true,"href":"https:\/\/www.protec.com.br\/es\/wp-json\/wp\/v2\/product_cat?post=3561"},{"taxonomy":"product_tag","embeddable":true,"href":"https:\/\/www.protec.com.br\/es\/wp-json\/wp\/v2\/product_tag?post=3561"}],"curies":[{"name":"wp","href":"https:\/\/api.w.org\/{rel}","templated":true}]}}