{"id":3500,"date":"2020-04-13T15:14:45","date_gmt":"2020-04-13T18:14:45","guid":{"rendered":"https:\/\/projeto.online\/protec\/?post_type=product&#038;p=3500"},"modified":"2026-02-19T17:02:12","modified_gmt":"2026-02-19T20:02:12","slug":"celula-de-oxigenio-para-ventilador-3","status":"publish","type":"product","link":"https:\/\/www.protec.com.br\/es\/producto\/celula-de-oxigenio-para-ventilador-3\/","title":{"rendered":"SENSOR DE OX\u00cdGENO MOEM0389"},"content":{"rendered":"<div class=\"hide-scrollbar markdown prose relative w-full max-w-none overflow-x-scroll break-words text-base leading-7 first:mt-0 prose-headings:first:mt-0 prose-strong:font-bold prose-thead:font-bold light:text-[#3E4247] dark:text-[#EBEBEB] prose-headings:light:text-[#3E4247]\">\n<div>\n<div>\n<p class=\"mb-3 mt-0\" data-copy-text=\"true\">A <strong>C\u00e9lula de Oxig\u00eanio<\/strong> foI projetada para atender \u00e0s demandas mais exigentes de monitoramento de oxig\u00eanio em ventiladores pulmonares e equipamentos de anestesia. Essenciais para o suporte \u00e0 vida em ambientes m\u00e9dicos cr\u00edticos, oferecem alta precis\u00e3o na medi\u00e7\u00e3o da concentra\u00e7\u00e3o de oxig\u00eanio, garantindo confiabilidade e seguran\u00e7a no cuidado aos pacientes.<\/p>\n<\/div>\n<\/div>\n<\/div>\n<div class=\"hide-scrollbar markdown prose relative w-full max-w-none overflow-x-scroll break-words text-base leading-7 first:mt-0 prose-headings:first:mt-0 prose-strong:font-bold prose-thead:font-bold light:text-[#3E4247] dark:text-[#EBEBEB] prose-headings:light:text-[#3E4247]\">\n<div>\n<div>\n<p class=\"mb-3 mt-0\" data-copy-text=\"true\">Desenvolvidas com tecnologias avan\u00e7adas, nossas c\u00e9lulas de oxig\u00eanio possuem alta durabilidade, oferecimento de dados consistentes e compatibilidade com uma ampla gama de equipamentos m\u00e9dicos, incluindo as principais marcas globais presentes no mercado de dispositivos hospitalares.<\/p>\n<p class=\"mb-3 mt-0\" data-copy-text=\"true\">Benef\u00edcios e Caracter\u00edsticas Principais:<\/p>\n<\/div>\n<\/div>\n<\/div>\n<div class=\"hide-scrollbar markdown prose relative w-full max-w-none overflow-x-scroll break-words text-base leading-7 first:mt-0 prose-headings:first:mt-0 prose-strong:font-bold prose-thead:font-bold light:text-[#3E4247] dark:text-[#EBEBEB] prose-headings:light:text-[#3E4247] animate-typing\">\n<div>\n<div>\n<ul class=\"mb-2 mt-0\">\n<li class=\"my-[5px] first:mt-0 last:mb-0\" data-copy-text=\"true\"><strong>Medi\u00e7\u00e3o Confi\u00e1vel:<\/strong> Monitoramento preciso dos n\u00edveis de oxig\u00eanio, mesmo em longos per\u00edodos de opera\u00e7\u00e3o.<\/li>\n<li class=\"my-[5px] first:mt-0 last:mb-0\" data-copy-text=\"true\"><strong>Durabilidade Estendida:<\/strong> Constru\u00e7\u00e3o robusta para suportar demandas cont\u00ednuas em ambientes intensivos.<\/li>\n<li class=\"my-[5px] first:mt-0 last:mb-0\" data-copy-text=\"true\"><strong>Compat\u00edvel com Diversos Equipamentos:<\/strong> Ampla compatibilidade com ventiladores pulmonares e aparelhos de anestesia l\u00edderes de mercado.<\/li>\n<li class=\"my-[5px] first:mt-0 last:mb-0\" data-copy-text=\"true\"><strong>F\u00e1cil Substitui\u00e7\u00e3o:<\/strong> Design que permite uma manuten\u00e7\u00e3o pr\u00e1tica e eficiente, otimizando os processos cl\u00ednicos.<\/li>\n<\/ul>\n<\/div>\n<\/div>\n<\/div>\n","protected":false},"excerpt":{"rendered":"<p>A <strong>C\u00e9lula de Oxig\u00eanio<\/strong> foi projetada para atender \u00e0s demandas mais exigentes de monitoramento de oxig\u00eanio em ventiladores pulmonares e equipamentos de anestesia.<\/p>\n<p>&nbsp;<\/p>","protected":false},"featured_media":28618,"template":"","meta":{"_acf_changed":false},"product_brand":[],"product_cat":[23],"product_tag":[],"class_list":{"0":"post-3500","1":"product","2":"type-product","3":"status-publish","4":"has-post-thumbnail","6":"product_cat-celulas-de-oxigenio","8":"first","9":"instock","10":"virtual","11":"taxable","12":"purchasable","13":"product-type-simple"},"acf":[],"_links":{"self":[{"href":"https:\/\/www.protec.com.br\/es\/wp-json\/wp\/v2\/product\/3500","targetHints":{"allow":["GET"]}}],"collection":[{"href":"https:\/\/www.protec.com.br\/es\/wp-json\/wp\/v2\/product"}],"about":[{"href":"https:\/\/www.protec.com.br\/es\/wp-json\/wp\/v2\/types\/product"}],"version-history":[{"count":4,"href":"https:\/\/www.protec.com.br\/es\/wp-json\/wp\/v2\/product\/3500\/revisions"}],"predecessor-version":[{"id":43937,"href":"https:\/\/www.protec.com.br\/es\/wp-json\/wp\/v2\/product\/3500\/revisions\/43937"}],"wp:featuredmedia":[{"embeddable":true,"href":"https:\/\/www.protec.com.br\/es\/wp-json\/wp\/v2\/media\/28618"}],"wp:attachment":[{"href":"https:\/\/www.protec.com.br\/es\/wp-json\/wp\/v2\/media?parent=3500"}],"wp:term":[{"taxonomy":"product_brand","embeddable":true,"href":"https:\/\/www.protec.com.br\/es\/wp-json\/wp\/v2\/product_brand?post=3500"},{"taxonomy":"product_cat","embeddable":true,"href":"https:\/\/www.protec.com.br\/es\/wp-json\/wp\/v2\/product_cat?post=3500"},{"taxonomy":"product_tag","embeddable":true,"href":"https:\/\/www.protec.com.br\/es\/wp-json\/wp\/v2\/product_tag?post=3500"}],"curies":[{"name":"wp","href":"https:\/\/api.w.org\/{rel}","templated":true}]}}