{"id":33814,"date":"2024-09-18T10:34:59","date_gmt":"2024-09-18T13:34:59","guid":{"rendered":"https:\/\/www.protec.com.br\/?post_type=product&#038;p=33814"},"modified":"2026-02-19T17:02:19","modified_gmt":"2026-02-19T20:02:19","slug":"modulo-pressao-invasiva","status":"publish","type":"product","link":"https:\/\/www.protec.com.br\/es\/producto\/modulo-pressao-invasiva\/","title":{"rendered":"M\u00d3DULO PRESS\u00c3O INVASIVA"},"content":{"rendered":"<p>Os m\u00f3dulos externos possuem sistema plug and play, onde permite o auto ajuste da tela assim que conectado aos monitores (RD12M e RD15M), fornecendo uma grande flexibilidade com diversas op\u00e7\u00f5es de par\u00e2metros extras sendo: PNI \/ PANI, PI, D\u00e9bito Card\u00edaco, Capnografia, Oximetria Nellcor Oximax, Transmissor Neuro-Muscular (TNM), \u00cdndice Bispectral (BIS) e Analisador de agentes anest\u00e9sicos.<\/p>\n<p>&nbsp;<\/p>\n<p><strong>RMS:<\/strong> 80209920019<\/p>","protected":false},"excerpt":{"rendered":"<p>Os m\u00f3dulos externos possuem sistema plug and play, onde permite o auto ajuste da tela assim que conectado aos monitores (RD12M e RD15M), fornecendo uma grande flexibilidade com diversas op\u00e7\u00f5es de par\u00e2metros extras sendo: PNI \/ PANI, PI, D\u00e9bito Card\u00edaco, Capnografia, Oximetria Nellcor Oximax, Transmissor Neuro-Muscular (TNM), \u00cdndice Bispectral (BIS) e Analisador de agentes anest\u00e9sicos.<\/p>\n<p>&nbsp;<\/p>\n<p><strong>RMS:<\/strong> 80209920019<\/p>","protected":false},"featured_media":28520,"template":"","meta":{"_acf_changed":false},"product_brand":[],"product_cat":[527],"product_tag":[],"class_list":{"0":"post-33814","1":"product","2":"type-product","3":"status-publish","4":"has-post-thumbnail","6":"product_cat-modulos-externos","8":"first","9":"instock","10":"taxable","11":"shipping-taxable","12":"purchasable","13":"product-type-simple"},"acf":[],"_links":{"self":[{"href":"https:\/\/www.protec.com.br\/es\/wp-json\/wp\/v2\/product\/33814","targetHints":{"allow":["GET"]}}],"collection":[{"href":"https:\/\/www.protec.com.br\/es\/wp-json\/wp\/v2\/product"}],"about":[{"href":"https:\/\/www.protec.com.br\/es\/wp-json\/wp\/v2\/types\/product"}],"version-history":[{"count":0,"href":"https:\/\/www.protec.com.br\/es\/wp-json\/wp\/v2\/product\/33814\/revisions"}],"wp:featuredmedia":[{"embeddable":true,"href":"https:\/\/www.protec.com.br\/es\/wp-json\/wp\/v2\/media\/28520"}],"wp:attachment":[{"href":"https:\/\/www.protec.com.br\/es\/wp-json\/wp\/v2\/media?parent=33814"}],"wp:term":[{"taxonomy":"product_brand","embeddable":true,"href":"https:\/\/www.protec.com.br\/es\/wp-json\/wp\/v2\/product_brand?post=33814"},{"taxonomy":"product_cat","embeddable":true,"href":"https:\/\/www.protec.com.br\/es\/wp-json\/wp\/v2\/product_cat?post=33814"},{"taxonomy":"product_tag","embeddable":true,"href":"https:\/\/www.protec.com.br\/es\/wp-json\/wp\/v2\/product_tag?post=33814"}],"curies":[{"name":"wp","href":"https:\/\/api.w.org\/{rel}","templated":true}]}}