{"id":33804,"date":"2024-09-18T09:35:11","date_gmt":"2024-09-18T12:35:11","guid":{"rendered":"https:\/\/www.protec.com.br\/?post_type=product&#038;p=33804"},"modified":"2026-02-19T17:02:14","modified_gmt":"2026-02-19T20:02:14","slug":"monitor-multiparametrico-modular-rd12m","status":"publish","type":"product","link":"https:\/\/www.protec.com.br\/es\/producto\/monitor-multiparametrico-modular-rd12m\/","title":{"rendered":"MONITOR MODULAR MULTIPARAMETRICO RD12M"},"content":{"rendered":"<div>Desarrollado con tecnolog\u00eda de punta 100% nacional, el monitor multiparam\u00e9trico modular RD12 cuenta con un dise\u00f1o moderno e innovador y una pantalla t\u00e1ctil de 12\u201d con excelente resoluci\u00f3n, que permite una amplia visi\u00f3n de todas las curvas y trazos.<\/div>\n<div>Ligero y compacto, se adapta a los entornos m\u00e1s diversos, desde triaje hasta unidades de cuidados intensivos de alta complejidad. La amplia gama de par\u00e1metros permite una evaluaci\u00f3n completa de los pacientes.<\/div>\n<div><\/div>\n<div><strong>RMS:<\/strong> 80435140063<\/div>","protected":false},"excerpt":{"rendered":"<p>El monitor modular RD12M (pantalla de 12\u201d),  adem\u00e1s del conjunto de\npar\u00e1metros est\u00e1ndar, seg\u00fan los m\u00f3dulos internos instalados, vienen con dos ranuras para m\u00f3dulos \nexternos, con sistema plug and play, donde la pantalla se autoajusta tan pronto como se conecta el \nm\u00f3dulo, lo que proporciona una gran flexibilidad con varias opciones de par\u00e1metros adicionales.<\/p>\n<p>&nbsp;<\/p>\n<p><strong>RMS:<\/strong> 80435140063<\/p>","protected":false},"featured_media":33805,"template":"","meta":{"_acf_changed":false},"product_brand":[],"product_cat":[299,26],"product_tag":[],"class_list":{"0":"post-33804","1":"product","2":"type-product","3":"status-publish","4":"has-post-thumbnail","6":"product_cat-monitores-multiparametricos","7":"product_cat-menu-monitores","9":"first","10":"instock","11":"taxable","12":"shipping-taxable","13":"purchasable","14":"product-type-simple"},"acf":[],"_links":{"self":[{"href":"https:\/\/www.protec.com.br\/es\/wp-json\/wp\/v2\/product\/33804","targetHints":{"allow":["GET"]}}],"collection":[{"href":"https:\/\/www.protec.com.br\/es\/wp-json\/wp\/v2\/product"}],"about":[{"href":"https:\/\/www.protec.com.br\/es\/wp-json\/wp\/v2\/types\/product"}],"version-history":[{"count":0,"href":"https:\/\/www.protec.com.br\/es\/wp-json\/wp\/v2\/product\/33804\/revisions"}],"wp:featuredmedia":[{"embeddable":true,"href":"https:\/\/www.protec.com.br\/es\/wp-json\/wp\/v2\/media\/33805"}],"wp:attachment":[{"href":"https:\/\/www.protec.com.br\/es\/wp-json\/wp\/v2\/media?parent=33804"}],"wp:term":[{"taxonomy":"product_brand","embeddable":true,"href":"https:\/\/www.protec.com.br\/es\/wp-json\/wp\/v2\/product_brand?post=33804"},{"taxonomy":"product_cat","embeddable":true,"href":"https:\/\/www.protec.com.br\/es\/wp-json\/wp\/v2\/product_cat?post=33804"},{"taxonomy":"product_tag","embeddable":true,"href":"https:\/\/www.protec.com.br\/es\/wp-json\/wp\/v2\/product_tag?post=33804"}],"curies":[{"name":"wp","href":"https:\/\/api.w.org\/{rel}","templated":true}]}}