{"id":33766,"date":"2024-09-17T12:25:42","date_gmt":"2024-09-17T15:25:42","guid":{"rendered":"https:\/\/www.protec.com.br\/?post_type=product&#038;p=33766"},"modified":"2026-02-12T12:19:25","modified_gmt":"2026-02-12T15:19:25","slug":"aspirador-cirurgico-evolution-5000-2","status":"publish","type":"product","link":"https:\/\/www.protec.com.br\/es\/producto\/aspirador-cirurgico-evolution-5000-2\/","title":{"rendered":"ASPIRADOR CIR\u00daRGICO EVOLUTION 5000 COM FRASCO 5 LITROS"},"content":{"rendered":"<div class=\"hide-scrollbar markdown prose relative w-full max-w-none overflow-x-scroll break-words text-base leading-7 first:mt-0 prose-headings:first:mt-0 prose-strong:font-bold prose-thead:font-bold light:text-[#3E4247] dark:text-[#EBEBEB] prose-headings:light:text-[#3E4247] animate-typing\">\n<div>\n<div>\n<h2 class=\"mb-2 mt-4 text-[1.5rem]\/[2.25rem] font-bold\">Aspirador Cir\u00fargico El\u00e9trico Evolution 5.000 \u2013 Inova\u00e7\u00e3o e Alta Performance em Aspira\u00e7\u00e3o M\u00e9dica<\/h2>\n<\/div>\n<\/div>\n<\/div>\n<div class=\"hide-scrollbar markdown prose relative w-full max-w-none overflow-x-scroll break-words text-base leading-7 first:mt-0 prose-headings:first:mt-0 prose-strong:font-bold prose-thead:font-bold light:text-[#3E4247] dark:text-[#EBEBEB] prose-headings:light:text-[#3E4247]\">\n<div>\n<div>\n<p class=\"mb-3 mt-0\" data-copy-text=\"true\">O <strong>Aspirador Cir\u00fargico El\u00e9trico Evolution 5.000<\/strong> foi desenvolvido para atender com m\u00e1xima efici\u00eancia e seguran\u00e7a \u00e0s necessidades dos profissionais da \u00e1rea da sa\u00fade durante procedimentos cl\u00ednicos e tratamentos que exigem sistemas de v\u00e1cuo para a remo\u00e7\u00e3o de secre\u00e7\u00f5es. Ele \u00e9 uma solu\u00e7\u00e3o moderna e funcional, projetada para elevar o padr\u00e3o de qualidade em aspira\u00e7\u00e3o cir\u00fargica e contribuir para o sucesso de diversas aplica\u00e7\u00f5es m\u00e9dicas.<\/p>\n<p class=\"mb-3 mt-0\" data-copy-text=\"true\"><strong>Indica\u00e7\u00f5es de Uso<\/strong><\/p>\n<\/div>\n<\/div>\n<\/div>\n<div class=\"hide-scrollbar markdown prose relative w-full max-w-none overflow-x-scroll break-words text-base leading-7 first:mt-0 prose-headings:first:mt-0 prose-strong:font-bold prose-thead:font-bold light:text-[#3E4247] dark:text-[#EBEBEB] prose-headings:light:text-[#3E4247]\">\n<div>\n<div>\n<p class=\"mb-3 mt-0\" data-copy-text=\"true\">O aspirador Evolution 5.000 \u00e9 indicado para diversas aplica\u00e7\u00f5es m\u00e9dicas, como:<\/p>\n<\/div>\n<\/div>\n<\/div>\n<div class=\"hide-scrollbar markdown prose relative w-full max-w-none overflow-x-scroll break-words text-base leading-7 first:mt-0 prose-headings:first:mt-0 prose-strong:font-bold prose-thead:font-bold light:text-[#3E4247] dark:text-[#EBEBEB] prose-headings:light:text-[#3E4247]\">\n<div>\n<div>\n<ul class=\"mb-2 mt-0\">\n<li class=\"my-[5px] first:mt-0 last:mb-0\" data-copy-text=\"true\"><strong>Aspira\u00e7\u00e3o Cir\u00fargica:<\/strong> Oferece suporte essencial em procedimentos que exigem a remo\u00e7\u00e3o r\u00e1pida e eficaz de fluidos, garantindo a limpeza e o campo cir\u00fargico adequado para que os profissionais trabalhem com maior precis\u00e3o.<\/li>\n<li class=\"my-[5px] first:mt-0 last:mb-0\" data-copy-text=\"true\"><strong>Aspira\u00e7\u00e3o de Vias A\u00e9reas:<\/strong> Ideal para situa\u00e7\u00f5es que envolvem pacientes com dificuldade respirat\u00f3ria ou ac\u00famulo de secre\u00e7\u00f5es nas vias a\u00e9reas superiores.<\/li>\n<li class=\"my-[5px] first:mt-0 last:mb-0\" data-copy-text=\"true\"><strong>Outras Aplica\u00e7\u00f5es M\u00e9dicas:<\/strong> Vers\u00e1til, ele pode ser empregado em setores variados, como emerg\u00eancias, UTI, cl\u00ednicas e consult\u00f3rios, proporcionando o suporte necess\u00e1rio para o manejo de secre\u00e7\u00f5es em diferentes contextos.<\/li>\n<\/ul>\n<p><strong>Alta Performance e Efici\u00eancia<\/strong><\/p>\n<\/div>\n<\/div>\n<\/div>\n<div class=\"hide-scrollbar markdown prose relative w-full max-w-none overflow-x-scroll break-words text-base leading-7 first:mt-0 prose-headings:first:mt-0 prose-strong:font-bold prose-thead:font-bold light:text-[#3E4247] dark:text-[#EBEBEB] prose-headings:light:text-[#3E4247]\">\n<div>\n<div>\n<p class=\"mb-3 mt-0\" data-copy-text=\"true\">O Evolution 5.000 foi projetado para atender \u00e0 alta demanda de aspira\u00e7\u00e3o de forma cont\u00ednua e confi\u00e1vel, proporcionando resultados extremamente satisfat\u00f3rios em todos os procedimentos. Sua robustez e tecnologia resultam em:<\/p>\n<\/div>\n<\/div>\n<\/div>\n<div class=\"hide-scrollbar markdown prose relative w-full max-w-none overflow-x-scroll break-words text-base leading-7 first:mt-0 prose-headings:first:mt-0 prose-strong:font-bold prose-thead:font-bold light:text-[#3E4247] dark:text-[#EBEBEB] prose-headings:light:text-[#3E4247]\">\n<div>\n<div>\n<ul class=\"mb-2 mt-0\">\n<li class=\"my-[5px] first:mt-0 last:mb-0\" data-copy-text=\"true\"><strong>Velocidade e Pot\u00eancia de Aspira\u00e7\u00e3o:<\/strong> O sistema de v\u00e1cuo do aspirador \u00e9 potente e conta com a tecnologia de ponta que permite r\u00e1pida suc\u00e7\u00e3o de fluidos, sejam eles l\u00edquidos, espessos ou outras secre\u00e7\u00f5es.<\/li>\n<li class=\"my-[5px] first:mt-0 last:mb-0\" data-copy-text=\"true\"><strong>Funcionamento Silencioso:<\/strong> Seu motor el\u00e9trico foi projetado para operar de forma discreta e est\u00e1vel, assegurando um ambiente tranquilo para os profissionais da sa\u00fade e os pacientes.<\/li>\n<li class=\"my-[5px] first:mt-0 last:mb-0\" data-copy-text=\"true\"><strong>Resist\u00eancia e Durabilidade:<\/strong> Constru\u00eddo com materiais de alta qualidade, o aspirador Evolution 5.000 \u00e9 altamente resistente, garantindo longa vida \u00fatil, mesmo sob uso intenso e cont\u00ednuo.<\/li>\n<\/ul>\n<p><strong>Seguran\u00e7a para Profissionais e Pacientes<\/strong><\/p>\n<\/div>\n<\/div>\n<\/div>\n<div class=\"hide-scrollbar markdown prose relative w-full max-w-none overflow-x-scroll break-words text-base leading-7 first:mt-0 prose-headings:first:mt-0 prose-strong:font-bold prose-thead:font-bold light:text-[#3E4247] dark:text-[#EBEBEB] prose-headings:light:text-[#3E4247]\">\n<div>\n<div>\n<p class=\"mb-3 mt-0\" data-copy-text=\"true\">A seguran\u00e7a \u00e9 um dos pilares fundamentais do design do Evolution 5.000. Cada componente foi desenvolvido para proporcionar um ambiente de trabalho seguro e eficiente:<\/p>\n<\/div>\n<\/div>\n<\/div>\n<div class=\"hide-scrollbar markdown prose relative w-full max-w-none overflow-x-scroll break-words text-base leading-7 first:mt-0 prose-headings:first:mt-0 prose-strong:font-bold prose-thead:font-bold light:text-[#3E4247] dark:text-[#EBEBEB] prose-headings:light:text-[#3E4247]\">\n<div>\n<div>\n<ul class=\"mb-2 mt-0\">\n<li class=\"my-[5px] first:mt-0 last:mb-0\" data-copy-text=\"true\"><strong>Sistema Anti-Refluxo:<\/strong> O aspirador conta com mecanismos que previnem o retorno do fluido ao paciente ou ao equipamento, minimizando riscos de contamina\u00e7\u00e3o.<\/li>\n<li class=\"my-[5px] first:mt-0 last:mb-0\" data-copy-text=\"true\"><strong>F\u00e1cil Desinfec\u00e7\u00e3o:<\/strong> Seu design modular permite desmontagem pr\u00e1tica, possibilitando uma higieniza\u00e7\u00e3o r\u00e1pida e completa dos componentes que entram em contato direto com os fluidos aspirados. Isso \u00e9 essencial para garantir a seguran\u00e7a em cada uso.<\/li>\n<li class=\"my-[5px] first:mt-0 last:mb-0\" data-copy-text=\"true\"><strong>Filtros de Alta Efici\u00eancia:<\/strong> Equipado com filtros avan\u00e7ados que impedem a passagem de part\u00edculas e contaminantes para o ambiente, assegurando um ar mais limpo e maior prote\u00e7\u00e3o.<\/li>\n<\/ul>\n<p><strong>Ergonomia e Facilidade de Uso<\/strong><\/p>\n<\/div>\n<\/div>\n<\/div>\n<div class=\"hide-scrollbar markdown prose relative w-full max-w-none overflow-x-scroll break-words text-base leading-7 first:mt-0 prose-headings:first:mt-0 prose-strong:font-bold prose-thead:font-bold light:text-[#3E4247] dark:text-[#EBEBEB] prose-headings:light:text-[#3E4247]\">\n<div>\n<div>\n<p class=\"mb-3 mt-0\" data-copy-text=\"true\">Pensando no dia a dia dos profissionais da sa\u00fade, o Evolution 5.000 foi projetado para aliar funcionalidade, praticidade e conforto:<\/p>\n<\/div>\n<\/div>\n<\/div>\n<div class=\"hide-scrollbar markdown prose relative w-full max-w-none overflow-x-scroll break-words text-base leading-7 first:mt-0 prose-headings:first:mt-0 prose-strong:font-bold prose-thead:font-bold light:text-[#3E4247] dark:text-[#EBEBEB] prose-headings:light:text-[#3E4247]\">\n<div>\n<div>\n<ul class=\"mb-2 mt-0\">\n<li class=\"my-[5px] first:mt-0 last:mb-0\" data-copy-text=\"true\"><strong>Design Compacto e Port\u00e1til:<\/strong> Leve e f\u00e1cil de transportar, o aspirador pode ser utilizado em diferentes ambientes, desde consult\u00f3rios at\u00e9 centros cir\u00fargicos e servi\u00e7os de emerg\u00eancia.<\/li>\n<li class=\"my-[5px] first:mt-0 last:mb-0\" data-copy-text=\"true\"><strong>Interface Intuitiva:<\/strong> Seu painel de controle \u00e9 simples e de f\u00e1cil opera\u00e7\u00e3o, permitindo ajustes r\u00e1pidos e precisos, mesmo em situa\u00e7\u00f5es de alta complexidade.<\/li>\n<li class=\"my-[5px] first:mt-0 last:mb-0\" data-copy-text=\"true\"><strong>Conectividade com Diversos Acess\u00f3rios:<\/strong> Compat\u00edvel com uma ampla variedade de reservat\u00f3rios e conex\u00f5es, aumentando ainda mais sua flexibilidade de uso.<\/li>\n<\/ul>\n<p><strong>Compromisso com a Qualidade<\/strong><\/p>\n<\/div>\n<\/div>\n<\/div>\n<div class=\"hide-scrollbar markdown prose relative w-full max-w-none overflow-x-scroll break-words text-base leading-7 first:mt-0 prose-headings:first:mt-0 prose-strong:font-bold prose-thead:font-bold light:text-[#3E4247] dark:text-[#EBEBEB] prose-headings:light:text-[#3E4247]\"><\/div>\n<div class=\"hide-scrollbar markdown prose relative w-full max-w-none overflow-x-scroll break-words text-base leading-7 first:mt-0 prose-headings:first:mt-0 prose-strong:font-bold prose-thead:font-bold light:text-[#3E4247] dark:text-[#EBEBEB] prose-headings:light:text-[#3E4247]\">\n<div>O <strong>Aspirador Cir\u00fargico El\u00e9trico Evolution 5.000<\/strong> cumpre rigorosos padr\u00f5es de qualidade e \u00e9 certificado por \u00f3rg\u00e3os competentes na \u00e1rea m\u00e9dica. Esse compromisso com a excel\u00eancia faz dele uma escolha confi\u00e1vel para m\u00e9dicos, cirurgi\u00f5es e outros profissionais que buscam equipamento de \u00faltima gera\u00e7\u00e3o para complementar sua pr\u00e1tica cl\u00ednica.<\/div>\n<\/div>\n<p><a href=\"https:\/\/www.protec.com.br\/categoria-produto\/aspiradores-cirurgicos-evolution\/\">Clique aqui<\/a> e conhe\u00e7a toda a linha de aspiradores cir\u00fargicos Evolution<\/p>\n<p><a href=\"https:\/\/protecexport.ac-page.com\/download-catalogo-de-produtos-2024-2025\" target=\"_blank\" rel=\"noopener\">Clique aqui<\/a> e fa\u00e7a download do cat\u00e1logo de produtos completo<\/p>\n","protected":false},"excerpt":{"rendered":"<p>El <strong>Aspirador Cir\u00fargico El\u00e9trico Evolution 5.000<\/strong> foi desenvolvido para atender com m\u00e1xima efici\u00eancia e seguran\u00e7a \u00e0s necessidades dos profissionais da \u00e1rea da sa\u00fade durante procedimentos cl\u00ednicos e tratamentos que exigem sistemas de v\u00e1cuo para a remo\u00e7\u00e3o de secre\u00e7\u00f5es.<\/p>","protected":false},"featured_media":39661,"template":"","meta":{"_acf_changed":false},"product_brand":[],"product_cat":[22,219],"product_tag":[],"class_list":{"0":"post-33766","1":"product","2":"type-product","3":"status-publish","4":"has-post-thumbnail","6":"product_cat-aspiradores-cirurgicos","7":"product_cat-aspirador-cirurgico-evolution-5000","9":"first","10":"instock","11":"taxable","12":"shipping-taxable","13":"purchasable","14":"product-type-simple"},"acf":[],"_links":{"self":[{"href":"https:\/\/www.protec.com.br\/es\/wp-json\/wp\/v2\/product\/33766","targetHints":{"allow":["GET"]}}],"collection":[{"href":"https:\/\/www.protec.com.br\/es\/wp-json\/wp\/v2\/product"}],"about":[{"href":"https:\/\/www.protec.com.br\/es\/wp-json\/wp\/v2\/types\/product"}],"version-history":[{"count":4,"href":"https:\/\/www.protec.com.br\/es\/wp-json\/wp\/v2\/product\/33766\/revisions"}],"predecessor-version":[{"id":39671,"href":"https:\/\/www.protec.com.br\/es\/wp-json\/wp\/v2\/product\/33766\/revisions\/39671"}],"wp:featuredmedia":[{"embeddable":true,"href":"https:\/\/www.protec.com.br\/es\/wp-json\/wp\/v2\/media\/39661"}],"wp:attachment":[{"href":"https:\/\/www.protec.com.br\/es\/wp-json\/wp\/v2\/media?parent=33766"}],"wp:term":[{"taxonomy":"product_brand","embeddable":true,"href":"https:\/\/www.protec.com.br\/es\/wp-json\/wp\/v2\/product_brand?post=33766"},{"taxonomy":"product_cat","embeddable":true,"href":"https:\/\/www.protec.com.br\/es\/wp-json\/wp\/v2\/product_cat?post=33766"},{"taxonomy":"product_tag","embeddable":true,"href":"https:\/\/www.protec.com.br\/es\/wp-json\/wp\/v2\/product_tag?post=33766"}],"curies":[{"name":"wp","href":"https:\/\/api.w.org\/{rel}","templated":true}]}}