{"id":3344,"date":"2020-03-30T20:32:48","date_gmt":"2020-03-30T23:32:48","guid":{"rendered":"https:\/\/projeto.online\/protec\/?post_type=product&#038;p=3344"},"modified":"2026-02-16T13:51:12","modified_gmt":"2026-02-16T16:51:12","slug":"conjunto-para-nebulizacao-continua","status":"publish","type":"product","link":"https:\/\/www.protec.com.br\/es\/producto\/conjunto-para-nebulizacao-continua\/","title":{"rendered":"CONJUNTO NEBULIZACAO SILICONE INFANTIL AR 1200MM"},"content":{"rendered":"<p>Os Conjuntos para nebuliza\u00e7\u00e3o Protec s\u00e3o de uso hospitalar e s\u00e3o utilizados no aux\u00edlio e no tratamento de pacientes com problemas ou dificuldades respirat\u00f3rias. S\u00e3o comumente encontrados nos Prontos Socorros, UTI, Ambul\u00e2ncias, Home Care, Recupera\u00e7\u00e3o p\u00f3s Anest\u00e9sica entre outras.<\/p>\n<p>&nbsp;<\/p>\n<p>&nbsp;<\/p>","protected":false},"excerpt":{"rendered":"<p>Indicado para utiliza\u00e7\u00e3o em servi\u00e7os de baixa press\u00e3o, utilizando oxig\u00eanio ou ar comprimido, o conjunto para nebuliza\u00e7\u00e3o cont\u00ednua possibilita a oxigena\u00e7\u00e3o direta ao paciente atrav\u00e9s das atividade de inala\u00e7\u00e3o e aplica\u00e7\u00e3o de medicamentos vaporizados e umidificados com o objetivo de enriquecer o g\u00e1s inalado pelo paciente.<\/p>\n<p><strong>RMS:<\/strong> 80435140019 (Conjunto com traqueia de Silicone)<\/p>","protected":false},"featured_media":28610,"template":"","meta":{"_acf_changed":false},"product_brand":[],"product_cat":[228,25],"product_tag":[175,180,197,179,166],"class_list":{"0":"post-3344","1":"product","2":"type-product","3":"status-publish","4":"has-post-thumbnail","6":"product_cat-conjunto-para-nebulizacao-continua","7":"product_cat-menu-inaloterapia","8":"product_tag-ar","9":"product_tag-conjunto-para-nebulizacao-continua","10":"product_tag-infantil","11":"product_tag-oxigenio","12":"product_tag-silicone","14":"first","15":"instock","16":"virtual","17":"taxable","18":"purchasable","19":"product-type-simple"},"acf":[],"_links":{"self":[{"href":"https:\/\/www.protec.com.br\/es\/wp-json\/wp\/v2\/product\/3344","targetHints":{"allow":["GET"]}}],"collection":[{"href":"https:\/\/www.protec.com.br\/es\/wp-json\/wp\/v2\/product"}],"about":[{"href":"https:\/\/www.protec.com.br\/es\/wp-json\/wp\/v2\/types\/product"}],"version-history":[{"count":1,"href":"https:\/\/www.protec.com.br\/es\/wp-json\/wp\/v2\/product\/3344\/revisions"}],"predecessor-version":[{"id":41824,"href":"https:\/\/www.protec.com.br\/es\/wp-json\/wp\/v2\/product\/3344\/revisions\/41824"}],"wp:featuredmedia":[{"embeddable":true,"href":"https:\/\/www.protec.com.br\/es\/wp-json\/wp\/v2\/media\/28610"}],"wp:attachment":[{"href":"https:\/\/www.protec.com.br\/es\/wp-json\/wp\/v2\/media?parent=3344"}],"wp:term":[{"taxonomy":"product_brand","embeddable":true,"href":"https:\/\/www.protec.com.br\/es\/wp-json\/wp\/v2\/product_brand?post=3344"},{"taxonomy":"product_cat","embeddable":true,"href":"https:\/\/www.protec.com.br\/es\/wp-json\/wp\/v2\/product_cat?post=3344"},{"taxonomy":"product_tag","embeddable":true,"href":"https:\/\/www.protec.com.br\/es\/wp-json\/wp\/v2\/product_tag?post=3344"}],"curies":[{"name":"wp","href":"https:\/\/api.w.org\/{rel}","templated":true}]}}