{"id":3308,"date":"2020-03-30T17:03:17","date_gmt":"2020-03-30T20:03:17","guid":{"rendered":"https:\/\/projeto.online\/protec\/?post_type=product&#038;p=3308"},"modified":"2026-02-13T10:38:05","modified_gmt":"2026-02-13T13:38:05","slug":"frasco-para-aspiracao-poliprolipeno","status":"publish","type":"product","link":"https:\/\/www.protec.com.br\/es\/producto\/frasco-para-aspiracao-poliprolipeno\/","title":{"rendered":"FRASCO PARA ASPIRA\u00c7\u00c3O 5 LITROS (POLIPROPILENO)"},"content":{"rendered":"<div class=\"hide-scrollbar markdown prose relative w-full max-w-none overflow-x-scroll break-words text-base leading-7 first:mt-0 prose-headings:first:mt-0 prose-strong:font-bold prose-thead:font-bold light:text-[#3E4247] dark:text-[#EBEBEB] prose-headings:light:text-[#3E4247]\">\n<div>\n<div>\n<p class=\"mb-3 mt-0\" data-copy-text=\"true\"><strong>Frasco para Aspira\u00e7\u00e3o 5 Litros em Polipropileno (PP) Protec<\/strong><\/p>\n<\/div>\n<\/div>\n<\/div>\n<div class=\"hide-scrollbar markdown prose relative w-full max-w-none overflow-x-scroll break-words text-base leading-7 first:mt-0 prose-headings:first:mt-0 prose-strong:font-bold prose-thead:font-bold light:text-[#3E4247] dark:text-[#EBEBEB] prose-headings:light:text-[#3E4247]\">\n<div>\n<div>\n<p class=\"mb-3 mt-0\" data-copy-text=\"true\">O <strong>Frasco para Aspira\u00e7\u00e3o 5 Litros em Polipropileno (PP)<\/strong> da Protec, a resposta definitiva para otimizar seus procedimentos de coleta de secre\u00e7\u00f5es. Projetado para superar as expectativas, este <strong>frasco coletor m\u00e9dico-hospitalar<\/strong> \u00e9 a escolha ideal para garantir a biosseguran\u00e7a e a performance em ambientes cr\u00edticos.<\/p>\n<\/div>\n<\/div>\n<\/div>\n<div class=\"hide-scrollbar markdown prose relative w-full max-w-none overflow-x-scroll break-words text-base leading-7 first:mt-0 prose-headings:first:mt-0 prose-strong:font-bold prose-thead:font-bold light:text-[#3E4247] dark:text-[#EBEBEB] prose-headings:light:text-[#3E4247]\">\n<div>\n<div>\n<p class=\"mb-3 mt-0\" data-copy-text=\"true\"><strong>Inova\u00e7\u00e3o e Qualidade Superior<\/strong><\/p>\n<p data-copy-text=\"true\"><strong>Frasco para aspira\u00e7\u00e3o em Polipropileno (PP)<\/strong> de alta performance. Diferente de outras op\u00e7\u00f5es no mercado, nosso <strong>frasco de aspira\u00e7\u00e3o<\/strong> \u00e9 integralmente confeccionado em PP \u2013 corpo, tampa e componentes internos como o Kit Boia. Essa escolha estrat\u00e9gica confere uma resist\u00eancia extraordin\u00e1ria a impactos, produtos qu\u00edmicos e varia\u00e7\u00f5es de temperatura, assegurando uma vida \u00fatil prolongada e uma performance consistente. A veda\u00e7\u00e3o herm\u00e9tica, garantida por an\u00e9is de silicone e borracha nitr\u00edlica, \u00e9 um pilar da biosseguran\u00e7a, prevenindo vazamentos e contamina\u00e7\u00f5es cruzadas. Para voc\u00ea, isso significa um investimento inteligente que reduz custos com reposi\u00e7\u00e3o e aumenta a confiabilidade di\u00e1ria.<\/p>\n<\/div>\n<\/div>\n<\/div>\n<div class=\"hide-scrollbar markdown prose relative w-full max-w-none overflow-x-scroll break-words text-base leading-7 first:mt-0 prose-headings:first:mt-0 prose-strong:font-bold prose-thead:font-bold light:text-[#3E4247] dark:text-[#EBEBEB] prose-headings:light:text-[#3E4247]\">\n<div>\n<div>\n<p class=\"mb-3 mt-0\" data-copy-text=\"true\"><strong>Capacidade e Versatilidade<\/strong><\/p>\n<\/div>\n<\/div>\n<\/div>\n<div class=\"hide-scrollbar markdown prose relative w-full max-w-none overflow-x-scroll break-words text-base leading-7 first:mt-0 prose-headings:first:mt-0 prose-strong:font-bold prose-thead:font-bold light:text-[#3E4247] dark:text-[#EBEBEB] prose-headings:light:text-[#3E4247]\">\n<div>\n<div>\n<p class=\"mb-3 mt-0\" data-copy-text=\"true\">O <strong>Frasco para Aspira\u00e7\u00e3o Protec<\/strong> foi desenvolvido para otimizar o fluxo de trabalho em procedimentos que exigem coleta volumosa ou prolongada de secre\u00e7\u00f5es. Seja em cirurgias, UTIs, enfermarias ou em atendimentos de urg\u00eancia, este <strong>frasco coletor<\/strong> minimiza interrup\u00e7\u00f5es para esvaziamento, permitindo que a equipe de sa\u00fade mantenha o foco no paciente. Sua compatibilidade universal com diversos <strong>equipamentos de aspira\u00e7\u00e3o<\/strong> torna-o um componente vers\u00e1til e indispens\u00e1vel para qualquer institui\u00e7\u00e3o.<\/p>\n<\/div>\n<\/div>\n<\/div>\n<div class=\"hide-scrollbar markdown prose relative w-full max-w-none overflow-x-scroll break-words text-base leading-7 first:mt-0 prose-headings:first:mt-0 prose-strong:font-bold prose-thead:font-bold light:text-[#3E4247] dark:text-[#EBEBEB] prose-headings:light:text-[#3E4247]\">\n<div>\n<div>\n<p class=\"mb-3 mt-0\" data-copy-text=\"true\"><strong>Biosseguran\u00e7a Simplificada: Guia Essencial de Higieniza\u00e7\u00e3o<\/strong><\/p>\n<\/div>\n<\/div>\n<\/div>\n<div class=\"hide-scrollbar markdown prose relative w-full max-w-none overflow-x-scroll break-words text-base leading-7 first:mt-0 prose-headings:first:mt-0 prose-strong:font-bold prose-thead:font-bold light:text-[#3E4247] dark:text-[#EBEBEB] prose-headings:light:text-[#3E4247]\">\n<div>\n<div>\n<p class=\"mb-3 mt-0\" data-copy-text=\"true\">A manuten\u00e7\u00e3o da assepsia \u00e9 facilitada com o <strong>Frasco para Aspira\u00e7\u00e3o em PP Protec<\/strong>. Pensando na rotina exigente do ambiente hospitalar, o design permite uma desmontagem pr\u00e1tica para uma limpeza profunda e eficiente. Para a higieniza\u00e7\u00e3o di\u00e1ria, utilize \u00e1gua corrente e sab\u00e3o neutro. Para desinfec\u00e7\u00e3o e esteriliza\u00e7\u00e3o, o frasco \u00e9 compat\u00edvel com m\u00e9todos seguros e eficazes:<\/p>\n<\/div>\n<\/div>\n<\/div>\n<div class=\"hide-scrollbar markdown prose relative w-full max-w-none overflow-x-scroll break-words text-base leading-7 first:mt-0 prose-headings:first:mt-0 prose-strong:font-bold prose-thead:font-bold light:text-[#3E4247] dark:text-[#EBEBEB] prose-headings:light:text-[#3E4247]\">\n<div>\n<div>\n<ul class=\"mb-2 mt-0\">\n<li class=\"my-[5px] first:mt-0 last:mb-0\" data-copy-text=\"true\"><strong>Desinfec\u00e7\u00e3o:<\/strong> \u00c1cido Perac\u00e9tico (1% para alto n\u00edvel, 0,5% para baixo n\u00edvel).<\/li>\n<li class=\"my-[5px] first:mt-0 last:mb-0\" data-copy-text=\"true\"><strong>Esteriliza\u00e7\u00e3o:<\/strong> \u00d3xido de Etileno (EtO) a 60\u00b0C.<\/li>\n<\/ul>\n<\/div>\n<\/div>\n<\/div>\n<div class=\"hide-scrollbar markdown prose relative w-full max-w-none overflow-x-scroll break-words text-base leading-7 first:mt-0 prose-headings:first:mt-0 prose-strong:font-bold prose-thead:font-bold light:text-[#3E4247] dark:text-[#EBEBEB] prose-headings:light:text-[#3E4247]\">\n<p class=\"mb-3 mt-0\" data-copy-text=\"true\"><strong>Por Que Escolher o Frasco de Aspira\u00e7\u00e3o Protec?<\/strong><\/p>\n<\/div>\n<div class=\"hide-scrollbar markdown prose relative w-full max-w-none overflow-x-scroll break-words text-base leading-7 first:mt-0 prose-headings:first:mt-0 prose-strong:font-bold prose-thead:font-bold light:text-[#3E4247] dark:text-[#EBEBEB] prose-headings:light:text-[#3E4247]\">\n<div>\n<div>\n<ul class=\"mb-2 mt-0\">\n<li class=\"my-[5px] first:mt-0 last:mb-0\" data-copy-text=\"true\"><strong>Seguran\u00e7a M\u00e1xima:<\/strong> Fabricado com materiais de alta qualidade e veda\u00e7\u00e3o eficaz, minimizando riscos.<\/li>\n<li class=\"my-[5px] first:mt-0 last:mb-0\" data-copy-text=\"true\"><strong>Durabilidade Comprovada:<\/strong> Polipropileno (PP) de excel\u00eancia para uso cont\u00ednuo e resistente.<\/li>\n<li class=\"my-[5px] first:mt-0 last:mb-0\" data-copy-text=\"true\"><strong>Efici\u00eancia Operacional:<\/strong> Capacidade de 5 litros e f\u00e1cil higieniza\u00e7\u00e3o para otimizar o tempo da equipe.<\/li>\n<li class=\"my-[5px] first:mt-0 last:mb-0\" data-copy-text=\"true\"><strong>Conformidade Regulat\u00f3ria:<\/strong> Produto registrado na ANVISA, garantia de um produto confi\u00e1vel.<\/li>\n<li class=\"my-[5px] first:mt-0 last:mb-0\" data-copy-text=\"true\"><strong>Suporte Protec:<\/strong> Conte com a experi\u00eancia de uma marca l\u00edder em equipamentos m\u00e9dico-hospitalares.<\/li>\n<\/ul>\n<p><a href=\"https:\/\/www.protec.com.br\/categoria-produto\/frasco-para-aspiracao\/\">Clique aqui<\/a> e conhe\u00e7a toda a linha de Frascos para aspira\u00e7\u00e3o Protec<\/p>\n<p><a href=\"https:\/\/protecexport.ac-page.com\/download-catalogo-de-produtos-2024-2025\" target=\"_blank\" rel=\"noopener\">Clique aqui<\/a>\u00a0e fa\u00e7a download do cat\u00e1logo de produtos completo<\/p>\n<\/div>\n<\/div>\n<\/div>\n","protected":false},"excerpt":{"rendered":"<p>La botella de aspiraci\u00f3n fabricada en Polipropileno (PP) con una capacidad de 5 litros. Dise\u00f1ado para ser utilizado en conjunto con una bomba de aspiraci\u00f3n quir\u00fargica, su finalidad es almacenar l\u00edquidos, secreciones y sangre durante procedimientos m\u00e9dico quir\u00fargicos hospitalarios o cl\u00ednicos.<\/p>\n<p>&nbsp;<\/p>","protected":false},"featured_media":28606,"template":"","meta":{"_acf_changed":false},"product_brand":[],"product_cat":[220],"product_tag":[],"class_list":{"0":"post-3308","1":"product","2":"type-product","3":"status-publish","4":"has-post-thumbnail","6":"product_cat-frasco-para-aspiracao","8":"first","9":"instock","10":"virtual","11":"taxable","12":"purchasable","13":"product-type-simple"},"acf":[],"_links":{"self":[{"href":"https:\/\/www.protec.com.br\/es\/wp-json\/wp\/v2\/product\/3308","targetHints":{"allow":["GET"]}}],"collection":[{"href":"https:\/\/www.protec.com.br\/es\/wp-json\/wp\/v2\/product"}],"about":[{"href":"https:\/\/www.protec.com.br\/es\/wp-json\/wp\/v2\/types\/product"}],"version-history":[{"count":4,"href":"https:\/\/www.protec.com.br\/es\/wp-json\/wp\/v2\/product\/3308\/revisions"}],"predecessor-version":[{"id":39706,"href":"https:\/\/www.protec.com.br\/es\/wp-json\/wp\/v2\/product\/3308\/revisions\/39706"}],"wp:featuredmedia":[{"embeddable":true,"href":"https:\/\/www.protec.com.br\/es\/wp-json\/wp\/v2\/media\/28606"}],"wp:attachment":[{"href":"https:\/\/www.protec.com.br\/es\/wp-json\/wp\/v2\/media?parent=3308"}],"wp:term":[{"taxonomy":"product_brand","embeddable":true,"href":"https:\/\/www.protec.com.br\/es\/wp-json\/wp\/v2\/product_brand?post=3308"},{"taxonomy":"product_cat","embeddable":true,"href":"https:\/\/www.protec.com.br\/es\/wp-json\/wp\/v2\/product_cat?post=3308"},{"taxonomy":"product_tag","embeddable":true,"href":"https:\/\/www.protec.com.br\/es\/wp-json\/wp\/v2\/product_tag?post=3308"}],"curies":[{"name":"wp","href":"https:\/\/api.w.org\/{rel}","templated":true}]}}