{"id":3302,"date":"2020-03-30T16:55:22","date_gmt":"2020-03-30T19:55:22","guid":{"rendered":"https:\/\/projeto.online\/protec\/?post_type=product&#038;p=3302"},"modified":"2026-02-12T12:26:06","modified_gmt":"2026-02-12T15:26:06","slug":"frasco-para-aspiracao-15-litros","status":"publish","type":"product","link":"https:\/\/www.protec.com.br\/es\/producto\/frasco-para-aspiracao-15-litros\/","title":{"rendered":"FRASCO PARA ASPIRA\u00c7\u00c3O 1,5 LITROS"},"content":{"rendered":"<p>La botella de aspiraci\u00f3n de 1,5 litros fabricada en PP, dise\u00f1ada para usarse junto con una bomba de aspiraci\u00f3n quir\u00fargica, est\u00e1 destinada a almacenar l\u00edquidos, secreciones y sangre aspirada durante un procedimiento quir\u00fargico hospitalario o cl\u00ednico.<\/p>\n<p>Fabricado en polipropileno autoclavable a 121\u00b0C, posee graduaciones en alto relieve, facilitando la visualizaci\u00f3n y lectura del volumen aspirado. Su tap\u00f3n se vende por separado y tiene cierre de rosca, asegurando as\u00ed un mejor sellado de la botella de aspiraci\u00f3n.<\/p>","protected":false},"excerpt":{"rendered":"<p>Os frascos para aspira\u00e7\u00e3o foram desenvolvidos para uso em equipamentos de aspira\u00e7\u00e3o, realizando a coleta de<br \/>\nsecre\u00e7\u00e3o durante o procedimento m\u00e9dico-hospitalar.<\/p>\n<p><strong>RMS:<\/strong> 80435140007<\/p>","protected":false},"featured_media":28605,"template":"","meta":{"_acf_changed":false},"product_brand":[],"product_cat":[220],"product_tag":[130,185,190,191],"class_list":{"0":"post-3302","1":"product","2":"type-product","3":"status-publish","4":"has-post-thumbnail","6":"product_cat-frasco-para-aspiracao","7":"product_tag-aspiracao","8":"product_tag-frasco","9":"product_tag-frasco-para-aspiracao","10":"product_tag-frasco-para-aspiracao-de-secrecoes","12":"first","13":"instock","14":"virtual","15":"taxable","16":"purchasable","17":"product-type-simple"},"acf":[],"_links":{"self":[{"href":"https:\/\/www.protec.com.br\/es\/wp-json\/wp\/v2\/product\/3302","targetHints":{"allow":["GET"]}}],"collection":[{"href":"https:\/\/www.protec.com.br\/es\/wp-json\/wp\/v2\/product"}],"about":[{"href":"https:\/\/www.protec.com.br\/es\/wp-json\/wp\/v2\/types\/product"}],"version-history":[{"count":1,"href":"https:\/\/www.protec.com.br\/es\/wp-json\/wp\/v2\/product\/3302\/revisions"}],"predecessor-version":[{"id":42362,"href":"https:\/\/www.protec.com.br\/es\/wp-json\/wp\/v2\/product\/3302\/revisions\/42362"}],"wp:featuredmedia":[{"embeddable":true,"href":"https:\/\/www.protec.com.br\/es\/wp-json\/wp\/v2\/media\/28605"}],"wp:attachment":[{"href":"https:\/\/www.protec.com.br\/es\/wp-json\/wp\/v2\/media?parent=3302"}],"wp:term":[{"taxonomy":"product_brand","embeddable":true,"href":"https:\/\/www.protec.com.br\/es\/wp-json\/wp\/v2\/product_brand?post=3302"},{"taxonomy":"product_cat","embeddable":true,"href":"https:\/\/www.protec.com.br\/es\/wp-json\/wp\/v2\/product_cat?post=3302"},{"taxonomy":"product_tag","embeddable":true,"href":"https:\/\/www.protec.com.br\/es\/wp-json\/wp\/v2\/product_tag?post=3302"}],"curies":[{"name":"wp","href":"https:\/\/api.w.org\/{rel}","templated":true}]}}