{"id":32305,"date":"2024-07-31T09:58:34","date_gmt":"2024-07-31T12:58:34","guid":{"rendered":"https:\/\/beta.alcinfotech.com.br\/?post_type=product&#038;p=32305"},"modified":"2026-02-13T12:49:38","modified_gmt":"2026-02-13T15:49:38","slug":"painel-regua-tipo-calha-ar","status":"publish","type":"product","link":"https:\/\/www.protec.com.br\/es\/producto\/painel-regua-tipo-calha-ar\/","title":{"rendered":"PAINEL R\u00c9GUA 3 PONTOS"},"content":{"rendered":"<p><strong>C\u00d3D. 003770<\/strong><\/p>\n<p>O painel r\u00e9gua para rede de gases medicinais com tr\u00eas pontos de oxig\u00eanio foi projetado para a distribui\u00e7\u00e3o de pontos de apoio de gases medicinais nos mais diversos locais.<\/p>\n<p>Este kit pode ser utilizado em ambul\u00e2ncias, postos de enfermagem, salas cir\u00fargicas, clinicas, consult\u00f3rios m\u00e9dicos, salas de emerg\u00eancia, entre outros locais.<\/p>","protected":false},"excerpt":{"rendered":"<p>O painel r\u00e9gua tipo calha possui perfil confeccionado em alum\u00ednio anodizado e \u00e9 indicado para distribuir a rede de gases em pontos de apoio. A quantidade de pontos, tipo de g\u00e1s e tamanho do painel \u00e9 definido em fun\u00e7\u00e3o da necessidade de cada cliente.<\/p>\n<p><strong>RMS:<\/strong> 80435149002<\/p>","protected":false},"featured_media":36484,"template":"","meta":{"_acf_changed":false},"product_brand":[],"product_cat":[263],"product_tag":[504,505],"class_list":{"0":"post-32305","1":"product","2":"type-product","3":"status-publish","4":"has-post-thumbnail","6":"product_cat-painel-regua","7":"product_tag-painel-aluminio","8":"product_tag-painel-regua","10":"first","11":"instock","12":"taxable","13":"shipping-taxable","14":"purchasable","15":"product-type-simple"},"acf":[],"_links":{"self":[{"href":"https:\/\/www.protec.com.br\/es\/wp-json\/wp\/v2\/product\/32305","targetHints":{"allow":["GET"]}}],"collection":[{"href":"https:\/\/www.protec.com.br\/es\/wp-json\/wp\/v2\/product"}],"about":[{"href":"https:\/\/www.protec.com.br\/es\/wp-json\/wp\/v2\/types\/product"}],"version-history":[{"count":1,"href":"https:\/\/www.protec.com.br\/es\/wp-json\/wp\/v2\/product\/32305\/revisions"}],"predecessor-version":[{"id":43388,"href":"https:\/\/www.protec.com.br\/es\/wp-json\/wp\/v2\/product\/32305\/revisions\/43388"}],"wp:featuredmedia":[{"embeddable":true,"href":"https:\/\/www.protec.com.br\/es\/wp-json\/wp\/v2\/media\/36484"}],"wp:attachment":[{"href":"https:\/\/www.protec.com.br\/es\/wp-json\/wp\/v2\/media?parent=32305"}],"wp:term":[{"taxonomy":"product_brand","embeddable":true,"href":"https:\/\/www.protec.com.br\/es\/wp-json\/wp\/v2\/product_brand?post=32305"},{"taxonomy":"product_cat","embeddable":true,"href":"https:\/\/www.protec.com.br\/es\/wp-json\/wp\/v2\/product_cat?post=32305"},{"taxonomy":"product_tag","embeddable":true,"href":"https:\/\/www.protec.com.br\/es\/wp-json\/wp\/v2\/product_tag?post=32305"}],"curies":[{"name":"wp","href":"https:\/\/api.w.org\/{rel}","templated":true}]}}