{"id":32136,"date":"2024-07-22T11:59:16","date_gmt":"2024-07-22T14:59:16","guid":{"rendered":"https:\/\/beta.alcinfotech.com.br\/?post_type=product&#038;p=32136"},"modified":"2026-02-19T17:02:19","modified_gmt":"2026-02-19T20:02:19","slug":"simulador-optico-hs30-hsf","status":"publish","type":"product","link":"https:\/\/www.protec.com.br\/es\/producto\/simulador-optico-hs30-hsf\/","title":{"rendered":"SIMULADOR \u00d3PTICO PARA HS30"},"content":{"rendered":"<p>O simulador \u00f3ptico de oximetria HSF \u00e9 o mais novo acess\u00f3rio do simulador multifuncional HS30. Este pequeno, mas poderoso acess\u00f3rio, adiciona a capacidade de simula\u00e7\u00e3o \u00f3ptica ao simulador HS30, permitindo a verifica\u00e7\u00e3o simult\u00e2nea do sensor de oximetria e do ox\u00edmetro.<\/p>","protected":false},"excerpt":{"rendered":"<p>O simulador \u00f3ptico de oximetria HSF \u00e9 o mais novo acess\u00f3rio do simulador multifuncional HS30. Este pequeno, mas poderoso acess\u00f3rio, adiciona a capacidade de simula\u00e7\u00e3o \u00f3ptica ao simulador HS30, permitindo a verifica\u00e7\u00e3o simult\u00e2nea do sensor de oximetria e do ox\u00edmetro.<\/p>","protected":false},"featured_media":32149,"template":"","meta":{"_acf_changed":false},"product_brand":[],"product_cat":[491,456],"product_tag":[],"class_list":{"0":"post-32136","1":"product","2":"type-product","3":"status-publish","4":"has-post-thumbnail","6":"product_cat-acessorios-hs30","7":"product_cat-rd-mediq","9":"first","10":"instock","11":"taxable","12":"shipping-taxable","13":"purchasable","14":"product-type-simple"},"acf":[],"_links":{"self":[{"href":"https:\/\/www.protec.com.br\/es\/wp-json\/wp\/v2\/product\/32136","targetHints":{"allow":["GET"]}}],"collection":[{"href":"https:\/\/www.protec.com.br\/es\/wp-json\/wp\/v2\/product"}],"about":[{"href":"https:\/\/www.protec.com.br\/es\/wp-json\/wp\/v2\/types\/product"}],"version-history":[{"count":1,"href":"https:\/\/www.protec.com.br\/es\/wp-json\/wp\/v2\/product\/32136\/revisions"}],"predecessor-version":[{"id":44004,"href":"https:\/\/www.protec.com.br\/es\/wp-json\/wp\/v2\/product\/32136\/revisions\/44004"}],"wp:featuredmedia":[{"embeddable":true,"href":"https:\/\/www.protec.com.br\/es\/wp-json\/wp\/v2\/media\/32149"}],"wp:attachment":[{"href":"https:\/\/www.protec.com.br\/es\/wp-json\/wp\/v2\/media?parent=32136"}],"wp:term":[{"taxonomy":"product_brand","embeddable":true,"href":"https:\/\/www.protec.com.br\/es\/wp-json\/wp\/v2\/product_brand?post=32136"},{"taxonomy":"product_cat","embeddable":true,"href":"https:\/\/www.protec.com.br\/es\/wp-json\/wp\/v2\/product_cat?post=32136"},{"taxonomy":"product_tag","embeddable":true,"href":"https:\/\/www.protec.com.br\/es\/wp-json\/wp\/v2\/product_tag?post=32136"}],"curies":[{"name":"wp","href":"https:\/\/api.w.org\/{rel}","templated":true}]}}