{"id":31725,"date":"2024-07-19T15:53:07","date_gmt":"2024-07-19T18:53:07","guid":{"rendered":"https:\/\/beta.alcinfotech.com.br\/?post_type=product&#038;p=31725"},"modified":"2026-02-19T17:02:14","modified_gmt":"2026-02-19T20:02:14","slug":"analisador-as1000-seguranca-eletrica","status":"publish","type":"product","link":"https:\/\/www.protec.com.br\/es\/producto\/analisador-as1000-seguranca-eletrica\/","title":{"rendered":"AS1000 ANALISADOR DE SEGURAN\u00c7A EL\u00c9TRICA"},"content":{"rendered":"<p>O Analisador de Seguran\u00e7a El\u00e9trica AS1000 foi projetado para verificar a seguran\u00e7a el\u00e9trica de equipamentos eletrom\u00e9dicos.<\/p>\n<p>Port\u00e1til, compacto e completo realiza os principais testes de seguran\u00e7a el\u00e9trica ABNT IEC 60601-1 e ABNT IEC 62353, incluindo at\u00e9 mesmo a medi\u00e7\u00e3o de resist\u00eancia do cabo de aterramento. Afim de aumentar a produtividade do operador, o AS1000 possibilita, a partir da elabora\u00e7\u00e3o de perfis para os equipamentos a serem ensaiados, uma completa automatiza\u00e7\u00e3o dos testes, ou seja, determina automaticamente todos os ensaios e configura\u00e7\u00f5es exigidos e recomendados pelas normas al\u00e9m dos limites, por elas estabelecidos, para cada um desses ensaios.<\/p>\n<p>Com display gr\u00e1fico sens\u00edvel ao toque e interface simples e intuitiva, o AS1000 possibilita, mesmo sem conex\u00e3o ao computador, o armazenamento de sequ\u00eancias de ensaios program\u00e1veis, realiza a coleta, interpreta\u00e7\u00e3o, formaliza\u00e7\u00e3o de dados e emite laudo ao final do ensaio.<\/p>","protected":false},"excerpt":{"rendered":"<p>O Analisador de Seguran\u00e7a El\u00e9trica AS1000 foi projetado para verificar a seguran\u00e7a el\u00e9trica de equipamentos eletrom\u00e9dicos.<\/p>\n<p>Port\u00e1til, compacto e completo realiza os principais testes de seguran\u00e7a el\u00e9trica ABNT IEC 60601-1 e ABNT IEC 62353, incluindo at\u00e9 mesmo a medi\u00e7\u00e3o de resist\u00eancia do cabo de aterramento. Afim de aumentar a produtividade do operador, o AS1000 possibilita, a partir da elabora\u00e7\u00e3o de perfis para os equipamentos a serem ensaiados, uma completa automatiza\u00e7\u00e3o dos testes, ou seja, determina automaticamente todos os ensaios e configura\u00e7\u00f5es exigidos e recomendados pelas normas al\u00e9m dos limites, por elas estabelecidos, para cada um desses ensaios.<\/p>\n<p>Com display gr\u00e1fico sens\u00edvel ao toque e interface simples e intuitiva, o AS1000 possibilita, mesmo sem conex\u00e3o ao computador, o armazenamento de sequ\u00eancias de ensaios program\u00e1veis, realiza a coleta, interpreta\u00e7\u00e3o, formaliza\u00e7\u00e3o de dados e emite laudo ao final do ensaio.<\/p>","protected":false},"featured_media":32437,"template":"","meta":{"_acf_changed":false},"product_brand":[],"product_cat":[480,20,456],"product_tag":[],"class_list":{"0":"post-31725","1":"product","2":"type-product","3":"status-publish","4":"has-post-thumbnail","6":"product_cat-analisador-de-seguranca-eletrica","7":"product_cat-analisadores","8":"product_cat-rd-mediq","10":"first","11":"instock","12":"taxable","13":"shipping-taxable","14":"purchasable","15":"product-type-simple"},"acf":[],"_links":{"self":[{"href":"https:\/\/www.protec.com.br\/es\/wp-json\/wp\/v2\/product\/31725","targetHints":{"allow":["GET"]}}],"collection":[{"href":"https:\/\/www.protec.com.br\/es\/wp-json\/wp\/v2\/product"}],"about":[{"href":"https:\/\/www.protec.com.br\/es\/wp-json\/wp\/v2\/types\/product"}],"version-history":[{"count":1,"href":"https:\/\/www.protec.com.br\/es\/wp-json\/wp\/v2\/product\/31725\/revisions"}],"predecessor-version":[{"id":43939,"href":"https:\/\/www.protec.com.br\/es\/wp-json\/wp\/v2\/product\/31725\/revisions\/43939"}],"wp:featuredmedia":[{"embeddable":true,"href":"https:\/\/www.protec.com.br\/es\/wp-json\/wp\/v2\/media\/32437"}],"wp:attachment":[{"href":"https:\/\/www.protec.com.br\/es\/wp-json\/wp\/v2\/media?parent=31725"}],"wp:term":[{"taxonomy":"product_brand","embeddable":true,"href":"https:\/\/www.protec.com.br\/es\/wp-json\/wp\/v2\/product_brand?post=31725"},{"taxonomy":"product_cat","embeddable":true,"href":"https:\/\/www.protec.com.br\/es\/wp-json\/wp\/v2\/product_cat?post=31725"},{"taxonomy":"product_tag","embeddable":true,"href":"https:\/\/www.protec.com.br\/es\/wp-json\/wp\/v2\/product_tag?post=31725"}],"curies":[{"name":"wp","href":"https:\/\/api.w.org\/{rel}","templated":true}]}}