{"id":31708,"date":"2024-07-19T15:05:46","date_gmt":"2024-07-19T18:05:46","guid":{"rendered":"https:\/\/beta.alcinfotech.com.br\/?post_type=product&#038;p=31708"},"modified":"2026-02-19T17:17:58","modified_gmt":"2026-02-19T20:17:58","slug":"suporte-1-braco-monitor-rd10-mdry","status":"publish","type":"product","link":"https:\/\/www.protec.com.br\/es\/producto\/suporte-1-braco-monitor-rd10-mdry\/","title":{"rendered":"SUPORTE COM 1 BRA\u00c7O ARTICUL\u00c1VEL RD10 E MDRY"},"content":{"rendered":"<p>Essencial para otimizar o espa\u00e7o e tornar os ambientes mais funcionais, al\u00e9m de garantir a seguran\u00e7a do paciente, e evitar que equipamentos caiam e gerem acidentes.<\/p>","protected":false},"excerpt":{"rendered":"<p>Essencial para otimizar o espa\u00e7o e tornar os ambientes mais funcionais, al\u00e9m de garantir a seguran\u00e7a do paciente, e evitar que equipamentos caiam e gerem acidentes.<\/p>","protected":false},"featured_media":31709,"template":"","meta":{"_acf_changed":false},"product_brand":[],"product_cat":[492],"product_tag":[],"class_list":{"0":"post-31708","1":"product","2":"type-product","3":"status-publish","4":"has-post-thumbnail","6":"product_cat-suporte-braco-articulado","8":"first","9":"instock","10":"taxable","11":"shipping-taxable","12":"purchasable","13":"product-type-simple"},"acf":[],"_links":{"self":[{"href":"https:\/\/www.protec.com.br\/es\/wp-json\/wp\/v2\/product\/31708","targetHints":{"allow":["GET"]}}],"collection":[{"href":"https:\/\/www.protec.com.br\/es\/wp-json\/wp\/v2\/product"}],"about":[{"href":"https:\/\/www.protec.com.br\/es\/wp-json\/wp\/v2\/types\/product"}],"version-history":[{"count":2,"href":"https:\/\/www.protec.com.br\/es\/wp-json\/wp\/v2\/product\/31708\/revisions"}],"predecessor-version":[{"id":44041,"href":"https:\/\/www.protec.com.br\/es\/wp-json\/wp\/v2\/product\/31708\/revisions\/44041"}],"wp:featuredmedia":[{"embeddable":true,"href":"https:\/\/www.protec.com.br\/es\/wp-json\/wp\/v2\/media\/31709"}],"wp:attachment":[{"href":"https:\/\/www.protec.com.br\/es\/wp-json\/wp\/v2\/media?parent=31708"}],"wp:term":[{"taxonomy":"product_brand","embeddable":true,"href":"https:\/\/www.protec.com.br\/es\/wp-json\/wp\/v2\/product_brand?post=31708"},{"taxonomy":"product_cat","embeddable":true,"href":"https:\/\/www.protec.com.br\/es\/wp-json\/wp\/v2\/product_cat?post=31708"},{"taxonomy":"product_tag","embeddable":true,"href":"https:\/\/www.protec.com.br\/es\/wp-json\/wp\/v2\/product_tag?post=31708"}],"curies":[{"name":"wp","href":"https:\/\/api.w.org\/{rel}","templated":true}]}}