{"id":31646,"date":"2024-07-19T08:44:22","date_gmt":"2024-07-19T11:44:22","guid":{"rendered":"https:\/\/beta.alcinfotech.com.br\/?post_type=product&#038;p=31646"},"modified":"2026-02-12T11:37:59","modified_gmt":"2026-02-12T14:37:59","slug":"tenda-acrilico-pequena","status":"publish","type":"product","link":"https:\/\/www.protec.com.br\/es\/producto\/tenda-acrilico-pequena\/","title":{"rendered":"TENDA ACR\u00cdLICO PEQUENA"},"content":{"rendered":"<p>As tendas e capacetes para oxigenoterapia s\u00e3o confeccionados em acr\u00edlico transparente, garantindo visualiza\u00e7\u00e3o interna de qualquer ponto. Possuem abertura superior, estilo tampa, que facilita o monitoramento dos pacientes que est\u00e3o em tratamento com alta concentra\u00e7\u00e3o de O2 ou umidifica\u00e7\u00e3o.<\/p>\n<p><strong>Indicado para neonato com peso de at\u00e9 1 a 3,5kg<\/strong><\/p>\n<p><strong>RMS:<\/strong> 80435140003<\/p>","protected":false},"excerpt":{"rendered":"<p>As tendas e capacetes para oxigenoterapia s\u00e3o confeccionados em acr\u00edlico transparente, garantindo visualiza\u00e7\u00e3o interna de qualquer ponto. Possuem abertura superior, estilo tampa, que facilita o monitoramento dos pacientes que est\u00e3o em tratamento com alta concentra\u00e7\u00e3o de O2 ou umidifica\u00e7\u00e3o.<\/p>\n<p><strong>Indicado para neonato com peso de at\u00e9 1 a 3,5kg<\/strong><\/p>\n<p><strong>RMS:<\/strong> 80435140003<\/p>","protected":false},"featured_media":31649,"template":"","meta":{"_acf_changed":false},"product_brand":[],"product_cat":[25,323,333],"product_tag":[],"class_list":{"0":"post-31646","1":"product","2":"type-product","3":"status-publish","4":"has-post-thumbnail","6":"product_cat-menu-inaloterapia","7":"product_cat-inaloterapia","8":"product_cat-tendas-e-capacetes-para-oxigenoterapia","10":"first","11":"instock","12":"taxable","13":"shipping-taxable","14":"purchasable","15":"product-type-simple"},"acf":[],"_links":{"self":[{"href":"https:\/\/www.protec.com.br\/es\/wp-json\/wp\/v2\/product\/31646","targetHints":{"allow":["GET"]}}],"collection":[{"href":"https:\/\/www.protec.com.br\/es\/wp-json\/wp\/v2\/product"}],"about":[{"href":"https:\/\/www.protec.com.br\/es\/wp-json\/wp\/v2\/types\/product"}],"version-history":[{"count":3,"href":"https:\/\/www.protec.com.br\/es\/wp-json\/wp\/v2\/product\/31646\/revisions"}],"predecessor-version":[{"id":43590,"href":"https:\/\/www.protec.com.br\/es\/wp-json\/wp\/v2\/product\/31646\/revisions\/43590"}],"wp:featuredmedia":[{"embeddable":true,"href":"https:\/\/www.protec.com.br\/es\/wp-json\/wp\/v2\/media\/31649"}],"wp:attachment":[{"href":"https:\/\/www.protec.com.br\/es\/wp-json\/wp\/v2\/media?parent=31646"}],"wp:term":[{"taxonomy":"product_brand","embeddable":true,"href":"https:\/\/www.protec.com.br\/es\/wp-json\/wp\/v2\/product_brand?post=31646"},{"taxonomy":"product_cat","embeddable":true,"href":"https:\/\/www.protec.com.br\/es\/wp-json\/wp\/v2\/product_cat?post=31646"},{"taxonomy":"product_tag","embeddable":true,"href":"https:\/\/www.protec.com.br\/es\/wp-json\/wp\/v2\/product_tag?post=31646"}],"curies":[{"name":"wp","href":"https:\/\/api.w.org\/{rel}","templated":true}]}}