{"id":31641,"date":"2024-07-19T08:21:28","date_gmt":"2024-07-19T11:21:28","guid":{"rendered":"https:\/\/beta.alcinfotech.com.br\/?post_type=product&#038;p=31641"},"modified":"2026-02-12T11:36:48","modified_gmt":"2026-02-12T14:36:48","slug":"capacete-para-oxigenoterapia-pequeno-2","status":"publish","type":"product","link":"https:\/\/www.protec.com.br\/es\/producto\/capacete-para-oxigenoterapia-pequeno-2\/","title":{"rendered":"CAPACETE PARA OXIGENOTERAPIA PEQUENO"},"content":{"rendered":"<p>Capacete para Oxigenoterapia Pequeno, \u00e9 uma solu\u00e7\u00e3o eficiente e confort\u00e1vel para terapias de oxig\u00eanio. Confeccionado em acr\u00edlico transparente de alta qualidade, este capacete oferece durabilidade, transpar\u00eancia e seguran\u00e7a, proporcionando uma experi\u00eancia superior para pacientes e profissionais de sa\u00fade.<\/p>\n<p>Possui abertura superior, estilo tampa, que facilita o monitoramento dos pacientes que est\u00e3o em tratamento com alta concentra\u00e7\u00e3o de O2 ou umidifica\u00e7\u00e3o.<\/p>\n<p>El\u00a0<strong>capacete para oxigenoterapia<\/strong>\u00a0\u00e9 uma inova\u00e7\u00e3o significativa no campo da medicina respirat\u00f3ria, especialmente para pacientes que necessitam de suporte ventilat\u00f3rio n\u00e3o invasivo. Diferente das m\u00e1scaras tradicionais, o capacete oferece um m\u00e9todo mais confort\u00e1vel e eficiente para a administra\u00e7\u00e3o de oxig\u00eanio, minimizando os riscos associados a outros dispositivos.<\/p>\n<p>O capacete para oxigenoterapia t\u00eam se mostrado altamente eficaz no tratamento de v\u00e1rias condi\u00e7\u00f5es respirat\u00f3rias, como pneumonia, COVID-19, DPOC (Doen\u00e7a Pulmonar Obstrutiva Cr\u00f4nica) e insufici\u00eancia respirat\u00f3ria.<\/p>\n<p>&nbsp;<\/p>\n<p>&nbsp;<\/p>","protected":false},"excerpt":{"rendered":"<p>O capacete para oxigenoterapia \u00e9 confeccionado em acr\u00edlico transparente, garantindo visualiza\u00e7\u00e3o interna de qualquer ponto. Possui abertura superior, estilo tampa, que facilita o monitoramento dos pacientes que est\u00e3o em tratamento com alta concentra\u00e7\u00e3o de O2 ou umidifica\u00e7\u00e3o.<\/p>\n<p><strong>Indicado para neonato com peso de at\u00e9 1kg<\/strong><\/p>\n<p><strong>RMS:<\/strong>\u00a080435140003<\/p>","protected":false},"featured_media":31642,"template":"","meta":{"_acf_changed":false},"product_brand":[],"product_cat":[25,323,333],"product_tag":[],"class_list":{"0":"post-31641","1":"product","2":"type-product","3":"status-publish","4":"has-post-thumbnail","6":"product_cat-menu-inaloterapia","7":"product_cat-inaloterapia","8":"product_cat-tendas-e-capacetes-para-oxigenoterapia","10":"first","11":"instock","12":"taxable","13":"shipping-taxable","14":"purchasable","15":"product-type-simple"},"acf":[],"_links":{"self":[{"href":"https:\/\/www.protec.com.br\/es\/wp-json\/wp\/v2\/product\/31641","targetHints":{"allow":["GET"]}}],"collection":[{"href":"https:\/\/www.protec.com.br\/es\/wp-json\/wp\/v2\/product"}],"about":[{"href":"https:\/\/www.protec.com.br\/es\/wp-json\/wp\/v2\/types\/product"}],"version-history":[{"count":1,"href":"https:\/\/www.protec.com.br\/es\/wp-json\/wp\/v2\/product\/31641\/revisions"}],"predecessor-version":[{"id":42723,"href":"https:\/\/www.protec.com.br\/es\/wp-json\/wp\/v2\/product\/31641\/revisions\/42723"}],"wp:featuredmedia":[{"embeddable":true,"href":"https:\/\/www.protec.com.br\/es\/wp-json\/wp\/v2\/media\/31642"}],"wp:attachment":[{"href":"https:\/\/www.protec.com.br\/es\/wp-json\/wp\/v2\/media?parent=31641"}],"wp:term":[{"taxonomy":"product_brand","embeddable":true,"href":"https:\/\/www.protec.com.br\/es\/wp-json\/wp\/v2\/product_brand?post=31641"},{"taxonomy":"product_cat","embeddable":true,"href":"https:\/\/www.protec.com.br\/es\/wp-json\/wp\/v2\/product_cat?post=31641"},{"taxonomy":"product_tag","embeddable":true,"href":"https:\/\/www.protec.com.br\/es\/wp-json\/wp\/v2\/product_tag?post=31641"}],"curies":[{"name":"wp","href":"https:\/\/api.w.org\/{rel}","templated":true}]}}